{"id":2283,"date":"2021-02-06T17:27:24","date_gmt":"2021-02-06T14:27:24","guid":{"rendered":"http:\/\/www.boyacihamdiusta.com\/?page_id=2283"},"modified":"2021-02-11T19:55:50","modified_gmt":"2021-02-11T16:55:50","slug":"sekerpinar-boyaci","status":"publish","type":"page","link":"http:\/\/www.boyacihamdiusta.com\/index.php\/sekerpinar-boyaci\/","title":{"rendered":"\u015eekerp\u0131nar Boyac\u0131"},"content":{"rendered":"\n<p><strong>\u015eekerp\u0131nar Boyac\u0131 Ustas\u0131<\/strong><\/p>\n\n\n\n<div class=\"wp-block-image wp-image-2206\"><figure class=\"alignleft\"><img loading=\"lazy\" decoding=\"async\" width=\"169\" height=\"300\" src=\"http:\/\/www.boyacihamdiusta.com\/wp-content\/uploads\/2020\/11\/erenkoy-boyaci-ustasi-169x300.jpg\" alt=\"\" class=\"wp-image-2206\" srcset=\"http:\/\/www.boyacihamdiusta.com\/wp-content\/uploads\/2020\/11\/erenkoy-boyaci-ustasi-169x300.jpg 169w, http:\/\/www.boyacihamdiusta.com\/wp-content\/uploads\/2020\/11\/erenkoy-boyaci-ustasi-576x1024.jpg 576w, http:\/\/www.boyacihamdiusta.com\/wp-content\/uploads\/2020\/11\/erenkoy-boyaci-ustasi-768x1365.jpg 768w, http:\/\/www.boyacihamdiusta.com\/wp-content\/uploads\/2020\/11\/erenkoy-boyaci-ustasi-864x1536.jpg 864w, http:\/\/www.boyacihamdiusta.com\/wp-content\/uploads\/2020\/11\/erenkoy-boyaci-ustasi.jpg 900w\" sizes=\"(max-width: 169px) 100vw, 169px\" \/><figcaption>\u015eekerp\u0131nar boyac\u0131 ustas\u0131<\/figcaption><\/figure><\/div>\n\n\n\n<p>Boya ve badana yapt\u0131rma i\u015fi her zaman ailedeki ki\u015filer i\u00e7in zor olan i\u015flerdendir. Bu i\u015fi kolay hale getiren ise kaliteli bir firmadan al\u0131nacak olan hizmettir. Firmam\u0131z <strong>\u015eekerp\u0131nar<\/strong> <strong>boyac\u0131 ustas\u0131, <\/strong>hizmetleriyle kaliteyi sunuyor. Evinizde kirli olan t\u00fcm duvarlar\u0131n\u0131z\u0131 en \u00f6zel materyalleri kullanarak boyamakta ve be\u011feninize uygun hale getirmekteyiz. Kokusuz boya kullan\u0131m\u0131 isteklerinize en kaliteli boyalarla cevap vermekteyiz. Yaln\u0131zca badana alan\u0131nda de\u011fil, dekoratif boya tasar\u0131mlar\u0131 alan\u0131nda da hizmet sunmaktay\u0131z. Badana hizmeti almak istedi\u011finizde firmam\u0131za ula\u015fabilirsiniz.<\/p>\n\n\n\n<p><strong><strong>\u015eekerp\u0131nar<\/strong>&#8216;da Badana Yapan Firmay\u0131z<\/strong><\/p>\n\n\n\n<p>Yap\u0131lar\u0131n\u0131z\u0131n duvarlar\u0131nda olu\u015fan \u00e7atlak ve k\u0131r\u0131k g\u00f6r\u00fcn\u00fcm ile kirli g\u00f6r\u00fcn\u00fcm\u00fc ortadan kald\u0131ran en kaliteli i\u015f\u00e7ilik boya ve badana yapmakt\u0131r. Bu detay\u0131 olu\u015fturmak ise konuyla ilgili bilgisi olmayan ki\u015filer i\u00e7in hem \u00e7ok zor olacak hemde g\u00f6r\u00fcnt\u00fcdeki o kaliteli detay\u0131 olu\u015fturmak m\u00fcmk\u00fcn olmayacakt\u0131r. Firmam\u0131z <strong><strong>\u015eekerp\u0131nar<\/strong> boyac\u0131 ustas\u0131, <\/strong>hizmetleriyle evinizin istedi\u011finiz g\u00f6rsele sahip olmas\u0131n\u0131 sa\u011fl\u0131yor.<\/p>\n\n\n\n<p>Kartonpiyer, bord\u00fcr, al\u00e7\u0131 \u00e7ekimi, silikon boya, ya\u011fl\u0131 boya ve her t\u00fcrl\u00fc boya i\u015flerinizi itina ile yapmaktay\u0131z. Duvarlar\u0131n\u0131zda lekesiz bir temizlik istiyor ve bu temizli\u011fi uzun s\u00fcre kullanmak istiyorsan\u0131z firmam\u0131za ula\u015fabilirsiniz. Kaliteli boya ve kaliteli i\u015f\u00e7ili\u011fimizle sizlere en nitelikli hizmeti sunmaktay\u0131z. Erenk\u00f6y&#8217;de bulunan her t\u00fcrl\u00fc yap\u0131n\u0131z i\u00e7in boya ve badana hizmeti sunmaktay\u0131z.<\/p>\n\n\n\n<p>En kaliteli boya ve badana hizmetini almak i\u00e7in firmam\u0131z\u0131 tercih edebilirsiniz. \u0130\u015fin ehli boyac\u0131 ustalar\u0131m\u0131z sizlerin isteklerine g\u00f6re hizmet sunuyor. Dekorasyon konusunda boya ve badana i\u015fleminin \u00f6nemini bilen bir firmadan hizmet almak i\u00e7in bizlerle ileti\u015fime ge\u00e7ebilirsiniz.<\/p>\n\n\n\n<p><strong><strong>\u015eekerp\u0131nar<\/strong> Boyac\u0131s\u0131<\/strong><\/p>\n\n\n\n<p>Ya\u015fam alanlar\u0131n\u0131za en \u00f6zel g\u00f6rsel detaylar\u0131 eklemek i\u00e7in <strong><strong>\u015eekerp\u0131nar<\/strong> boyac\u0131 ustas\u0131, <\/strong>hizmetlerimizi edinebilirsiniz. Duvarlar\u0131n\u0131zda meydana gelmi\u015f olan \u00e7atlak, kabar\u0131kl\u0131k, a\u015f\u0131nma ve leke gibi her t\u00fcrl\u00fc k\u00f6t\u00fc g\u00f6r\u00fcnt\u00fcy\u00fc nitelikli \u00e7al\u0131\u015fmalar\u0131m\u0131zla yok etmekteyiz. Nitelikli teknik ve \u00e7al\u0131\u015fmalar\u0131m\u0131zla sizlere en kaliteli boya ve badana hizmetlerini sunmaktay\u0131z.<\/p>\n\n\n\n<p>Yaz ve k\u0131\u015f aylar\u0131na \u00f6zel olarak sunmu\u015f oldu\u011fumuz hizmetlerimiz m\u00fc\u015fterilerimizin memnuniyetini sa\u011flayacak skalada sunuluyor. Dekoratif olarak tarz bir ya\u015fam alan\u0131 ve i\u015f merkezleri i\u00e7in boya ve badana i\u015flerinde kalite \u00f6nem ta\u015f\u0131r. Firmam\u0131z bu kaliteyi en nitelikli tekniklerle sunuyor. Erenk\u00f6y&#8217;de ihtiya\u00e7 duydu\u011funuz t\u00fcm mek\u00e2nlar\u0131n\u0131z i\u00e7in boya ve badana hizmeti sunmaktay\u0131z. Bizlerle ileti\u015fime ge\u00e7erek diledi\u011finiz zaman boyama ve badana yapma hizmeti alabilirsiniz.<\/p>\n\n\n\n<p><strong><strong>\u015eekerp\u0131nar<\/strong> \u0130\u00e7erisinde Makul Fiyatl\u0131 Hizmetler<\/strong><\/p>\n\n\n\n<p>Boya ve badana hizmetlerimizde yer zeminlerini ve e\u015fyalar\u0131n\u0131z\u0131 koruyucu hizmet sunmaktay\u0131z. E\u015fyalar\u0131n\u0131z\u0131n boya sebebiyle zarar g\u00f6rmesini engellemekteyiz. Firmam\u0131za ula\u015farak en temiz boyama hizmetlerini alabilirsiniz.<\/p>\n\n\n\n<p>Kaliteli boya malzemesini kullanmakta ve buna ra\u011fmen en uygun fiyatl\u0131 hizmeti sunmaktay\u0131z. Her mevsim firmam\u0131zdan boya ve badana hizmeti almak i\u00e7in bizleri tercih edebilirsiniz. Ev, i\u015f yeri, ofis ve her t\u00fcrl\u00fc alana \u00f6zel boya ve badana hizmeti vermekteyiz. Uygun ve makul fiyatl\u0131 hizmetlerimizden yararlanmak i\u00e7in bizlerle ileti\u015fim kurabilirsiniz.<\/p>\n","protected":false},"excerpt":{"rendered":"<p>\u015eekerp\u0131nar Boyac\u0131 Ustas\u0131 Boya ve badana yapt\u0131rma i\u015fi her zaman ailedeki ki\u015filer i\u00e7in zor olan i\u015flerdendir. Bu i\u015fi kolay hale getiren ise kaliteli bir firmadan al\u0131nacak olan hizmettir. Firmam\u0131z \u015eekerp\u0131nar boyac\u0131 ustas\u0131, hizmetleriyle kaliteyi sunuyor. Evinizde kirli olan t\u00fcm duvarlar\u0131n\u0131z\u0131 en \u00f6zel materyalleri kullanarak boyamakta ve be\u011feninize uygun hale getirmekteyiz. Kokusuz boya kullan\u0131m\u0131 isteklerinize en [&hellip;]<\/p>\n","protected":false},"author":1,"featured_media":0,"parent":0,"menu_order":0,"comment_status":"closed","ping_status":"closed","template":"","meta":{"om_disable_all_campaigns":false,"_monsterinsights_skip_tracking":false,"_monsterinsights_sitenote_active":false,"_monsterinsights_sitenote_note":"","_monsterinsights_sitenote_category":0,"ngg_post_thumbnail":0,"footnotes":""},"class_list":["post-2283","page","type-page","status-publish","hentry"],"aioseo_notices":[],"_links":{"self":[{"href":"http:\/\/www.boyacihamdiusta.com\/index.php\/wp-json\/wp\/v2\/pages\/2283"}],"collection":[{"href":"http:\/\/www.boyacihamdiusta.com\/index.php\/wp-json\/wp\/v2\/pages"}],"about":[{"href":"http:\/\/www.boyacihamdiusta.com\/index.php\/wp-json\/wp\/v2\/types\/page"}],"author":[{"embeddable":true,"href":"http:\/\/www.boyacihamdiusta.com\/index.php\/wp-json\/wp\/v2\/users\/1"}],"replies":[{"embeddable":true,"href":"http:\/\/www.boyacihamdiusta.com\/index.php\/wp-json\/wp\/v2\/comments?post=2283"}],"version-history":[{"count":1,"href":"http:\/\/www.boyacihamdiusta.com\/index.php\/wp-json\/wp\/v2\/pages\/2283\/revisions"}],"predecessor-version":[{"id":2284,"href":"http:\/\/www.boyacihamdiusta.com\/index.php\/wp-json\/wp\/v2\/pages\/2283\/revisions\/2284"}],"wp:attachment":[{"href":"http:\/\/www.boyacihamdiusta.com\/index.php\/wp-json\/wp\/v2\/media?parent=2283"}],"curies":[{"name":"wp","href":"https:\/\/api.w.org\/{rel}","templated":true}]}}