{"id":2302,"date":"2021-05-01T12:59:27","date_gmt":"2021-05-01T09:59:27","guid":{"rendered":"http:\/\/www.boyacihamdiusta.com\/?page_id=2302"},"modified":"2021-05-01T12:59:28","modified_gmt":"2021-05-01T09:59:28","slug":"derince-boyaci-05445127435","status":"publish","type":"page","link":"http:\/\/www.boyacihamdiusta.com\/index.php\/derince-boyaci-05445127435\/","title":{"rendered":"DER\u0130NCE BOYAC\u0130 05445127435"},"content":{"rendered":"\n<figure class=\"wp-block-embed is-type-wp-embed is-provider-boyaci-hamdi-usta wp-block-embed-boyaci-hamdi-usta\"><div class=\"wp-block-embed__wrapper\">\n<blockquote class=\"wp-embedded-content\" data-secret=\"xZWLx74czx\"><a href=\"https:\/\/www.boyacihamdiusta.com\/\">Home<\/a><\/blockquote><iframe loading=\"lazy\" class=\"wp-embedded-content\" sandbox=\"allow-scripts\" security=\"restricted\" style=\"position: absolute; visibility: hidden;\" title=\"&#8220;Home&#8221; &#8212; Boyac\u0131 Hamdi Usta\" src=\"https:\/\/www.boyacihamdiusta.com\/embed\/#?secret=h2o43KWBDg#?secret=xZWLx74czx\" data-secret=\"xZWLx74czx\" width=\"600\" height=\"338\" frameborder=\"0\" marginwidth=\"0\" marginheight=\"0\" scrolling=\"no\"><\/iframe>\n<\/div><figcaption>Boya Nedir<br>Boyan\u0131n tan\u0131m\u0131n\u0131 \u015f\u00f6yle yapabiliriz: Boya, bir maddenin renk vermesi veya korunmas\u0131 i\u00e7in tatbik edilen, dekoratif ve koruyucu kimyasal bir malzemedir. Boya bir\u00e7ok malzemeye uygulanmaktad\u0131r. Demir, sa\u00e7, ah\u015fap, s\u0131va gibi malzemelere boya uygulanabilmektedir. Boya, belli ko\u015fullar alt\u0131nda form\u00fcle edilen ve b\u00fcnyesinde d\u00f6rt as\u0131l unsur bulunan kimyevi bir kar\u0131\u015f\u0131md\u0131r.<br>Ba\u011flay\u0131c\u0131lar<br>Boyaya olan katk\u0131s\u0131n\u0131, sa\u011flaml\u0131k, sertlik, yap\u0131\u015fma, parlakl\u0131k, hava ko\u015fullar\u0131na ve kimyasallara olan diren\u00e7 \u015feklinde s\u0131ralayabiliriz. Solvent u\u00e7mas\u0131 ve reaksiyonu sayesinde s\u0131v\u0131 durumdan kat\u0131 duruma d\u00f6n\u00fc\u015fen ve b\u00f6ylece boya filmini meydana getiren likitlerdir. Ba\u011flay\u0131c\u0131lar boyan\u0131n temel dire\u011fidir ve tipine g\u00f6re boyaya ismini verir.<br>Pigmentler<br>Do\u011fadan safla\u015ft\u0131r\u0131lma veya sentetik yolla elde edilen, \u00e7\u00f6z\u00fcc\u00fcler ve ba\u011flay\u0131c\u0131lar i\u00e7inde \u00e7\u00f6z\u00fclmeyen toz durumdaki kat\u0131 taneciklerdir. Boyaya renk vermesi, parlakl\u0131k vermesi, \u00f6rt\u00fcc\u00fcl\u00fck, fiziki ve kimyasal dayan\u0131kl\u0131l\u0131k sa\u011flamas\u0131 pigmentlerin \u00f6zellikleridir.<br>Pigment \u00f6rnekleri<br>Titanyum dioksit, \u00e7inko oksit, demir oksit.<br><img decoding=\"async\" src=\"http:\/\/www.boyaci.com\/boyaci.jpg\" alt=\"boya boyac\u0131\"><br>Korozyon \u00f6nleyici pigmentler<br>\u00c7inko kromat, \u00e7inko fosfat.Dolgu maddeleri<br>Talk, kalsit, barit.<br>Kimyasal katk\u0131lar<br>Bu kategoride bulunan maddeler de\u011fi\u015fik \u00f6zelliklerde olan ve boyaya \u00e7ok az miktarda dahil olan kimyasallard\u0131r. Katk\u0131 maddelerinin kullan\u0131lma amac\u0131 boyan\u0131n \u00f6zelliklerini iyile\u015ftirmek, istenmeyen de\u011fi\u015fimlerin \u00f6n\u00fcne ge\u00e7mektir. Bu katk\u0131lar\u0131; \u0131slat\u0131c\u0131lar, matla\u015ft\u0131r\u0131c\u0131lar, kurutucular, k\u00f6p\u00fck kesiciler, kaymak kesici, \u00e7\u00f6kme engelleyici, UV \u0131\u015f\u0131nlar\u0131ndan koruyucular, optik beyazla\u015ft\u0131r\u0131c\u0131, antibakteriyeller.<br>\u00c7\u00f6z\u00fcc\u00fcler<br>Boyan\u0131n u\u00e7ucu b\u00f6l\u00fcm\u00fcn\u00fc olu\u015ftururlar. Boyan\u0131n yap\u0131m\u0131 ve uygulanmas\u0131 s\u0131ras\u0131nda, boyan\u0131n \u00f6zelliklerinde herhangi bir de\u011fi\u015fiklik yapmadan incelten s\u0131v\u0131lard\u0131r. Bunlar; toluen, ksilen, white sprit, aseton, sudur.<br>Astar<br>Boya yap\u0131lacak y\u00fczeyin yeni bir y\u00fczey olmas\u0131 durumunda, \u00e7imento reaksiyonunun tamamlanmas\u0131 i\u00e7in en az d\u00f6rt hafta beklenir. Daha sonra astar uygulan\u0131r ve daha sonra boya uygulamas\u0131na ge\u00e7ilir. Bu s\u00fcre beklenmeden uygulama yap\u0131lmas\u0131 halinde boyada d\u00f6k\u00fclmeler meydana gelir. Boya uygulanmas\u0131ndan \u00f6nce y\u00fczey haz\u0131rl\u0131\u011f\u0131na \u00f6nem vermek gerekir. Boyadan \u00f6nce uygulanmas\u0131 gereken astar, kesinlikle kendi \u00fczerine uygulanacak boya cinsine uyumlu se\u00e7ilmelidir.<br>Astar\u0131n g\u00f6revleri:<br>Boya filminin \u00f6rt\u00fcc\u00fcl\u00fc\u011f\u00fcnde katk\u0131 sa\u011flar.<br>Alt y\u00fczeyin emicili\u011fini azaltarak boya sarfiyat\u0131n\u0131 d\u00fc\u015f\u00fcr\u00fcr.<br>Boyan\u0131n dalgal\u0131 olmas\u0131n\u0131 \u00f6nleyerek altyap\u0131da homojenlik temin eder.<br>Astar\u0131n dif\u00fczyon \u00f6zelli\u011fi y\u00fcksek oldu\u011fu i\u00e7in, boya ile uygulanan y\u00fczey aras\u0131ndaki yap\u0131\u015fma kuvvetini (aderans\u0131) artt\u0131r\u0131r.<br>\u0130nce yap\u0131s\u0131 sayesinde y\u00fczeye derinlemesine n\u00fcfus eder, i\u015fler.<br>Astar beyaz renkli ise, boya alt\u0131na astar\u0131n s\u00fcr\u00fcld\u00fc\u011f\u00fcn\u00fc belirtir. Koyu olan renkleri biraz a\u00e7ar.<br>Boya uygulanmas\u0131 s\u0131ras\u0131nda altta kalm\u0131\u015f hatalar\u0131 boyac\u0131ya belirtir.<br>Boya Ustalar\u0131 i\u00e7in Uyar\u0131: Kire\u00e7 astarl\u0131 y\u00fczeylere do\u011frudan boya s\u00fcrmek yanl\u0131\u015ft\u0131r. Kire\u00e7 astar kuruduktan sonra y\u00fczeyde bir toz tabakas\u0131 meydana getirir, bu tabaka \u00fczerine uygulanan boya tabakas\u0131 y\u00fczeyde tutunamaz ve zamanla d\u00f6k\u00fclmeler olur. Bu t\u00fcr y\u00fczeyler sert bir f\u0131r\u00e7ayla temizlenmelidir. Boya s\u00fcrmeden Alpina \u015feffaf astar veya saten al\u00e7\u0131 astarlar\u0131yla astarlanmal\u0131d\u0131r.<br>Boya Uygulamas\u0131nda Genel Kurallar<br>Boya uygulanacak y\u00fczey yeniyse, \u00e7imento reaksiyonun bitmesi i\u00e7in en az d\u00f6rt hafta beklenir, daha sonra astar uygulamas\u0131 ve boyaya ge\u00e7ilir. Bu s\u00fcreden daha \u00f6nce boya yap\u0131l\u0131rsa boyada d\u00f6k\u00fclmeler meydana gelecektir. Boya uygulanmas\u0131ndan \u00f6nce yap\u0131lmas\u0131 gerekli en \u00f6nemli konu y\u00fczeyin haz\u0131rlanmas\u0131d\u0131r. Boyadan \u00f6nce kullan\u0131lacak olan astar\u0131n, kendi \u00fczerine uygulanacak olan boyaya uygun se\u00e7ilmesi gereklidir.<br>Her\u015feyden \u00f6nce uygulanacak boyaya uygun alet edavatlar\u0131n tam olarak elimizde haz\u0131r olmas\u0131 gereklidir. Boyac\u0131l\u0131kta kural olarak ayn\u0131 sistemde ve ayn\u0131 markaya ait \u00fcr\u00fcnlerin kullan\u0131lmas\u0131 kaliteli bir i\u015f i\u00e7in olmazsa olmazd\u0131r. Kullan\u0131lmas\u0131na karar verilmi\u015f malzemelerin uygulama talimatlar\u0131na kesinlikle uyulmas\u0131 gerekir. E\u011fer y\u00fczey kirli ve nemli ise bu y\u00fczeylere boya i\u015flemi yap\u0131lmamal\u0131d\u0131r. Boya uygulamas\u0131n\u0131n yap\u0131laca\u011f\u0131 y\u00fczey, boya cinsine g\u00f6re haz\u0131rlanmal\u0131d\u0131r ve e\u011fer varsa alt yap\u0131daki olu\u015fmu\u015f olan hatalar onar\u0131lmal\u0131d\u0131r. \u0130lk kez boya uygulanacak yeni s\u0131val\u0131 veya br\u00fct beton y\u00fczeylere uygulama i\u00e7in en 3-4 hafta beklenmelidir. Genel kural olarak, b\u00fct\u00fcn boyalar uygulama yap\u0131lmadan \u00f6nce kendi ambalaj\u0131nda uygun bir kar\u0131\u015ft\u0131r\u0131c\u0131 ile iyice kar\u0131\u015ft\u0131r\u0131lmal\u0131d\u0131r. Ah\u015fap koruyucular, sel\u00fclozik dolgu verni\u011fi ile ve epoksi grubu \u00fcr\u00fcnleri kendi ambalaj\u0131nda kar\u0131\u015ft\u0131r\u0131lmas\u0131n\u0131 takiben ba\u015fka bir kaba aktar\u0131larak tekrar kar\u0131\u015ft\u0131r\u0131lmal\u0131d\u0131r. A\u015f\u0131r\u0131 s\u0131cak ve a\u015f\u0131r\u0131 so\u011fuk \u00e7evre ortamlar\u0131nda boya uygulamas\u0131 yap\u0131lmamal\u0131d\u0131r. Boya uygulamas\u0131 ince katlar halinde yap\u0131lmas\u0131 tavsiye edilir. Boyaya s\u0131v\u0131 ya da toz olsun hi\u00e7 bir katk\u0131 yap\u0131lmamal\u0131d\u0131r. Boya, kutusu \u00fczerindeki talimat\u0131nda yaz\u0131l\u0131 olan inceltme oran\u0131ndan fazla inceltilmemelidir. Boyan\u0131n iyi yap\u0131\u015fmas\u0131n\u0131 sa\u011flamak amac\u0131yla parlak y\u00fczeyler matla\u015ft\u0131r\u0131lmal\u0131d\u0131r. Uygulamadan sonra e\u011fer boyam\u0131z artm\u0131\u015fsa, artan boyay\u0131 ileride tekrar kullanmak i\u00e7in, boyaya y\u00fczeyini biraz \u00f6rtecek kadar kendi inceltisinden eklenmeli ve kar\u0131\u015ft\u0131rmadan kapa\u011f\u0131 kapat\u0131larak serin bir ortamda depolanmal\u0131d\u0131r.<br>Boyanmaya haz\u0131r hale getirilmi\u015f y\u00fczeylerin kirlenmemesi amac\u0131yla iki kat astar uygulanmal\u0131d\u0131r. Bu uygulama sayesinde, ilk kat malzeme ile y\u00fcze boya sistemi aras\u0131nda aderans k\u00f6pr\u00fcs\u00fc meydana gelir. Ah\u015fap ve metallerde \u00f6zel astarlar kullan\u0131lmaktad\u0131r. Anti-korozif nitelikteki metal astarlar\u0131n\u0131n yan\u0131nda mineral ba\u011flay\u0131c\u0131 t\u00fcrlerin de kullan\u0131lmas\u0131 alkali diren\u00e7lerinin y\u00fcksek olmas\u0131n\u0131 temin eder. \u0130ki kat (primer) uygulama sonras\u0131nda, y\u00fczeyin d\u00fczg\u00fcn olmamas\u0131 halinde, astar\u0131n \u00fczerine yoklama \u015feklinde ve \u00e7elik spat\u00fcl ile macun uygulamas\u0131 yap\u0131l\u0131r. Geni\u015f \u00e7atlaklar, yar\u0131klar ve \u00e7ukurlar bir kerede doldurulmaz, uygulama ince katlar \u015feklinde yap\u0131lmaktad\u0131r.<br>Macun iyice kuruduktan sonra z\u0131mparalan\u0131r, ikinci kat astar \u00e7ekilir. Son kat boyalar\u0131n \u00f6zelli\u011fi d\u0131\u015f ko\u015fullara dayan\u0131m\u0131 sa\u011flamakt\u0131r. Ayn\u0131 zamanda g\u00f6rsel etki de kazand\u0131r\u0131rlar. Son kat boya uygulamas\u0131nda genellikle TS 39 kriterine uygun boyalar, \u00f6zel performans gerektiren durumlarda ekopsi, poli\u00fcretan, klor kau\u00e7uk gibi ba\u011flay\u0131c\u0131lar kullan\u0131lmaktad\u0131r.<br>Boya uygulamas\u0131na ba\u015flanmadan \u00f6nce \u00f6n kontrol yap\u0131lmal\u0131d\u0131r. F\u0131r\u00e7a ile uygulamada iz kalmamas\u0131na \u00f6nem verilmelidir. Boyama i\u015flemi, -5 derece s\u0131cakl\u0131\u011f\u0131n alt\u0131nda ve % 80 nisbi nem oran\u0131n\u0131n \u00fczerinde yap\u0131lmamal\u0131d\u0131r. Boyanacak olan y\u00fczeyin ya\u011fdan, k\u00fcften, tozdan ve isten ar\u0131nd\u0131r\u0131lmas\u0131 \u015fartt\u0131r. Yeni s\u0131va ve beton y\u00fczeyler prizini tamamlam\u0131\u015f olmal\u0131d\u0131r.<br>Ah\u015fap y\u00fczeylerin, \u00f6zellikle de d\u0131\u015f do\u011framalar\u0131n t\u00fcm y\u00fczeylerine montaj yap\u0131lmadan \u00f6nce ilk kat astar\u0131n uygulanmas\u0131 gereklidir. Di\u011fer malzemelerde de macun uygulama s\u0131ras\u0131na benzer olarak iki kat astardan sonra olmal\u0131d\u0131r. Boya \u00fczerine tekrar boya yap\u0131labilmesi i\u00e7in, alttaki tabakan\u0131n dokunulabilir kurulu\u011fa gelmesi gerekir.<br>Boyama Uygulamalar\u0131<br>\u00d6ncelikle uygulama yap\u0131lacak y\u00fczey iyi bilinmelidir. Boya da y\u00fczeyin \u00f6zelli\u011fine g\u00f6re se\u00e7ilmelidir. Ah\u015fap y\u00fczeyler rutubetli, re\u00e7ineli, budakl\u0131, k\u00fcfl\u00fc ve eski boyal\u0131 olabilir. Duvar y\u00fczeyler rutubetli, tozlu, ya\u011fl\u0131, kirli, ve eski boyal\u0131 olabilir. Metal y\u00fczeyler pasl\u0131, ya\u011fl\u0131, kirli, ve eski boyal\u0131 olabilir. Bu \u015fekilde olan y\u00fczeylerde \u00f6ncelikle iyi bir temizlik gerekir.<br>Kurallar\u0131na uygun bir boyama s\u0131ras\u0131yla \u015f\u00f6yle olmal\u0131d\u0131r:<br>Y\u00fczey haz\u0131rlama, 1. kat astar, macunlama, 2. kat astar, son kat uygulamalar\u0131.<br>Uygun Boyan\u0131n Se\u00e7ilmesi<br>Boya al\u0131rken \u00f6ncelikle boyanacak y\u00fczeylere uygun bir boya se\u00e7ilmelidir. Yard\u0131mc\u0131 malzemeler de gerekiyorsa, bunlar\u0131n da boyanacak y\u00fczeye ve boyaya uygun olmas\u0131na dikkat edilmesi gereklidir. Uygulamadan iyi bir sonu\u00e7 almak i\u00e7in, kaliteli astarlar ve incelticiler kullan\u0131lmal\u0131d\u0131r. Boya sat\u0131n al\u0131rken, \u00fcr\u00fcn\u00fcn TSE&#8217;ye uygun olmas\u0131na, \u00fcreticinin ISO 9001 belgesine sahip olmas\u0131na dikkat edilmelidir. Se\u00e7ti\u011fimiz rengin ortama uygun olup olmad\u0131\u011f\u0131n\u0131 da d\u00fc\u015f\u00fcnmeliyiz.<br>Renk se\u00e7iminde ki\u015fisel zevkler \u00f6nemliyse de, uygulanacak renk i\u00e7in mekan\u0131n \u00f6zelliklerine de dikkat etmeliyiz. Koyu renkler \u0131\u015f\u0131\u011f\u0131 emer ve i\u00e7 ortamlar\u0131 oldu\u011fundan daha k\u00fc\u00e7\u00fck g\u00f6sterir. Al\u00e7ak tavanl\u0131 ve k\u00fc\u00e7\u00fck odalarda beyaz veya pastel renkler kullan\u0131lmal\u0131d\u0131r.<br>Boya Konusunda \u00dcr\u00fcn Gruplar\u0131<br>Ah\u015fap Boyalar\u0131, Ah\u015fap Emprenye, Ah\u015fap Koruyucu, Al\u00e7\u0131, Antipas, Astar Boya, Badana Tank\u0131, Baz Boya, Beton Astar\u0131, Beton ve Har\u00e7 Katk\u0131lar, Bit\u00fcml\u00fc Membranlar, Bord\u00fcr, Boya F\u0131r\u00e7as\u0131, Boya Malzemeleri, Boya Rulosu, Boya Setleri, Boya S\u00f6k\u00fcc\u00fc, \u00c7ek\u00e7ek, Damlal\u0131k Profili, Dekoratif \u00dcr\u00fcnler, Derz Dolgular, D\u0131\u015f Cephe, D\u0131\u015f Cephe Akrilik P\u00fcsk\u00fcrtme Makinesi, D\u0131\u015f Cephe Astar\u0131, D\u0131\u015f CepheBoya Astar\u0131, D\u0131\u015f Cephe Kaplamas\u0131, D\u0131\u015f Cephe Macunu, Di\u011fer \u00dcr\u00fcnler, Dilatasyon Profili, Donat\u0131 Filesi, D\u00fcbeller, Har\u00e7 Gelberi, Haz\u0131r Har\u00e7lar, Haz\u0131r S\u0131va Malalar\u0131, \u0130\u00e7 Cephe, \u0130\u00e7 Cephe Macunu, \u0130\u00e7 Dekorasyon P\u00fcsk\u00fcrtme Makinesi, Kaplama Astar\u0131, Kaplamalar, Konsantre Astar, Konsantre Astar, K\u00f6p\u00fck, K\u00f6\u015fe Malalar\u0131, K\u00f6\u015fe Profilleri, Kuruma \u00d6rt\u00fcs\u00fc, Macun, Macun, Macun K\u00fcre\u011fi, Mala, Maskeleme Band\u0131, Mastik-Silikon, Metal Boya, Mineral Kaplama, Paket Sistemleri, Panzer File, Plastik Boya, Plastik Takoz, Pratik Branda, Pratik Teleskopik Sap, Profil, Raspa, Renklendiriciler, Rulo Ele\u011fi, Rulo Yedekleri, Saten Boya, Sel\u00fclozik Boya, Sentetik Astar Boya, Sentetik Boya, Sentetik Tiner, S\u0131r\u0131klar, S\u0131va, S\u0131va Harc\u0131, S\u0131va Mastar\u0131, Silikon, Silikonlu D\u0131\u015f Cephe Boyas\u0131, Silikonlu Kaplama, Spatula, Spray Boya, Su \u0130zolasyon Malzemeleri, \u015eeffaf Astar, Tavan Boyas\u0131, Teak Ya\u011f\u0131, Terebentin, Tesbit Vidas\u0131, Tiner, Tutkallar, Universal Astar, Vernik, Ya\u011fl\u0131 Boya, Yal\u0131t\u0131m Levhalar\u0131, Yap\u0131\u015ft\u0131r\u0131c\u0131lar, Yap\u0131\u015ft\u0131rma Harc\u0131, YolBoyas\u0131, Zehirli Boya, Zemin Boyas\u0131, Z\u0131mpara, Z\u0131mpara Malalar\u0131.<br>Boya Fiyatlar\u0131<br>Boya fiyatlar\u0131 hammedde girdileri ve rekabet nedeniyle de\u011fi\u015fiklik g\u00f6stermektedir. Mevsimsel kullan\u0131ma uygun bir t\u00fcketim mal\u0131 olmas\u0131 sebebiyle, boya fiyatlar\u0131 mevsime g\u00f6re de de\u011fi\u015fiklik g\u00f6sterir.<br>T\u00fcrkiye&#8217;nin \u00d6nde Gelen Boya Firmalar\u0131<br>Marshall, Filli Boya, DYO, Polisan, Casati, \u00c7BS, Jotun, \u0130shakol, Bi<\/figcaption><\/figure>\n","protected":false},"excerpt":{"rendered":"http:\/\/www.boyacihamdiusta.com Boya NedirBoyan\u0131n tan\u0131m\u0131n\u0131 \u015f\u00f6yle yapabiliriz: Boya, bir maddenin renk vermesi veya korunmas\u0131 i\u00e7in tatbik edilen, dekoratif ve koruyucu kimyasal bir malzemedir. Boya bir\u00e7ok malzemeye uygulanmaktad\u0131r. Demir, sa\u00e7, ah\u015fap, s\u0131va gibi malzemelere boya uygulanabilmektedir. Boya, belli ko\u015fullar alt\u0131nda form\u00fcle edilen ve b\u00fcnyesinde d\u00f6rt as\u0131l unsur bulunan kimyevi bir kar\u0131\u015f\u0131md\u0131r.Ba\u011flay\u0131c\u0131larBoyaya olan katk\u0131s\u0131n\u0131, sa\u011flaml\u0131k, sertlik, yap\u0131\u015fma, parlakl\u0131k, [...]","protected":false},"author":1,"featured_media":0,"parent":0,"menu_order":0,"comment_status":"closed","ping_status":"closed","template":"","meta":{"om_disable_all_campaigns":false,"_monsterinsights_skip_tracking":false,"_monsterinsights_sitenote_active":false,"_monsterinsights_sitenote_note":"","_monsterinsights_sitenote_category":0,"ngg_post_thumbnail":0,"footnotes":""},"class_list":["post-2302","page","type-page","status-publish","hentry"],"aioseo_notices":[],"_links":{"self":[{"href":"http:\/\/www.boyacihamdiusta.com\/index.php\/wp-json\/wp\/v2\/pages\/2302"}],"collection":[{"href":"http:\/\/www.boyacihamdiusta.com\/index.php\/wp-json\/wp\/v2\/pages"}],"about":[{"href":"http:\/\/www.boyacihamdiusta.com\/index.php\/wp-json\/wp\/v2\/types\/page"}],"author":[{"embeddable":true,"href":"http:\/\/www.boyacihamdiusta.com\/index.php\/wp-json\/wp\/v2\/users\/1"}],"replies":[{"embeddable":true,"href":"http:\/\/www.boyacihamdiusta.com\/index.php\/wp-json\/wp\/v2\/comments?post=2302"}],"version-history":[{"count":1,"href":"http:\/\/www.boyacihamdiusta.com\/index.php\/wp-json\/wp\/v2\/pages\/2302\/revisions"}],"predecessor-version":[{"id":2303,"href":"http:\/\/www.boyacihamdiusta.com\/index.php\/wp-json\/wp\/v2\/pages\/2302\/revisions\/2303"}],"wp:attachment":[{"href":"http:\/\/www.boyacihamdiusta.com\/index.php\/wp-json\/wp\/v2\/media?parent=2302"}],"curies":[{"name":"wp","href":"https:\/\/api.w.org\/{rel}","templated":true}]}}