{"id":2793,"date":"2025-03-19T12:42:24","date_gmt":"2025-03-19T09:42:24","guid":{"rendered":"https:\/\/www.boyacihamdiusta.com\/?page_id=2793"},"modified":"2025-03-19T12:42:24","modified_gmt":"2025-03-19T09:42:24","slug":"beylikduzu-boyaci-05445127436","status":"publish","type":"page","link":"http:\/\/www.boyacihamdiusta.com\/index.php\/beylikduzu-boyaci-05445127436\/","title":{"rendered":"BEYL\u0130KD\u00dcZ\u00dc BOYACI 05445127436"},"content":{"rendered":"\n<h1 class=\"wp-block-heading\">BEYL\u0130KD\u00dcZ\u00dc BOYAC\u0130<\/h1>\n\n\n\n<p><a href=\"https:\/\/www.boyacihamdiusta.com\/\"><\/a>\u00a0>\u00a0BEYL\u0130KD\u00dcZ\u00dc BOYAC\u0130<\/p>\n\n\n\n<h2 class=\"wp-block-heading\">BEYL\u0130KD\u00dcZ\u00dc BOYACI USTASI<\/h2>\n\n\n\n<p>Beylikd\u00fcz\u00fc Boya ustas\u0131 BEYL\u0130KD\u00dcZ\u00dc\u00a0Boyac\u0131 Ustas\u0131 BEYL\u0130KD\u00dcZ\u00dc\u00a0Boyaci BEYL\u0130KD\u00dcZ\u00dc Ev Boyama BEYL\u0130KD\u00dcZ\u00dc\u00a0Badana Ustas\u0131 BEYL\u0130KD\u00dcZ\u00dc Boya Badana BEYL\u0130KD\u00dcZ\u00dc Mahallesi Boyaci Ustasi BEYL\u0130KD\u00dcZ\u00dc\u00a0Boyac\u0131 Boya Badana Ustas\u0131 BEYL\u0130KD\u00dcZ\u00dc Boyac\u0131s\u0131 BEYL\u0130KD\u00dcZ\u00dc\u00a0Boyac\u0131 Ustas\u0131 BEYL\u0130KD\u00dcZ\u00dc #BeyliktuzuBoyac\u0131<\/p>\n\n\n\n<p><strong>Beylikd\u00fcz\u00fc Boyac\u0131 ustalar\u0131 olarak y\u0131llard\u0131r boya, al\u00e7\u0131, duvar ka\u011f\u0131d\u0131, al\u00e7\u0131pan uygulama i\u015flerinde uzmanla\u015fan boyac\u0131 usta ekiplerimiz h\u0131zl\u0131 ve kaliteli hizmet sunmakta siz de\u011ferli m\u00fc\u015fterilerimize hizmet vermekteyiz. Ev ve \u0130\u015fyeri boya ve badana hizmeti konusunda siz de\u011ferli m\u00fc\u015fterilerimizin beklentilerini en iyi \u015fekilde kar\u015f\u0131layabilmekteyiz. Beylikd\u00fcz\u00fc boyac\u0131 ustas\u0131 \u00a0ar\u0131yorsan\u0131z\u00a0 tamda do\u011fru adrestesiniz, Bizlerle \u0130leti\u015fime ge\u00e7mek i\u00e7in ileti\u015fim\u00a0 k\u0131smanda \u0130ster telefon ile \u0130ster whatsapp \u00fczerinden ula\u015fabilirsiniz. Boya badana i\u015fleriniz i\u00e7in acil usta ihtiyac\u0131n\u0131z varsa hemen aray\u0131n ayn\u0131 g\u00fcn hem ke\u015fif hem de boya uygulama hizmeti verebiliriz ustalar\u0131m\u0131z her biri en az 15 y\u0131ll\u0131k i\u015f deneyimi vard\u0131r.<\/strong><\/p>\n\n\n\n<p><a href=\"https:\/\/boyaciboran.com\/Servisler\/kurtkoy-boyaci-boya-badana-ustasi#\"><\/a><\/p>\n\n\n\n<p>Profesyonel Boyama Servisi<\/p>\n\n\n\n<p>M\u00fclk\u00fcn\u00fcz\u00fc koruman\u0131n harika yolu<br>05445127436<\/p>\n\n\n\n<p><img decoding=\"async\" alt=\"\" src=\"https:\/\/boyaciboran.com\/storage\/assets\/images\/logo.png\"><\/p>\n\n\n\n<p>www.boyacihamdiusta.com<\/p>\n\n\n\n<figure class=\"wp-block-image\"><img decoding=\"async\" src=\"https:\/\/boyaciboran.com\/storage\/assets\/images\/kslogo.png\" alt=\"\"\/><figcaption class=\"wp-element-caption\">Beylikd\u00fcz\u00fc boyac\u0131<\/figcaption><\/figure>\n\n\n\n<figure class=\"wp-block-image\"><a href=\"https:\/\/boyaciboran.com\/Servisler\/kurtkoy-boyaci-boya-badana-ustasi\"><img decoding=\"async\" src=\"https:\/\/boyaciboran.com\/assets\/images\/social_ic1.png\" alt=\"\"\/><\/a><\/figure>\n\n\n\n<figure class=\"wp-block-image\"><a href=\"https:\/\/www.facebook.com\/Boyac%C4%B1-Boran-Usta-101868441938649\"><img decoding=\"async\" src=\"https:\/\/boyaciboran.com\/assets\/images\/social_ic2.png\" alt=\"\"\/><\/a><\/figure>\n\n\n\n<figure class=\"wp-block-image\"><a href=\"https:\/\/www.youtube.com\/channel\/UCXNbb3V9qQBkPyxDSEGJrTA\/\"><img decoding=\"async\" src=\"https:\/\/boyaciboran.com\/assets\/images\/social_ic4.png\" alt=\"\"\/><\/a><\/figure>\n\n\n\n<figure class=\"wp-block-image\"><a href=\"https:\/\/wa.me\/905330301246?text=Merhaba%20boyama%20konusunda%20bilgi%20almak%20istiyorum.\"><img decoding=\"async\" src=\"https:\/\/boyaciboran.com\/assets\/images\/social_ic5.png\" alt=\"\"\/><\/a><figcaption class=\"wp-element-caption\">www.boyacihamdiusta.com<\/figcaption><\/figure>\n\n\n\n<p><a href=\"https:\/\/boyaciboran.com\/Servisler\/kurtkoy-boyaci-boya-badana-ustasi#\"><\/a><\/p>\n\n\n\n<figure class=\"wp-block-image\"><img loading=\"lazy\" decoding=\"async\" width=\"576\" height=\"1024\" src=\"http:\/\/www.boyacihamdiusta.com\/wp-content\/uploads\/2020\/11\/Suadiye-Boyaci-Ustasi-576x1024.jpg\" alt=\"\" class=\"wp-image-2219\" srcset=\"http:\/\/www.boyacihamdiusta.com\/wp-content\/uploads\/2020\/11\/Suadiye-Boyaci-Ustasi-576x1024.jpg 576w, http:\/\/www.boyacihamdiusta.com\/wp-content\/uploads\/2020\/11\/Suadiye-Boyaci-Ustasi-169x300.jpg 169w, http:\/\/www.boyacihamdiusta.com\/wp-content\/uploads\/2020\/11\/Suadiye-Boyaci-Ustasi-768x1365.jpg 768w, http:\/\/www.boyacihamdiusta.com\/wp-content\/uploads\/2020\/11\/Suadiye-Boyaci-Ustasi-864x1536.jpg 864w, http:\/\/www.boyacihamdiusta.com\/wp-content\/uploads\/2020\/11\/Suadiye-Boyaci-Ustasi.jpg 900w\" sizes=\"(max-width: 576px) 100vw, 576px\" \/><figcaption class=\"wp-element-caption\">Beylikd\u00fcz\u00fc<a href=\"https:\/\/www.boyacihamdiusta.com\/index.php\/beyliktuzu-boyaci\/\" title=\"BEYL\u0130KDUZU BOYAC\u0130\">BEYL\u0130KDUZU BOYAC\u0130<\/a> boyaci ustasi<\/figcaption><\/figure>\n","protected":false},"excerpt":{"rendered":"<p>BEYL\u0130KD\u00dcZ\u00dc BOYAC\u0130 \u00a0>\u00a0BEYL\u0130KD\u00dcZ\u00dc BOYAC\u0130 BEYL\u0130KD\u00dcZ\u00dc BOYACI USTASI Beylikd\u00fcz\u00fc Boya ustas\u0131 BEYL\u0130KD\u00dcZ\u00dc\u00a0Boyac\u0131 Ustas\u0131 BEYL\u0130KD\u00dcZ\u00dc\u00a0Boyaci BEYL\u0130KD\u00dcZ\u00dc Ev Boyama BEYL\u0130KD\u00dcZ\u00dc\u00a0Badana Ustas\u0131 BEYL\u0130KD\u00dcZ\u00dc Boya Badana BEYL\u0130KD\u00dcZ\u00dc Mahallesi Boyaci Ustasi BEYL\u0130KD\u00dcZ\u00dc\u00a0Boyac\u0131 Boya Badana Ustas\u0131 BEYL\u0130KD\u00dcZ\u00dc Boyac\u0131s\u0131 BEYL\u0130KD\u00dcZ\u00dc\u00a0Boyac\u0131 Ustas\u0131 BEYL\u0130KD\u00dcZ\u00dc #BeyliktuzuBoyac\u0131 Beylikd\u00fcz\u00fc Boyac\u0131 ustalar\u0131 olarak y\u0131llard\u0131r boya, al\u00e7\u0131, duvar ka\u011f\u0131d\u0131, al\u00e7\u0131pan uygulama i\u015flerinde uzmanla\u015fan boyac\u0131 usta ekiplerimiz h\u0131zl\u0131 ve kaliteli hizmet [&hellip;]<\/p>\n","protected":false},"author":1,"featured_media":0,"parent":0,"menu_order":0,"comment_status":"closed","ping_status":"closed","template":"","meta":{"om_disable_all_campaigns":false,"_monsterinsights_skip_tracking":false,"_monsterinsights_sitenote_active":false,"_monsterinsights_sitenote_note":"","_monsterinsights_sitenote_category":0,"ngg_post_thumbnail":0,"footnotes":""},"class_list":["post-2793","page","type-page","status-publish","hentry"],"aioseo_notices":[],"_links":{"self":[{"href":"http:\/\/www.boyacihamdiusta.com\/index.php\/wp-json\/wp\/v2\/pages\/2793"}],"collection":[{"href":"http:\/\/www.boyacihamdiusta.com\/index.php\/wp-json\/wp\/v2\/pages"}],"about":[{"href":"http:\/\/www.boyacihamdiusta.com\/index.php\/wp-json\/wp\/v2\/types\/page"}],"author":[{"embeddable":true,"href":"http:\/\/www.boyacihamdiusta.com\/index.php\/wp-json\/wp\/v2\/users\/1"}],"replies":[{"embeddable":true,"href":"http:\/\/www.boyacihamdiusta.com\/index.php\/wp-json\/wp\/v2\/comments?post=2793"}],"version-history":[{"count":1,"href":"http:\/\/www.boyacihamdiusta.com\/index.php\/wp-json\/wp\/v2\/pages\/2793\/revisions"}],"predecessor-version":[{"id":2794,"href":"http:\/\/www.boyacihamdiusta.com\/index.php\/wp-json\/wp\/v2\/pages\/2793\/revisions\/2794"}],"wp:attachment":[{"href":"http:\/\/www.boyacihamdiusta.com\/index.php\/wp-json\/wp\/v2\/media?parent=2793"}],"curies":[{"name":"wp","href":"https:\/\/api.w.org\/{rel}","templated":true}]}}