{"id":2795,"date":"2025-03-25T00:52:23","date_gmt":"2025-03-24T21:52:23","guid":{"rendered":"https:\/\/www.boyacihamdiusta.com\/?page_id=2795"},"modified":"2025-03-25T02:51:23","modified_gmt":"2025-03-24T23:51:23","slug":"aydinli-bboyaci-05445127436","status":"publish","type":"page","link":"http:\/\/www.boyacihamdiusta.com\/index.php\/aydinli-bboyaci-05445127436\/","title":{"rendered":"AYDINLI BOYACI 05445127436"},"content":{"rendered":"\n<p><strong>Ayd\u0131nl\u0131 \u0130stanbul Boya ustas\u0131&nbsp;<\/strong><\/p>\n\n\n\n<p><strong>Ayd\u0131nl\u0131 \u0130stanbul&nbsp;Boyac\u0131 Ustas\u0131&nbsp;<\/strong><\/p>\n\n\n\n<p>Ayd\u0131nl\u0131 <strong>\u0130stanbul&nbsp;Boyaci&nbsp;<\/strong><\/p>\n\n\n\n<p><strong>Ayd\u0131nl\u0131 \u0130stanbul&nbsp;Ev Boyama&nbsp;<\/strong><\/p>\n\n\n\n<p>Ayd\u0131nl\u0131 <strong>\u0130stanbul&nbsp;Badana Ustas\u0131&nbsp;<\/strong><\/p>\n\n\n\n<p>Ayd\u0131nl\u0131 <strong>\u0130stanbul&nbsp;Boya Badana&nbsp;&nbsp;<\/strong><\/p>\n\n\n\n<p><strong>Ayd\u0131nl\u0131 \u0130stanbul #\u0130stanbulBoyac\u0131<\/strong><\/p>\n\n\n\n<p><strong>&nbsp;ve Ekibi olarak her zaman hizmetinizdeyiz. Y\u0131llar\u0131n verdi\u011fi ustal\u0131k ve deneyimle beraber boya ve badana hizmet sekt\u00f6r\u00fcnde faaliyet g\u00f6stermekte olan profesyonel ekiplerimizle birlikte \u0130stanbul da her semtte hizmet veren, deneyim ve ustal\u0131kla birlikte ve her halde uygun fiyat garantisiyle, hizmet sundu\u011fumuz boya badana, kartonpiyer, al\u00e7\u0131 s\u0131va, mantolama, \u0131s\u0131 yal\u0131t\u0131m gibi dekorasyon i\u015flerinizde de\u011ferli m\u00fc\u015fterilerimizin daima yan\u0131nday\u0131z.<\/strong><\/p>\n\n\n\n<figure class=\"wp-block-gallery has-nested-images columns-default is-cropped wp-block-gallery-1 is-layout-flex wp-block-gallery-is-layout-flex\">\n<figure class=\"wp-block-image size-large\"><img loading=\"lazy\" decoding=\"async\" width=\"576\" height=\"1024\" data-id=\"2219\" src=\"https:\/\/www.boyacihamdiusta.com\/wp-content\/uploads\/2020\/11\/Suadiye-Boyaci-Ustasi-576x1024.jpg\" alt=\"\" class=\"wp-image-2219\" srcset=\"http:\/\/www.boyacihamdiusta.com\/wp-content\/uploads\/2020\/11\/Suadiye-Boyaci-Ustasi-576x1024.jpg 576w, http:\/\/www.boyacihamdiusta.com\/wp-content\/uploads\/2020\/11\/Suadiye-Boyaci-Ustasi-169x300.jpg 169w, http:\/\/www.boyacihamdiusta.com\/wp-content\/uploads\/2020\/11\/Suadiye-Boyaci-Ustasi-768x1365.jpg 768w, http:\/\/www.boyacihamdiusta.com\/wp-content\/uploads\/2020\/11\/Suadiye-Boyaci-Ustasi-864x1536.jpg 864w, http:\/\/www.boyacihamdiusta.com\/wp-content\/uploads\/2020\/11\/Suadiye-Boyaci-Ustasi.jpg 900w\" sizes=\"(max-width: 576px) 100vw, 576px\" \/><\/figure>\n\n\n\n<figure class=\"wp-block-image size-large\"><img loading=\"lazy\" decoding=\"async\" width=\"576\" height=\"1024\" data-id=\"2211\" src=\"https:\/\/www.boyacihamdiusta.com\/wp-content\/uploads\/2020\/11\/kozyatagi-boyaci-ustasi-576x1024.jpg\" alt=\"\" class=\"wp-image-2211\" srcset=\"http:\/\/www.boyacihamdiusta.com\/wp-content\/uploads\/2020\/11\/kozyatagi-boyaci-ustasi-576x1024.jpg 576w, http:\/\/www.boyacihamdiusta.com\/wp-content\/uploads\/2020\/11\/kozyatagi-boyaci-ustasi-169x300.jpg 169w, http:\/\/www.boyacihamdiusta.com\/wp-content\/uploads\/2020\/11\/kozyatagi-boyaci-ustasi-768x1365.jpg 768w, http:\/\/www.boyacihamdiusta.com\/wp-content\/uploads\/2020\/11\/kozyatagi-boyaci-ustasi-864x1536.jpg 864w, http:\/\/www.boyacihamdiusta.com\/wp-content\/uploads\/2020\/11\/kozyatagi-boyaci-ustasi.jpg 900w\" sizes=\"(max-width: 576px) 100vw, 576px\" \/><\/figure>\n<\/figure>\n\n\n\n<p><\/p>\n","protected":false},"excerpt":{"rendered":"<p>Ayd\u0131nl\u0131 \u0130stanbul Boya ustas\u0131&nbsp; Ayd\u0131nl\u0131 \u0130stanbul&nbsp;Boyac\u0131 Ustas\u0131&nbsp; Ayd\u0131nl\u0131 \u0130stanbul&nbsp;Boyaci&nbsp; Ayd\u0131nl\u0131 \u0130stanbul&nbsp;Ev Boyama&nbsp; Ayd\u0131nl\u0131 \u0130stanbul&nbsp;Badana Ustas\u0131&nbsp; Ayd\u0131nl\u0131 \u0130stanbul&nbsp;Boya Badana&nbsp;&nbsp; Ayd\u0131nl\u0131 \u0130stanbul #\u0130stanbulBoyac\u0131 &nbsp;ve Ekibi olarak her zaman hizmetinizdeyiz. Y\u0131llar\u0131n verdi\u011fi ustal\u0131k ve deneyimle beraber boya ve badana hizmet sekt\u00f6r\u00fcnde faaliyet g\u00f6stermekte olan profesyonel ekiplerimizle birlikte \u0130stanbul da her semtte hizmet veren, deneyim ve ustal\u0131kla birlikte ve [&hellip;]<\/p>\n","protected":false},"author":1,"featured_media":0,"parent":0,"menu_order":0,"comment_status":"closed","ping_status":"closed","template":"","meta":{"om_disable_all_campaigns":false,"_monsterinsights_skip_tracking":false,"_monsterinsights_sitenote_active":false,"_monsterinsights_sitenote_note":"","_monsterinsights_sitenote_category":0,"ngg_post_thumbnail":0,"footnotes":""},"class_list":["post-2795","page","type-page","status-publish","hentry"],"aioseo_notices":[],"_links":{"self":[{"href":"http:\/\/www.boyacihamdiusta.com\/index.php\/wp-json\/wp\/v2\/pages\/2795"}],"collection":[{"href":"http:\/\/www.boyacihamdiusta.com\/index.php\/wp-json\/wp\/v2\/pages"}],"about":[{"href":"http:\/\/www.boyacihamdiusta.com\/index.php\/wp-json\/wp\/v2\/types\/page"}],"author":[{"embeddable":true,"href":"http:\/\/www.boyacihamdiusta.com\/index.php\/wp-json\/wp\/v2\/users\/1"}],"replies":[{"embeddable":true,"href":"http:\/\/www.boyacihamdiusta.com\/index.php\/wp-json\/wp\/v2\/comments?post=2795"}],"version-history":[{"count":3,"href":"http:\/\/www.boyacihamdiusta.com\/index.php\/wp-json\/wp\/v2\/pages\/2795\/revisions"}],"predecessor-version":[{"id":2799,"href":"http:\/\/www.boyacihamdiusta.com\/index.php\/wp-json\/wp\/v2\/pages\/2795\/revisions\/2799"}],"wp:attachment":[{"href":"http:\/\/www.boyacihamdiusta.com\/index.php\/wp-json\/wp\/v2\/media?parent=2795"}],"curies":[{"name":"wp","href":"https:\/\/api.w.org\/{rel}","templated":true}]}}