{"id":2852,"date":"2025-07-29T13:05:13","date_gmt":"2025-07-29T10:05:13","guid":{"rendered":"https:\/\/www.boyacihamdiusta.com\/?page_id=2852"},"modified":"2025-07-29T13:05:13","modified_gmt":"2025-07-29T10:05:13","slug":"boyaci-hamdi-usta-cekmekoy-boya-tadilat-ve-dekorasyon-hizmetleri","status":"publish","type":"page","link":"http:\/\/www.boyacihamdiusta.com\/index.php\/boyaci-hamdi-usta-cekmekoy-boya-tadilat-ve-dekorasyon-hizmetleri\/","title":{"rendered":"Boyac\u0131 Hamdi Usta | \u00c7ekmek\u00f6y Boya, Tadilat ve Dekorasyon Hizmetleri"},"content":{"rendered":"\n<figure class=\"wp-block-image size-full is-resized\"><img loading=\"lazy\" decoding=\"async\" width=\"1024\" height=\"768\" src=\"https:\/\/www.boyacihamdiusta.com\/wp-content\/uploads\/2025\/07\/h4-2.jpeg\" alt=\"\" class=\"wp-image-2853\" style=\"width:200px;height:auto\" srcset=\"http:\/\/www.boyacihamdiusta.com\/wp-content\/uploads\/2025\/07\/h4-2.jpeg 1024w, http:\/\/www.boyacihamdiusta.com\/wp-content\/uploads\/2025\/07\/h4-2-300x225.jpeg 300w, http:\/\/www.boyacihamdiusta.com\/wp-content\/uploads\/2025\/07\/h4-2-768x576.jpeg 768w\" sizes=\"(max-width: 1024px) 100vw, 1024px\" \/><\/figure>\n\n\n\n<h3 class=\"wp-block-heading\"><strong>Boyac\u0131 Hamdi Usta | \u00c7ekmek\u00f6y Boya, Tadilat ve Dekorasyon Hizmetleri<\/strong><\/h3>\n\n\n\n<p><strong>Boyac\u0131 Hamdi Usta<\/strong> ve ekibi, <strong>\u00c7ekmek\u00f6y<\/strong> ve \u0130stanbul&#8217;un her semtine boyal\u0131, \u015f\u0131k ve estetik mekanlar yaratmak i\u00e7in y\u0131llar\u0131n tecr\u00fcbesiyle hizmet vermektedir. Boya, badana, dekorasyon ve tadilat konular\u0131nda uzmanla\u015fm\u0131\u015f profesyonel ekibimiz, her t\u00fcrl\u00fc i\u00e7 ve d\u0131\u015f mekan yenileme ihtiyac\u0131n\u0131zda yan\u0131n\u0131zdad\u0131r. Y\u00fcksek kaliteli malzemeler, h\u0131zl\u0131 teslimat ve uygun fiyat garantisi ile sizlere her zaman en iyi hizmeti sunmay\u0131 taahh\u00fct ediyoruz.<\/p>\n\n\n\n<p>\u0130htiyac\u0131n\u0131z olan <strong>boya badana<\/strong>, <strong>kartonpiyer<\/strong>, <strong>al\u00e7\u0131 s\u0131va<\/strong>, <strong>mantolama<\/strong> ve <strong>\u0131s\u0131 yal\u0131t\u0131m\u0131<\/strong> gibi dekorasyon i\u015flemlerini en ince detay\u0131na kadar profesyonelce yaparak ya\u015fam alanlar\u0131n\u0131z\u0131 yeniliyoruz. <strong>Boyac\u0131 Hamdi Usta<\/strong> olarak, her projede m\u00fc\u015fteri memnuniyeti ilkesini \u00f6n planda tutuyor ve zaman\u0131nda teslimat yap\u0131yoruz.<\/p>\n\n\n\n<h3 class=\"wp-block-heading\"><strong>\u00c7ekmek\u00f6y&#8217;de Boya ve Tadilat Hizmetlerimiz<\/strong><\/h3>\n\n\n\n<p><strong>\u0130\u00e7 Mekan Boyama ve Badana Uygulamalar\u0131:<\/strong><br>Evinizin, ofisinizin ya da i\u015f yerinizin her odas\u0131nda, duvarlar\u0131n\u0131z\u0131 modern ve \u015f\u0131k bir \u015fekilde yeniliyoruz. Profesyonel boyama ve badana i\u015flemlerimizle mek\u00e2n\u0131n\u0131za taze bir g\u00f6r\u00fcn\u00fcm kat\u0131yoruz. Kullan\u0131lan y\u00fcksek kaliteli boyalar sayesinde uzun s\u00fcre dayan\u0131kl\u0131 ve estetik duvarlar elde ediyorsunuz.<\/p>\n\n\n\n<p><strong>Kartonpiyer Montaj\u0131 ve Al\u00e7\u0131 S\u0131va Uygulamalar\u0131:<\/strong><br>Estetik bir i\u00e7 mekan i\u00e7in kartonpiyer uygulamalar\u0131 ile dekoratif dokunu\u015flar sa\u011fl\u0131yoruz. Ayr\u0131ca al\u00e7\u0131 s\u0131va ile duvarlar\u0131n\u0131za p\u00fcr\u00fczs\u00fcz bir y\u00fczey kazand\u0131r\u0131yor ve \u015f\u0131kl\u0131\u011f\u0131 bir arada sunuyoruz. Kartonpiyer uygulamalar\u0131m\u0131z, mekanlar\u0131n\u0131za zarif bir g\u00f6r\u00fcn\u00fcm katarak daha modern bir atmosfer yarat\u0131r.<\/p>\n\n\n\n<p><strong>D\u0131\u015f Cephe Boyama ve Mantolama:<\/strong><br>Binalar\u0131n\u0131z\u0131n d\u0131\u015f cephesini sadece boyamakla kalm\u0131yor, ayn\u0131 zamanda mantolama ve \u0131s\u0131 yal\u0131t\u0131m\u0131 uygulamalar\u0131 yaparak binalar\u0131n\u0131z\u0131n enerji verimlili\u011fini art\u0131r\u0131yoruz. Bu sayede, yaz aylar\u0131nda serin, k\u0131\u015f aylar\u0131nda ise s\u0131cak bir ortam sa\u011fl\u0131yoruz. D\u0131\u015f cephelerinizin estetik g\u00f6r\u00fcn\u00fcm\u00fcn\u00fc art\u0131r\u0131rken, enerji tasarrufu da sa\u011fl\u0131yoruz.<\/p>\n\n\n\n<p><strong>Anahtar Teslim Tadilat Hizmetleri:<\/strong><br>Boyac\u0131 Hamdi Usta olarak, sadece boya uygulamalar\u0131 de\u011fil, anahtar teslim tadilat hizmetleri de sunuyoruz. \u0130\u00e7 ve d\u0131\u015f mekanlarda al\u00e7\u0131, s\u0131va, elektrik, tesisat gibi her t\u00fcrl\u00fc tadilat ve yenileme i\u015flerini profesyonel ekibimizle h\u0131zl\u0131 ve kaliteli bir \u015fekilde ger\u00e7ekle\u015ftiriyoruz. Evinizde ya da i\u015f yerinizde yapman\u0131z gereken her t\u00fcrl\u00fc onar\u0131m ve yenileme i\u015flemini tek bir adreste hallediyoruz.<\/p>\n\n\n\n<h3 class=\"wp-block-heading\"><strong>Neden Boyac\u0131 Hamdi Usta ve Ekibi?<\/strong><\/h3>\n\n\n\n<ul class=\"wp-block-list\">\n<li><strong>Deneyim ve Uzmanl\u0131k:<\/strong> Y\u0131llar\u0131n verdi\u011fi deneyimle, her t\u00fcrl\u00fc boya, tadilat ve dekorasyon i\u015finde uzman kadromuzla hizmet sunuyoruz.<\/li>\n\n\n\n<li><strong>Uygun Fiyat Garantisi:<\/strong> Kaliteli hizmeti her b\u00fct\u00e7eye uygun fiyatlarla sunuyoruz. Yapt\u0131\u011f\u0131m\u0131z i\u015flerin kalitesi ve uzun \u00f6m\u00fcrl\u00fcl\u00fc\u011f\u00fc ile m\u00fc\u015fterilerimize tam memnuniyet sa\u011fl\u0131yoruz.<\/li>\n\n\n\n<li><strong>Zaman\u0131nda Teslimat:<\/strong> Projelerinizi, belirledi\u011fimiz s\u00fcre zarf\u0131nda ve eksiksiz olarak tamaml\u0131yoruz. Boyac\u0131 Hamdi Usta olarak, i\u015flerinizi en k\u0131sa s\u00fcrede bitirip teslim ediyoruz.<\/li>\n\n\n\n<li><strong>Her Semtte Hizmet:<\/strong> <strong>\u00c7ekmek\u00f6y<\/strong>&#8216;den \u0130stanbul&#8217;un her semtine kadar, her t\u00fcr boyal\u0131, dekoratif ve tadilat i\u015flerinizi ger\u00e7ekle\u015ftiriyoruz. \u0130htiyac\u0131n\u0131za \u00f6zel \u00e7\u00f6z\u00fcmler sunarak projelerinizi hayata ge\u00e7iriyoruz.<\/li>\n<\/ul>\n\n\n\n<p><strong>Boyac\u0131 Hamdi Usta ve Ekibi<\/strong> olarak, <strong>\u00c7ekmek\u00f6y<\/strong>&#8216;den \u0130stanbul&#8217;un her semtine kadar boya, badana, dekorasyon ve tadilat hizmetlerinde deneyim ve g\u00fcvenle yan\u0131n\u0131zday\u0131z. H\u0131zl\u0131, kaliteli ve uygun fiyatl\u0131 hizmet almak i\u00e7in telefonla ula\u015fabilirsiniz: <strong>0 544 512 74 36<\/strong><\/p>\n","protected":false},"excerpt":{"rendered":"<p>Boyac\u0131 Hamdi Usta | \u00c7ekmek\u00f6y Boya, Tadilat ve Dekorasyon Hizmetleri Boyac\u0131 Hamdi Usta ve ekibi, \u00c7ekmek\u00f6y ve \u0130stanbul&#8217;un her semtine boyal\u0131, \u015f\u0131k ve estetik mekanlar yaratmak i\u00e7in y\u0131llar\u0131n tecr\u00fcbesiyle hizmet vermektedir. Boya, badana, dekorasyon ve tadilat konular\u0131nda uzmanla\u015fm\u0131\u015f profesyonel ekibimiz, her t\u00fcrl\u00fc i\u00e7 ve d\u0131\u015f mekan yenileme ihtiyac\u0131n\u0131zda yan\u0131n\u0131zdad\u0131r. Y\u00fcksek kaliteli malzemeler, h\u0131zl\u0131 teslimat ve [&hellip;]<\/p>\n","protected":false},"author":1,"featured_media":0,"parent":0,"menu_order":0,"comment_status":"closed","ping_status":"closed","template":"","meta":{"om_disable_all_campaigns":false,"_monsterinsights_skip_tracking":false,"_monsterinsights_sitenote_active":false,"_monsterinsights_sitenote_note":"","_monsterinsights_sitenote_category":0,"ngg_post_thumbnail":0,"footnotes":""},"class_list":["post-2852","page","type-page","status-publish","hentry"],"aioseo_notices":[],"_links":{"self":[{"href":"http:\/\/www.boyacihamdiusta.com\/index.php\/wp-json\/wp\/v2\/pages\/2852"}],"collection":[{"href":"http:\/\/www.boyacihamdiusta.com\/index.php\/wp-json\/wp\/v2\/pages"}],"about":[{"href":"http:\/\/www.boyacihamdiusta.com\/index.php\/wp-json\/wp\/v2\/types\/page"}],"author":[{"embeddable":true,"href":"http:\/\/www.boyacihamdiusta.com\/index.php\/wp-json\/wp\/v2\/users\/1"}],"replies":[{"embeddable":true,"href":"http:\/\/www.boyacihamdiusta.com\/index.php\/wp-json\/wp\/v2\/comments?post=2852"}],"version-history":[{"count":1,"href":"http:\/\/www.boyacihamdiusta.com\/index.php\/wp-json\/wp\/v2\/pages\/2852\/revisions"}],"predecessor-version":[{"id":2854,"href":"http:\/\/www.boyacihamdiusta.com\/index.php\/wp-json\/wp\/v2\/pages\/2852\/revisions\/2854"}],"wp:attachment":[{"href":"http:\/\/www.boyacihamdiusta.com\/index.php\/wp-json\/wp\/v2\/media?parent=2852"}],"curies":[{"name":"wp","href":"https:\/\/api.w.org\/{rel}","templated":true}]}}