{"id":3015,"date":"2025-10-25T19:47:13","date_gmt":"2025-10-25T16:47:13","guid":{"rendered":"https:\/\/www.boyacihamdiusta.com\/?page_id=3015"},"modified":"2025-10-25T19:47:14","modified_gmt":"2025-10-25T16:47:14","slug":"kartal-cavusoglu-mahallesi-boyaci-0544-512-74-36","status":"publish","type":"page","link":"http:\/\/www.boyacihamdiusta.com\/index.php\/kartal-cavusoglu-mahallesi-boyaci-0544-512-74-36\/","title":{"rendered":"Kartal \u00c7avu\u015fo\u011flu Mahallesi boyac\u0131 0544 512 74 36"},"content":{"rendered":"\n<h1 class=\"wp-block-heading\">Boyac\u0131 Hamdi Usta | \u0130stanbul Boyac\u0131 Ustas\u0131<\/h1>\n\n\n\n<p><strong>Boyac\u0131 Hamdi Usta<\/strong>&nbsp;olarak, y\u0131llar\u0131n deneyimi ve profesyonelli\u011fi ile \u0130stanbul\u2019un her semtinde ve&nbsp;<strong>Kocaeli \u0130zmit<\/strong>&nbsp;gibi \u00e7evre illerde&nbsp;<strong>boya<\/strong>,&nbsp;<strong>tadilat<\/strong>&nbsp;ve&nbsp;<strong>dekorasyon<\/strong>&nbsp;hizmetleri sunuyoruz. M\u00fc\u015fterilerimize estetik ve uzun \u00f6m\u00fcrl\u00fc mekanlar yaratma konusunda uzmanla\u015fm\u0131\u015f bir ekibe sahibiz. \u0130\u00e7 ve d\u0131\u015f mekanlarda ger\u00e7ekle\u015ftirdi\u011fimiz&nbsp;<strong>boya badana<\/strong>,&nbsp;<strong>al\u00e7\u0131 s\u0131va<\/strong>,&nbsp;<strong>kartonpiyer montaj\u0131<\/strong>,&nbsp;<strong>mantolama<\/strong>&nbsp;ve&nbsp;<strong>\u0131s\u0131 yal\u0131t\u0131m\u0131<\/strong>&nbsp;gibi hizmetlerle ya\u015fam alanlar\u0131n\u0131z\u0131 yeniliyoruz.<\/p>\n\n\n\n<p><strong>Boyac\u0131 Hamdi Usta<\/strong>&nbsp;olarak, m\u00fc\u015fteri memnuniyetini her zaman \u00f6n planda tutuyoruz. Her projeye kendi i\u015fimiz gibi yakla\u015farak, kaliteli malzemeler ve detayl\u0131 i\u015f\u00e7ilikle projelerinizi zaman\u0131nda teslim ediyoruz. \u0130ster evinizi, ister i\u015f yerinizi ya da ticari alan\u0131n\u0131z\u0131 yenilemek isteyin, ekibimiz her t\u00fcrl\u00fc ihtiyac\u0131n\u0131za uygun \u00e7\u00f6z\u00fcmler sunmaktad\u0131r.<\/p>\n\n\n\n<h5 class=\"wp-block-heading\">Hizmet B\u00f6lgelerimiz<\/h5>\n\n\n\n<p>\u0130stanbul&#8217;un Avrupa ve Anadolu Yakas\u0131&#8217;nda, Kocaeli \u0130zmit&#8217;te ve \u00e7evresindeki b\u00f6lgelerde boya, tadilat ve dekorasyon hizmetleri sunuyoruz. Kad\u0131k\u00f6y, \u00dcsk\u00fcdar, Ata\u015fehir, Bak\u0131rk\u00f6y gibi bir\u00e7ok semtte kaliteli hizmet veriyoruz.<a href=\"https:\/\/www.boyacihamdiusta.com\/\"><\/a><\/p>\n\n\n\n<h5 class=\"wp-block-heading\">Hizmetlerimiz<\/h5>\n\n\n\n<p>Boyac\u0131 Hamdi Usta olarak, boyal\u0131, \u015f\u0131k ve estetik mekanlar yarat\u0131yoruz. \u0130\u00e7 ve d\u0131\u015f mekan boyama, al\u00e7\u0131 s\u0131va, kartonpiyer montaj\u0131, mantolama ve \u0131s\u0131 yal\u0131t\u0131m\u0131 gibi i\u015flemleri profesyonelce yap\u0131yoruz.<a href=\"https:\/\/www.boyacihamdiusta.com\/\"><\/a><\/p>\n\n\n\n<h5 class=\"wp-block-heading\">Neden Biz?<\/h5>\n\n\n\n<p>Y\u0131llar\u0131n verdi\u011fi deneyim ve profesyonel ekibimizle zaman\u0131nda teslimat, kaliteli malzeme kullan\u0131m\u0131 ve ekonomik \u00e7\u00f6z\u00fcmler ile hizmet sunuyoruz. Boyac\u0131 Hamdi Usta olarak m\u00fc\u015fteri memnuniyetini her zaman \u00f6n planda tutuyoruz.<a href=\"https:\/\/www.boyacihamdiusta.com\/\"><\/a><\/p>\n","protected":false},"excerpt":{"rendered":"<p>Boyac\u0131 Hamdi Usta | \u0130stanbul Boyac\u0131 Ustas\u0131 Boyac\u0131 Hamdi Usta&nbsp;olarak, y\u0131llar\u0131n deneyimi ve profesyonelli\u011fi ile \u0130stanbul\u2019un her semtinde ve&nbsp;Kocaeli \u0130zmit&nbsp;gibi \u00e7evre illerde&nbsp;boya,&nbsp;tadilat&nbsp;ve&nbsp;dekorasyon&nbsp;hizmetleri sunuyoruz. M\u00fc\u015fterilerimize estetik ve uzun \u00f6m\u00fcrl\u00fc mekanlar yaratma konusunda uzmanla\u015fm\u0131\u015f bir ekibe sahibiz. \u0130\u00e7 ve d\u0131\u015f mekanlarda ger\u00e7ekle\u015ftirdi\u011fimiz&nbsp;boya badana,&nbsp;al\u00e7\u0131 s\u0131va,&nbsp;kartonpiyer montaj\u0131,&nbsp;mantolama&nbsp;ve&nbsp;\u0131s\u0131 yal\u0131t\u0131m\u0131&nbsp;gibi hizmetlerle ya\u015fam alanlar\u0131n\u0131z\u0131 yeniliyoruz. Boyac\u0131 Hamdi Usta&nbsp;olarak, m\u00fc\u015fteri memnuniyetini her zaman [&hellip;]<\/p>\n","protected":false},"author":1,"featured_media":0,"parent":0,"menu_order":0,"comment_status":"closed","ping_status":"closed","template":"","meta":{"om_disable_all_campaigns":false,"_monsterinsights_skip_tracking":false,"_monsterinsights_sitenote_active":false,"_monsterinsights_sitenote_note":"","_monsterinsights_sitenote_category":0,"ngg_post_thumbnail":0,"footnotes":""},"class_list":["post-3015","page","type-page","status-publish","hentry"],"aioseo_notices":[],"_links":{"self":[{"href":"http:\/\/www.boyacihamdiusta.com\/index.php\/wp-json\/wp\/v2\/pages\/3015"}],"collection":[{"href":"http:\/\/www.boyacihamdiusta.com\/index.php\/wp-json\/wp\/v2\/pages"}],"about":[{"href":"http:\/\/www.boyacihamdiusta.com\/index.php\/wp-json\/wp\/v2\/types\/page"}],"author":[{"embeddable":true,"href":"http:\/\/www.boyacihamdiusta.com\/index.php\/wp-json\/wp\/v2\/users\/1"}],"replies":[{"embeddable":true,"href":"http:\/\/www.boyacihamdiusta.com\/index.php\/wp-json\/wp\/v2\/comments?post=3015"}],"version-history":[{"count":1,"href":"http:\/\/www.boyacihamdiusta.com\/index.php\/wp-json\/wp\/v2\/pages\/3015\/revisions"}],"predecessor-version":[{"id":3016,"href":"http:\/\/www.boyacihamdiusta.com\/index.php\/wp-json\/wp\/v2\/pages\/3015\/revisions\/3016"}],"wp:attachment":[{"href":"http:\/\/www.boyacihamdiusta.com\/index.php\/wp-json\/wp\/v2\/media?parent=3015"}],"curies":[{"name":"wp","href":"https:\/\/api.w.org\/{rel}","templated":true}]}}