{"id":3036,"date":"2025-11-12T19:34:11","date_gmt":"2025-11-12T16:34:11","guid":{"rendered":"https:\/\/www.boyacihamdiusta.com\/?page_id=3036"},"modified":"2025-11-12T19:44:38","modified_gmt":"2025-11-12T16:44:38","slug":"adil-mahalesi-boyaci-05445127436","status":"publish","type":"page","link":"http:\/\/www.boyacihamdiusta.com\/index.php\/adil-mahalesi-boyaci-05445127436\/","title":{"rendered":"Adil Mahalesi Boyac\u0131 05445127436"},"content":{"rendered":"\n<h1 class=\"wp-block-heading\" id=\"h.p_ID_13\">SULTANBEYL\u0130 BOYACI<\/h1>\n\n\n\n<p>Sultanbeyli boyac\u0131 ustas\u0131 sultanbeyli boya badana ustas\u0131 ev veya ofis boya i\u015flerinizde m\u00fc\u015fterilerimizin<\/p>\n\n\n\n<p>Hizmetindedir yerinde \u00fccretsiz ke\u015fif ve fiyatland\u0131rma hizmeti ile t\u00fcm&nbsp; boya al\u00e7\u0131 ve di\u011fer tadilat tamirat i\u00e7 dekorasyon mantolama<\/p>\n\n\n\n<p>al\u00e7\u0131 s\u0131va,saten s\u0131va uygulama&nbsp; i\u015fleriniz i\u00e7in bizi aray\u0131n.<\/p>\n\n\n\n<p>Ev veya ofisinizi boyatmay\u0131 d\u00fc\u015f\u00fcn\u00fcyorsan\u0131z ustas\u0131nda boya ustas\u0131 badana hizmeti&nbsp;<\/p>\n\n\n\n<p>ister e\u015fyal\u0131 ister bo\u015f olsun boya badana yapt\u0131rmak istiyorsan\u0131z firmam\u0131z yerinde \u00fccretsiz ke\u015fif avantaj\u0131 ile siz de\u011ferli m\u00fc\u015fterilerimize&nbsp;<\/p>\n\n\n\n<p>Hizmet sunmaktad\u0131r uzman deneyimli ekibimiz ile evinizi profesyonel bir \u015fekilde boyay\u0131p size teslim ediyoruz,<\/p>\n\n\n\n<p>boyac\u0131 ar\u0131yorum diyorsan\u0131z boya badana&nbsp; i\u015fleri yapanlar ev boya ama fiyatlar\u0131n\u0131z merak ediyorsan\u0131z,<\/p>\n\n\n\n<p>bizden fiyat almadan kesinlikle karar vermeyin hemde \u00e7ok ekonomik fiyata kaliteli i\u015f\u00e7ilikle.alan\u0131nda en iyi boyac\u0131 ekibi&nbsp;<\/p>\n\n\n\n<p>evinizi ba\u015ftan yaratmak i\u00e7in haz\u0131r bekliyor&nbsp;<\/p>\n\n\n\n<p>Deneyimli usta kadromuz ile 08 ile 24 saatleri aras\u0131 arayabilir&nbsp;<\/p>\n\n\n\n<p>Boyataca\u011f\u0131n\u0131z mekanan\u0131n resimlerini whatsap bize atarak fiyat bilgisi alabilirsiniz&nbsp;<\/p>\n\n\n\n<figure class=\"wp-block-image\"><img decoding=\"async\" src=\"https:\/\/lh3.googleusercontent.com\/sitesv\/AAzXCke2jdQPQRy5Vgijy9ElnerlMsxdYlY01jJvxcx7S9NT2iHAPzrrjDPlzKoAx41HOQtlSWD10oRIodEd94_S2bi8YmZEux7Ix84ZGRvuaqHSan5DphIn389ah5ikWl_DQgecdZMjMgM8sUDQaoWfkUhDT8Esr7qwPqLefUHJGvZQF-4tcNAwycV0kVQbElZU_IpWFvoy=w1280\" alt=\"\"\/><\/figure>\n\n\n\n<p>Eviniz boyac\u0131 ustas\u0131 boyatt\u0131\u011f\u0131n\u0131zda art\u0131k eskisi gibi di\u011fer boyac\u0131lar\u0131n g\u00fcnlerce evinizi i\u015fgal etmesine son veriyoruz bizi aray\u0131n&nbsp;<\/p>\n\n\n\n<p>Deneyimli ustalar\u0131m\u0131z gelip evinizi \u00e7oki k\u0131sa s\u00fcrede boyay\u0131p size teslim etsin&nbsp; ..<\/p>\n\n\n\n<p>Boya badana i\u015fleri ustas\u0131 biz evinizi boyad\u0131\u011f\u0131m\u0131z&#8217;da avantaj\u0131n\u0131z direk ustas\u0131ndan hizmet alm\u0131\u015f olacaks\u0131n\u0131z&nbsp;<\/p>\n\n\n\n<p>ikinci \u015fah\u0131slarla muhatap olmadan zaman kaybetmeden Boya badana i\u015flerinizi i\u015finde deneyimli uzman ki\u015filere yapt\u0131rm\u0131\u015f olacaksan\u0131z&nbsp;<\/p>\n\n\n\n<p>Arada arac\u0131 komisyoncu olmad\u0131\u011f\u0131 i\u00e7in evinizi daha ekonomik fiyata evinizi veya i\u015fyerinizi boyatm\u0131\u015f olacaks\u0131n\u0131z&nbsp;<\/p>\n\n\n\n<p>\u00dcstelik boya i\u015finizi i\u015fin ger\u00e7ek ustalar\u0131na yapt\u0131rm\u0131\u015f olacaks\u0131n\u0131z&nbsp;<\/p>\n\n\n\n<p>Boyac\u0131 ustalar\u0131 servisimiz t\u00fcm istanbulu kapsar istanbulun her noktas\u0131na hizmetimiz mevcuttur bizi arad\u0131\u011f\u0131n\u0131zda 1-2 saat sonra&nbsp;<\/p>\n\n\n\n<p>Ustalar\u0131m\u0131z yerinde ke\u015fif i\u00e7in boyataca\u011f\u0131n\u0131z mekana gelir yan\u0131nda getirdi\u011fi renk kartelalar\u0131n\u0131n&#8217;da renk se\u00e7iminde size yard\u0131mc\u0131 olur&nbsp;<\/p>\n\n\n\n<p>Boya markalar\u0131 ve boya \u00e7e\u015fitleri hakk\u0131nda bilgilendirir istedi\u011finiz markan\u0131n boya \u00e7e\u015fidini se\u00e7ebilirsiniz.<\/p>\n","protected":false},"excerpt":{"rendered":"<p>SULTANBEYL\u0130 BOYACI Sultanbeyli boyac\u0131 ustas\u0131 sultanbeyli boya badana ustas\u0131 ev veya ofis boya i\u015flerinizde m\u00fc\u015fterilerimizin Hizmetindedir yerinde \u00fccretsiz ke\u015fif ve fiyatland\u0131rma hizmeti ile t\u00fcm&nbsp; boya al\u00e7\u0131 ve di\u011fer tadilat tamirat i\u00e7 dekorasyon mantolama al\u00e7\u0131 s\u0131va,saten s\u0131va uygulama&nbsp; i\u015fleriniz i\u00e7in bizi aray\u0131n. Ev veya ofisinizi boyatmay\u0131 d\u00fc\u015f\u00fcn\u00fcyorsan\u0131z ustas\u0131nda boya ustas\u0131 badana hizmeti&nbsp; ister e\u015fyal\u0131 ister bo\u015f [&hellip;]<\/p>\n","protected":false},"author":1,"featured_media":0,"parent":0,"menu_order":0,"comment_status":"closed","ping_status":"closed","template":"","meta":{"om_disable_all_campaigns":false,"_monsterinsights_skip_tracking":false,"_monsterinsights_sitenote_active":false,"_monsterinsights_sitenote_note":"","_monsterinsights_sitenote_category":0,"ngg_post_thumbnail":0,"footnotes":""},"class_list":["post-3036","page","type-page","status-publish","hentry"],"aioseo_notices":[],"_links":{"self":[{"href":"http:\/\/www.boyacihamdiusta.com\/index.php\/wp-json\/wp\/v2\/pages\/3036"}],"collection":[{"href":"http:\/\/www.boyacihamdiusta.com\/index.php\/wp-json\/wp\/v2\/pages"}],"about":[{"href":"http:\/\/www.boyacihamdiusta.com\/index.php\/wp-json\/wp\/v2\/types\/page"}],"author":[{"embeddable":true,"href":"http:\/\/www.boyacihamdiusta.com\/index.php\/wp-json\/wp\/v2\/users\/1"}],"replies":[{"embeddable":true,"href":"http:\/\/www.boyacihamdiusta.com\/index.php\/wp-json\/wp\/v2\/comments?post=3036"}],"version-history":[{"count":1,"href":"http:\/\/www.boyacihamdiusta.com\/index.php\/wp-json\/wp\/v2\/pages\/3036\/revisions"}],"predecessor-version":[{"id":3037,"href":"http:\/\/www.boyacihamdiusta.com\/index.php\/wp-json\/wp\/v2\/pages\/3036\/revisions\/3037"}],"wp:attachment":[{"href":"http:\/\/www.boyacihamdiusta.com\/index.php\/wp-json\/wp\/v2\/media?parent=3036"}],"curies":[{"name":"wp","href":"https:\/\/api.w.org\/{rel}","templated":true}]}}