{"id":2198,"date":"2020-11-11T23:56:10","date_gmt":"2020-11-11T20:56:10","guid":{"rendered":"http:\/\/www.boyacihamdiusta.com\/?page_id=2198"},"modified":"2020-11-11T23:58:11","modified_gmt":"2020-11-11T20:58:11","slug":"bagdat-caddesi-boyaci-ustasi","status":"publish","type":"page","link":"https:\/\/www.boyacihamdiusta.com\/index.php\/bagdat-caddesi-boyaci-ustasi\/","title":{"rendered":"Ba\u011fdat Caddesi Boyac\u0131 Ustas\u0131"},"content":{"rendered":"<p><strong>Ba\u011fdat Caddesi Boyac\u0131 Ustas\u0131<\/strong><\/p>\n<p>&nbsp;<\/p>\n<p>Mek\u00e2nlar\u0131n en b\u00fcy\u00fck ihtiyac\u0131 boya ve badana ihtiyac\u0131d\u0131r. Bu ihtiya\u00e7 temizlik ve sterilize a\u00e7\u0131s\u0131ndan da \u00e7ok \u00f6nemlidir. Evlerdeki e\u015fyay\u0131, dekoratifli\u011fi ve g\u00f6rselli\u011fi ortaya koyan en \u00f6nemli detay boya ve badanas\u0131n\u0131n g\u00fczel olmas\u0131d\u0131r. Kaliteli malzeme kullan\u0131lmas\u0131 da bu g\u00f6rsele \u00f6zellik ve stil katar. Boyay\u0131 yapan ustan\u0131n da tecr\u00fcbeli ve i\u015finin ehli olmas\u0131 yap\u0131lan i\u015fin dizayn\u0131n\u0131 ve dekoratifli\u011fini ortaya \u00e7\u0131karacakt\u0131r.<\/p>\n<p>&nbsp;<\/p>\n<figure id=\"attachment_2199\" aria-describedby=\"caption-attachment-2199\" style=\"width: 242px\" class=\"wp-caption alignleft\"><img loading=\"lazy\" decoding=\"async\" class=\" wp-image-2199\" src=\"http:\/\/www.boyacihamdiusta.com\/wp-content\/uploads\/2020\/11\/bagdat-caddesi-boyaci-ustasi-169x300.jpg\" alt=\"\" width=\"242\" height=\"430\" srcset=\"https:\/\/www.boyacihamdiusta.com\/wp-content\/uploads\/2020\/11\/bagdat-caddesi-boyaci-ustasi-169x300.jpg 169w, https:\/\/www.boyacihamdiusta.com\/wp-content\/uploads\/2020\/11\/bagdat-caddesi-boyaci-ustasi-576x1024.jpg 576w, https:\/\/www.boyacihamdiusta.com\/wp-content\/uploads\/2020\/11\/bagdat-caddesi-boyaci-ustasi-768x1365.jpg 768w, https:\/\/www.boyacihamdiusta.com\/wp-content\/uploads\/2020\/11\/bagdat-caddesi-boyaci-ustasi-864x1536.jpg 864w, https:\/\/www.boyacihamdiusta.com\/wp-content\/uploads\/2020\/11\/bagdat-caddesi-boyaci-ustasi.jpg 900w\" sizes=\"(max-width: 242px) 100vw, 242px\" \/><figcaption id=\"caption-attachment-2199\" class=\"wp-caption-text\">bagdat caddesi boyac\u0131 ustas\u0131<\/figcaption><\/figure>\n<p>Firmam\u0131z boya ve badana konusunda y\u0131llard\u0131r \u0130stanbul ilinde hizmet sunuyor. \u00c7al\u0131\u015fma yapt\u0131\u011f\u0131m\u0131z b\u00f6lgelere <strong>Ba\u011fdat Caddesi boyac\u0131 ustas\u0131 <\/strong>hizmetlerimizi de ekleyerek, kaliteli hizmetlerimize kolayca ula\u015fman\u0131z\u0131 sa\u011flamaktay\u0131z. Ev, i\u015f yeri, ma\u011faza, ofis ve b\u00fcro gibi mek\u00e2nlar\u0131n\u0131z i\u00e7in en kaliteli boyac\u0131l\u0131k ve badana hizmetini firmam\u0131zdan alabilirsiniz.<\/p>\n<p><strong>&nbsp;<\/strong><\/p>\n<p><strong>Ba\u011fdat Caddesi Boya Ustas\u0131ndan Dekoratif G\u00f6rseller<\/strong><\/p>\n<p><strong>&nbsp;<\/strong><\/p>\n<p>Eski yeni fark etmeksizin her mek\u00e2n\u0131n y\u0131lda bir kere badana yap\u0131lmas\u0131 \u015fartt\u0131r. Badana yap\u0131lmas\u0131 yaln\u0131zca g\u00f6rsel a\u00e7\u0131dan de\u011fil mek\u00e2nlarda olu\u015fan ha\u015ferelere kar\u015f\u0131 da etkili bir temizlik sa\u011flar. <strong>Ba\u011fdat Caddesi boyac\u0131 ustas\u0131 <\/strong>hizmetlerimizde duvarlar\u0131n\u0131zda olu\u015fan k\u0131r\u0131k, \u00e7atlak ve a\u015f\u0131nm\u0131\u015f alanlar\u0131 da yok etmekteyiz. P\u00fcr\u00fczs\u00fcz yap\u0131 tasarlayan \u00e7al\u0131\u015fmalar\u0131m\u0131z sayesinde tertemiz alanlara sahip olabilirsiniz.<\/p>\n<p>&nbsp;<\/p>\n<p>En kaliteli boya maddelerini kullanarak ya\u015fam alanlar\u0131n\u0131zda hijyeni sa\u011flamaktay\u0131z. En ince ayr\u0131nt\u0131s\u0131na kadar detayla tasarlad\u0131\u011f\u0131m\u0131z hizmetlerimizde \u00f6nceli\u011fimiz m\u00fc\u015fteri memnuniyetini tam anlam\u0131yla sa\u011flamakt\u0131r. Boya ve badana hizmeti al\u0131m ihtiya\u00e7lar\u0131n\u0131z i\u00e7in bizlere ula\u015fabilirsiniz.<\/p>\n<p>&nbsp;<\/p>\n<p><strong>Ba\u011fdat Caddesi Boyac\u0131 Ustas\u0131ndan Kaliteli Hizmetler<\/strong><\/p>\n<p><strong>&nbsp;<\/strong><\/p>\n<p>Boya ve badana i\u015fi ya\u015fam alanlar\u0131nda e\u015fya bulunmas\u0131 ve bulunmamas\u0131 hususuna g\u00f6re de\u011fi\u015fim g\u00f6sterir. Evde kalabal\u0131k e\u015fya bulunmas\u0131 bu i\u015fi zor hale getirecektir. Bu e\u015fyalar\u0131n boya ve di\u011fer materyallerden korunmas\u0131 hizmet al\u0131nacak olan firman\u0131n kalitesiyle \u00f6rt\u00fc\u015f\u00fcr.<\/p>\n<p>&nbsp;<\/p>\n<p><strong>Ba\u011fdat Caddesi boyac\u0131 ustas\u0131 hizmetlerimizde<\/strong> evinizin yer zemin ve e\u015fyalar\u0131n\u0131 koruyacak \u015fekilde \u00e7al\u0131\u015fmalar sunmaktay\u0131z. H\u0131zl\u0131 ve kaliteli \u00e7al\u0131\u015fmalar\u0131m\u0131z\u0131n yan\u0131nda temiz \u00e7al\u0131\u015fma prensibimiz de hizmetlerimizden memnun kalman\u0131z\u0131 sa\u011flayacakt\u0131r.<\/p>\n<p>&nbsp;<\/p>\n<p>Kaliteli bir boyac\u0131dan hizmet almak i\u00e7in bizlerle ileti\u015fim kurabilirsiniz. Eviniz, i\u015f yerleriniz, ofis ve b\u00fcrolar\u0131n\u0131zda p\u0131r\u0131l p\u0131r\u0131l bir g\u00f6rsele sahip olmak i\u00e7in firmam\u0131zdan badana hizmeti alabilirsiniz. Kaliteli boyalar\u0131m\u0131zla her t\u00fcrl\u00fc duvara \u00f6zg\u00fc boyama yapmaktay\u0131z. Al\u00e7\u0131 \u00e7ekimi, silikon boyama, kartonpiyer, bord\u00fcr ve ya\u011fl\u0131 boya gibi t\u00fcm isteklerinize \u00f6zel \u00e7al\u0131\u015fmalar\u0131m\u0131z bulunuyor. Badana i\u015fleriniz i\u00e7in g\u00fcvenilir bir firmadan hizmet almak i\u00e7in firmam\u0131z\u0131 tercih edebilirsiniz.<\/p>\n<p>&nbsp;<\/p>\n<p><strong>Ba\u011fdat Caddesi Boyac\u0131 Ustas\u0131ndan Kampanyal\u0131 Fiyatlar<\/strong><\/p>\n<p><strong>&nbsp;<\/strong><\/p>\n<p>Boya ve badana i\u015flerinin yaz aylar\u0131na \u00f6zel i\u015fler oldu\u011fu g\u00f6r\u00fc\u015f\u00fc h\u00e2kim olsa da, k\u0131\u015f mevsiminde de bu i\u015fler son derece kaliteli olarak uygulan\u0131yor. Firmam\u0131z her mevsimde boya ve badana hizmeti sunu\u015fuyla m\u00fc\u015fterilerinin bu konudaki ma\u011fduriyetini ortadan kald\u0131r\u0131yor.<\/p>\n<p>&nbsp;<\/p>\n<p>Firmam\u0131z k\u0131\u015f aylar\u0131na \u00f6zel olarak sunmu\u015f oldu\u011fu fiyatlarla boya ve badana hizmeti sunuyor. Ya\u015fam alanlar\u0131n\u0131z\u0131n boya ve badanaya ihtiyac\u0131 oldu\u011funu d\u00fc\u015f\u00fcn\u00fcyor ve g\u00f6r\u00fcn\u00fc\u015f\u00fcnsen rahats\u0131z oluyorsan\u0131z firmam\u0131z\u0131 tercih edebilirsiniz. H\u0131zl\u0131 ve nitelikli \u00e7al\u0131\u015fmalar\u0131m\u0131zdan yararlanmak i\u00e7in bizlerle ileti\u015fim kurabilirsiniz.<\/p>\n","protected":false},"excerpt":{"rendered":"<p>Ba\u011fdat Caddesi Boyac\u0131 Ustas\u0131 &nbsp; Mek\u00e2nlar\u0131n en b\u00fcy\u00fck ihtiyac\u0131 boya ve badana ihtiyac\u0131d\u0131r. Bu ihtiya\u00e7 temizlik ve sterilize a\u00e7\u0131s\u0131ndan da \u00e7ok \u00f6nemlidir. Evlerdeki e\u015fyay\u0131, dekoratifli\u011fi ve g\u00f6rselli\u011fi ortaya koyan en \u00f6nemli detay boya ve badanas\u0131n\u0131n g\u00fczel olmas\u0131d\u0131r. Kaliteli malzeme kullan\u0131lmas\u0131 da bu g\u00f6rsele \u00f6zellik ve stil katar. Boyay\u0131 yapan ustan\u0131n da tecr\u00fcbeli ve i\u015finin ehli [&hellip;]<\/p>\n","protected":false},"author":1,"featured_media":0,"parent":0,"menu_order":0,"comment_status":"closed","ping_status":"closed","template":"","meta":{"om_disable_all_campaigns":false,"_monsterinsights_skip_tracking":false,"_monsterinsights_sitenote_active":false,"_monsterinsights_sitenote_note":"","_monsterinsights_sitenote_category":0,"ngg_post_thumbnail":0,"footnotes":""},"class_list":["post-2198","page","type-page","status-publish","hentry"],"aioseo_notices":[],"_links":{"self":[{"href":"https:\/\/www.boyacihamdiusta.com\/index.php\/wp-json\/wp\/v2\/pages\/2198"}],"collection":[{"href":"https:\/\/www.boyacihamdiusta.com\/index.php\/wp-json\/wp\/v2\/pages"}],"about":[{"href":"https:\/\/www.boyacihamdiusta.com\/index.php\/wp-json\/wp\/v2\/types\/page"}],"author":[{"embeddable":true,"href":"https:\/\/www.boyacihamdiusta.com\/index.php\/wp-json\/wp\/v2\/users\/1"}],"replies":[{"embeddable":true,"href":"https:\/\/www.boyacihamdiusta.com\/index.php\/wp-json\/wp\/v2\/comments?post=2198"}],"version-history":[{"count":2,"href":"https:\/\/www.boyacihamdiusta.com\/index.php\/wp-json\/wp\/v2\/pages\/2198\/revisions"}],"predecessor-version":[{"id":2291,"href":"https:\/\/www.boyacihamdiusta.com\/index.php\/wp-json\/wp\/v2\/pages\/2198\/revisions\/2291"}],"wp:attachment":[{"href":"https:\/\/www.boyacihamdiusta.com\/index.php\/wp-json\/wp\/v2\/media?parent=2198"}],"curies":[{"name":"wp","href":"https:\/\/api.w.org\/{rel}","templated":true}]}}