{"id":2213,"date":"2020-11-12T00:25:17","date_gmt":"2020-11-11T21:25:17","guid":{"rendered":"http:\/\/www.boyacihamdiusta.com\/?page_id=2213"},"modified":"2020-11-12T00:32:42","modified_gmt":"2020-11-11T21:32:42","slug":"maltepe-boyaci-ustasi","status":"publish","type":"page","link":"https:\/\/www.boyacihamdiusta.com\/index.php\/maltepe-boyaci-ustasi\/","title":{"rendered":"Maltepe Boyac\u0131 Ustas\u0131"},"content":{"rendered":"<h1><strong>Maltepe Boyac\u0131 Ustas\u0131<\/strong><\/h1>\n<p>&nbsp;<\/p>\n<p>Bir mek\u00e2n\u0131n temiz ve bak\u0131ml\u0131 olmas\u0131 o yerin duvar dekorasyonu ile alakal\u0131d\u0131r. Duvar dekorasyonunun bak\u0131ml\u0131 olmas\u0131 i\u00e7in de boya sisteminin nitelikli bir \u015fekilde yap\u0131lmas\u0131 gereklidir. Boya sekt\u00f6r\u00fcnde \u00e7ok say\u0131da firma hizmet veriyor. Ancak boya i\u015flemleri konusunda uzman ayn\u0131 zamanda profesyonel ustalardan hizmet almak gerekiyor.<\/p>\n<p>&nbsp;<\/p>\n<figure id=\"attachment_2215\" aria-describedby=\"caption-attachment-2215\" style=\"width: 191px\" class=\"wp-caption alignleft\"><img loading=\"lazy\" decoding=\"async\" class=\" wp-image-2215\" src=\"http:\/\/www.boyacihamdiusta.com\/wp-content\/uploads\/2020\/11\/maltepe-boyaci-ustasi-169x300.jpg\" alt=\"\" width=\"191\" height=\"339\" srcset=\"https:\/\/www.boyacihamdiusta.com\/wp-content\/uploads\/2020\/11\/maltepe-boyaci-ustasi-169x300.jpg 169w, https:\/\/www.boyacihamdiusta.com\/wp-content\/uploads\/2020\/11\/maltepe-boyaci-ustasi-576x1024.jpg 576w, https:\/\/www.boyacihamdiusta.com\/wp-content\/uploads\/2020\/11\/maltepe-boyaci-ustasi-768x1365.jpg 768w, https:\/\/www.boyacihamdiusta.com\/wp-content\/uploads\/2020\/11\/maltepe-boyaci-ustasi-864x1536.jpg 864w, https:\/\/www.boyacihamdiusta.com\/wp-content\/uploads\/2020\/11\/maltepe-boyaci-ustasi.jpg 900w\" sizes=\"(max-width: 191px) 100vw, 191px\" \/><figcaption id=\"caption-attachment-2215\" class=\"wp-caption-text\">maltepe boyac\u0131 ustas\u0131<\/figcaption><\/figure>\n<p>Bu kategoride olu\u015fturdu\u011fumuz <strong>Maltepe boyac\u0131 ustas\u0131 <\/strong>alan\u0131nda en nitelikli hizmeti sunuyoruz. Firmam\u0131zla ileti\u015fime ge\u00e7erek de\u011ferli olan ya\u015fam alanlar\u0131n\u0131z\u0131n t\u00fcm boya i\u015flemlerini yapt\u0131rabilirsiniz. Firmam\u0131z boya i\u015flemlerinde bilinen ayn\u0131 zamanda sayg\u0131n bir firmad\u0131r. Her mevsimde boya hizmeti veren firmam\u0131zla ileti\u015fime ge\u00e7erek boya ve badana hizmet talebinde bulunabilirsiniz.<\/p>\n<p>&nbsp;<\/p>\n<h2><strong>Maltepe Boyac\u0131 Ustas\u0131 ile<\/strong><strong>Ya\u015fam Alanlar\u0131n\u0131z P\u0131r\u0131l P\u0131r\u0131l Olsun<\/strong><\/h2>\n<p><strong>&nbsp;<\/strong><\/p>\n<p>Ev, i\u015fyeri gibi ya\u015fam alanlar\u0131n\u0131n dekorasyon konusu olduk\u00e7a \u00f6nemli olan bir konudur. G\u00f6steri\u015fli bir dekorasyon i\u00e7in duvarlar\u0131n ve tavan k\u0131sm\u0131n\u0131n d\u00fczenli bir \u015fekilde boya ve badanas\u0131n\u0131n yap\u0131lmas\u0131 \u015fartt\u0131r. <strong>Maltepe boyac\u0131 ustas\u0131 <\/strong>olarak hizmet veren firmam\u0131zda t\u00fcm ya\u015fam alanlar\u0131n\u0131n boya, badana, al\u00e7\u0131pan yapma hizmetlerini ger\u00e7ekle\u015ftirerek p\u0131r\u0131l p\u0131r\u0131l olmas\u0131n\u0131 sa\u011fl\u0131yoruz.<\/p>\n<p>&nbsp;<\/p>\n<p>Nitelikli bir boyac\u0131 ustas\u0131ndan hizmet almak istiyorsan\u0131z Maltepe b\u00f6lge genelinde hizmet veren firmam\u0131z\u0131 tercih etmelisiniz. Ya\u015fam alanlar\u0131n\u0131z\u0131n sa\u011fl\u0131kl\u0131 ve bak\u0131ml\u0131 olmas\u0131n\u0131 istiyorsan\u0131z firmam\u0131zla ba\u011flant\u0131 kurabilirsiniz. Maltepe boya ve badana yapan firmam\u0131zda i\u015fin ehli ustalar\u0131m\u0131zla birlikte yaz k\u0131\u015f demeden en kalifiye hizmeti veriyoruz.<\/p>\n<p>&nbsp;<\/p>\n<h2><strong>Maltepe Boyac\u0131 Ustas\u0131 ile<\/strong><strong>&nbsp;Boya Badana Hizmeti<\/strong><\/h2>\n<p><strong>&nbsp;<\/strong><\/p>\n<p>Uzun y\u0131llar \u00f6nce boya, badana, duvar \u00e7atlaklar\u0131 s\u0131vama alan\u0131nda kurmu\u015f oldu\u011fumuz <strong>Maltepe boyac\u0131 ustas\u0131 <\/strong>isimli firmam\u0131zda ekonomik fiyat skalas\u0131 ile en titiz hizmeti sunuyoruz. M\u00fc\u015fterilerimize destek olmak amac\u0131yla boyalar\u0131 kendimiz temin edebiliyoruz.<\/p>\n<p>&nbsp;<\/p>\n<p>Bunun aksi durumunda ise yani m\u00fc\u015fterilerimiz temin ederse ona g\u00f6re fiyat belirlemesi yap\u0131yoruz. Duvar dekorasyonu konusunda en uygun hizmeti almak i\u00e7in firmam\u0131zla ileti\u015fime ge\u00e7ebilir teklif alabilirsiniz. Boya ve badana sekt\u00f6r\u00fcnde ekonomik fiyatl\u0131 bir hizmet almak i\u00e7in firmam\u0131zla ileti\u015fime ge\u00e7ebilirsiniz.<\/p>\n<p>&nbsp;<\/p>\n<h2><strong>Maltepe Boyac\u0131 Ustas\u0131 <\/strong><strong>Boya ve Badana \u0130\u015flemlerinde Kaliteli Hizmet<\/strong><\/h2>\n<h2><strong>&nbsp;<\/strong><\/h2>\n<p>Ya\u015fam alanlar\u0131n\u0131n rahat ve konforlu olmas\u0131 i\u00e7in g\u00f6rsel a\u00e7\u0131dan d\u00fczenli olmas\u0131 gereklidir. Dekorasyon konusu ile ba\u011flant\u0131l\u0131 olan bu detay ya\u015fam alanlar\u0131n\u0131n boya ve badana i\u015fleminin kaliteli bir \u015fekilde yap\u0131lmas\u0131 ile elde edilir. Firma b\u00fcnyemizde ev, i\u015fyeri, okul gibi s\u0131k kullan\u0131lan t\u00fcm ya\u015fam alanlar\u0131n\u0131n boya, badana, al\u00e7\u0131 \u00e7ekme, tavan boyama ve daha \u00e7ok say\u0131da se\u00e7eneklerini yerine getiriyoruz.<\/p>\n<p>&nbsp;<\/p>\n<p>Maltepe boyac\u0131 ustas\u0131 aramas\u0131 yaparak firmam\u0131zla direkt olarak ba\u011flant\u0131 kurabilirsiniz. Boyac\u0131 ustalar\u0131m\u0131z boya ve badana yap\u0131lacak olan ortamlarda yerleri asla kirletmeden en temiz boya i\u015flemini yap\u0131yor. Maltepe b\u00f6lge genelinde boya konusunda ustala\u015fm\u0131\u015f bir firma ar\u0131yorsan\u0131z kesinlikle firmam\u0131zdan hizmet almal\u0131s\u0131n\u0131z.<\/p>\n<p>&nbsp;<\/p>\n<p>Boyac\u0131 ustalar\u0131m\u0131z boya ve badana ile ilgili t\u00fcm hizmetleri ba\u015far\u0131l\u0131 ayn\u0131 zamanda titiz bir \u00e7al\u0131\u015fma yaparak tamaml\u0131yor. Acil bir durumdan dolay\u0131 boya ya da badana ihtiyac\u0131 duydu\u011funuzda Maltepe boyac\u0131 ustas\u0131 firmam\u0131zdan en kaliteli hizmeti alabilirsiniz.<\/p>\n<p>&nbsp;<\/p>\n<p>&nbsp;<\/p>\n","protected":false},"excerpt":{"rendered":"<p>Maltepe Boyac\u0131 Ustas\u0131 &nbsp; Bir mek\u00e2n\u0131n temiz ve bak\u0131ml\u0131 olmas\u0131 o yerin duvar dekorasyonu ile alakal\u0131d\u0131r. Duvar dekorasyonunun bak\u0131ml\u0131 olmas\u0131 i\u00e7in de boya sisteminin nitelikli bir \u015fekilde yap\u0131lmas\u0131 gereklidir. Boya sekt\u00f6r\u00fcnde \u00e7ok say\u0131da firma hizmet veriyor. Ancak boya i\u015flemleri konusunda uzman ayn\u0131 zamanda profesyonel ustalardan hizmet almak gerekiyor. &nbsp; Bu kategoride olu\u015fturdu\u011fumuz Maltepe boyac\u0131 ustas\u0131 [&hellip;]<\/p>\n","protected":false},"author":1,"featured_media":0,"parent":0,"menu_order":0,"comment_status":"closed","ping_status":"closed","template":"","meta":{"om_disable_all_campaigns":false,"_monsterinsights_skip_tracking":false,"_monsterinsights_sitenote_active":false,"_monsterinsights_sitenote_note":"","_monsterinsights_sitenote_category":0,"ngg_post_thumbnail":0,"footnotes":""},"class_list":["post-2213","page","type-page","status-publish","hentry"],"aioseo_notices":[],"_links":{"self":[{"href":"https:\/\/www.boyacihamdiusta.com\/index.php\/wp-json\/wp\/v2\/pages\/2213"}],"collection":[{"href":"https:\/\/www.boyacihamdiusta.com\/index.php\/wp-json\/wp\/v2\/pages"}],"about":[{"href":"https:\/\/www.boyacihamdiusta.com\/index.php\/wp-json\/wp\/v2\/types\/page"}],"author":[{"embeddable":true,"href":"https:\/\/www.boyacihamdiusta.com\/index.php\/wp-json\/wp\/v2\/users\/1"}],"replies":[{"embeddable":true,"href":"https:\/\/www.boyacihamdiusta.com\/index.php\/wp-json\/wp\/v2\/comments?post=2213"}],"version-history":[{"count":3,"href":"https:\/\/www.boyacihamdiusta.com\/index.php\/wp-json\/wp\/v2\/pages\/2213\/revisions"}],"predecessor-version":[{"id":2217,"href":"https:\/\/www.boyacihamdiusta.com\/index.php\/wp-json\/wp\/v2\/pages\/2213\/revisions\/2217"}],"wp:attachment":[{"href":"https:\/\/www.boyacihamdiusta.com\/index.php\/wp-json\/wp\/v2\/media?parent=2213"}],"curies":[{"name":"wp","href":"https:\/\/api.w.org\/{rel}","templated":true}]}}