{"id":2313,"date":"2021-05-02T09:44:08","date_gmt":"2021-05-02T06:44:08","guid":{"rendered":"https:\/\/www.boyacihamdiusta.com\/?page_id=2313"},"modified":"2024-04-11T11:29:00","modified_gmt":"2024-04-11T08:29:00","slug":"izmit-boyaci","status":"publish","type":"page","link":"https:\/\/www.boyacihamdiusta.com\/index.php\/izmit-boyaci\/","title":{"rendered":"\u0130zmit boyaci 05445127436"},"content":{"rendered":"\n<h5 class=\"wp-block-heading\">\u0130ZM\u0130T  EV TAD\u0130LAT DEKORASYON<\/h5>\n\n\n\n<p>Evlerinizin T\u00fcm Tadilat ve Dekorasyon \u0130\u015fleri \u0130\u00e7in Bizleri Araya<\/p>\n\n\n\n<h5 class=\"wp-block-heading\">\u0130ZM\u0130T  FABR\u0130KA TAD\u0130LAT DEKORASYON<\/h5>\n\n\n\n<p>Fabrika ve \u0130\u00e7 Ofislerinizin T\u00fcm Tadilat ve Dekorasyonlar\u0131 \u0130\u00e7in Bizleri Arayabi<\/p>\n\n\n\n<h5 class=\"wp-block-heading\">iZM\u0130T BANYO TAD\u0130LAT DEKORASYON<\/h5>\n\n\n\n<p>Ev ve \u0130\u015f Yerlerinizin Banyolar\u0131n\u0131 Komple Yeniliyoruz. Anahtar Teslim Tadilat \u0130\u00e7in Bizleri Arayabilirsiniz<\/p>\n\n\n\n<figure class=\"wp-block-image\"><img decoding=\"async\" src=\"https:\/\/ekobi.s3.eu-central-1.amazonaws.com\/services\/2022\/04\/1e193e302edb6ecd67c10aa3c24b8004.jpg\" alt=\"Mutfak Tadilat ve Dekorasyon\"\/><\/figure>\n\n\n\n<h5 class=\"wp-block-heading\">\u0130ZM\u0130T MUTFAK TAD\u0130LAT VE DEKORASYON<\/h5>\n\n\n\n<p>Ev ve \u0130\u015f Yerlerinizin Mutfaklar\u0131n\u0131 Komple Yeniliyoruz. Anahtar Teslim Tadilat \u0130\u00e7in Bizleri Arayabilirsiniz<\/p>\n\n\n\n<p>&nbsp;HEMEN ARA<\/p>\n\n\n\n<p><a href=\"https:\/\/api.whatsapp.com\/send?phone=+905545668856\">&nbsp;<\/a>05445127436<\/p>\n\n\n\n<figure class=\"wp-block-embed is-type-wp-embed is-provider-boyac-hamdi-usta wp-block-embed-boyac-hamdi-usta\"><div class=\"wp-block-embed__wrapper\">\n<blockquote class=\"wp-embedded-content\" data-secret=\"dQO0AiNtPH\"><a href=\"https:\/\/www.boyacihamdiusta.com\/\">Home<\/a><\/blockquote><iframe loading=\"lazy\" class=\"wp-embedded-content\" sandbox=\"allow-scripts\" security=\"restricted\" style=\"position: absolute; visibility: hidden;\" title=\"&#8220;Home&#8221; &#8212; Boyac\u0131 Hamdi Usta\" src=\"https:\/\/www.boyacihamdiusta.com\/embed\/#?secret=ju5qxcj9M3#?secret=dQO0AiNtPH\" data-secret=\"dQO0AiNtPH\" width=\"600\" height=\"338\" frameborder=\"0\" marginwidth=\"0\" marginheight=\"0\" scrolling=\"no\"><\/iframe>\n<\/div><\/figure>\n","protected":false},"excerpt":{"rendered":"<p>\u0130ZM\u0130T EV TAD\u0130LAT DEKORASYON Evlerinizin T\u00fcm Tadilat ve Dekorasyon \u0130\u015fleri \u0130\u00e7in Bizleri Araya \u0130ZM\u0130T FABR\u0130KA TAD\u0130LAT DEKORASYON Fabrika ve \u0130\u00e7 Ofislerinizin T\u00fcm Tadilat ve Dekorasyonlar\u0131 \u0130\u00e7in Bizleri Arayabi iZM\u0130T BANYO TAD\u0130LAT DEKORASYON Ev ve \u0130\u015f Yerlerinizin Banyolar\u0131n\u0131 Komple Yeniliyoruz. Anahtar Teslim Tadilat \u0130\u00e7in Bizleri Arayabilirsiniz \u0130ZM\u0130T MUTFAK TAD\u0130LAT VE DEKORASYON Ev ve \u0130\u015f Yerlerinizin Mutfaklar\u0131n\u0131 [&hellip;]<\/p>\n","protected":false},"author":1,"featured_media":0,"parent":0,"menu_order":0,"comment_status":"closed","ping_status":"closed","template":"","meta":{"om_disable_all_campaigns":false,"_monsterinsights_skip_tracking":false,"_monsterinsights_sitenote_active":false,"_monsterinsights_sitenote_note":"","_monsterinsights_sitenote_category":0,"ngg_post_thumbnail":0,"footnotes":""},"class_list":["post-2313","page","type-page","status-publish","hentry"],"aioseo_notices":[],"_links":{"self":[{"href":"https:\/\/www.boyacihamdiusta.com\/index.php\/wp-json\/wp\/v2\/pages\/2313"}],"collection":[{"href":"https:\/\/www.boyacihamdiusta.com\/index.php\/wp-json\/wp\/v2\/pages"}],"about":[{"href":"https:\/\/www.boyacihamdiusta.com\/index.php\/wp-json\/wp\/v2\/types\/page"}],"author":[{"embeddable":true,"href":"https:\/\/www.boyacihamdiusta.com\/index.php\/wp-json\/wp\/v2\/users\/1"}],"replies":[{"embeddable":true,"href":"https:\/\/www.boyacihamdiusta.com\/index.php\/wp-json\/wp\/v2\/comments?post=2313"}],"version-history":[{"count":5,"href":"https:\/\/www.boyacihamdiusta.com\/index.php\/wp-json\/wp\/v2\/pages\/2313\/revisions"}],"predecessor-version":[{"id":2726,"href":"https:\/\/www.boyacihamdiusta.com\/index.php\/wp-json\/wp\/v2\/pages\/2313\/revisions\/2726"}],"wp:attachment":[{"href":"https:\/\/www.boyacihamdiusta.com\/index.php\/wp-json\/wp\/v2\/media?parent=2313"}],"curies":[{"name":"wp","href":"https:\/\/api.w.org\/{rel}","templated":true}]}}