{"id":2353,"date":"2023-02-02T02:21:38","date_gmt":"2023-02-01T23:21:38","guid":{"rendered":"http:\/\/www.boyacihamdiusta.com\/?page_id=2353"},"modified":"2023-02-02T02:24:42","modified_gmt":"2023-02-01T23:24:42","slug":"beyliktuzu-boyaci","status":"publish","type":"page","link":"https:\/\/www.boyacihamdiusta.com\/index.php\/beyliktuzu-boyaci\/","title":{"rendered":"BEYL\u0130KDUZU BOYAC\u0130"},"content":{"rendered":"\n<p>Beylikd\u00fcz\u00fc, son y\u0131llarda en \u00e7ok geli\u015fen ve ya\u015fama a\u00e7\u0131s\u0131ndan tercih edilen semtlerden biridir. \u0130n\u015faat konusunda da geli\u015fmi\u015f semtlerden biridir. Bu alanda ihtiyac\u0131n\u0131z olan her \u015feyi kolayl\u0131kla bulabilece\u011finiz gibi Beylikd\u00fcz\u00fc boyac\u0131 ustas\u0131 bulmakta da zorlanmazs\u0131n\u0131z.<\/p>\n\n\n\n<h2 class=\"wp-block-heading\"><strong>Beylikd\u00fcz\u00fc Boyac\u0131 Ustas\u0131 Nas\u0131l Bulunur?<\/strong><\/h2>\n\n\n\n<p>Beylikd\u00fcz\u00fc nde var olan in\u015faat i\u015fleri yapan firmalar ile ileti\u015fime ge\u00e7ebilirsiniz. \u0130htiyac\u0131n\u0131z olan hizmetleri detayl\u0131 \u015fekilde anlatarak bu konuda size istedi\u011finizi verecek boyac\u0131 ustas\u0131 ve ekibiyle anla\u015fma sa\u011flayabilirsiniz. \u0130stedikleriniz konusunda a\u00e7\u0131k davranman\u0131z, size arad\u0131\u011f\u0131n\u0131z ustay\u0131 bulmak i\u00e7in yard\u0131mc\u0131 olacak bir y\u00f6ntemdir. B\u00f6ylece g\u00f6r\u00fc\u015ft\u00fc\u011f\u00fcn\u00fcz ustalar aras\u0131nda kolay eleme yapabilirsiniz.<\/p>\n\n\n\n<h2 class=\"wp-block-heading\"><strong>Beylikd\u00fcz\u00fc nde Boya Badana Fiyatlar\u0131 Nas\u0131ld\u0131r?<\/strong><\/h2>\n\n\n\n<p>\u0130stanbul i\u00e7indeki semtlerde her \u015feyde oldu\u011fu gibi zanaatkarl\u0131k i\u015fleri de farkl\u0131 fiyatlardad\u0131r. Her semtte bu tarz i\u015fler i\u00e7in belli bir fiyat ortalamas\u0131 vard\u0131r. Beylikd\u00fcz\u00fc boyac\u0131 ustas\u0131 ve badana hizmetleri fiyatlar\u0131 da belli rakamlar aras\u0131nda seyretmektedir. Fakat yine de net bir fiyatland\u0131rmadan bahsedilemez. Hizmet alacak ki\u015finin talepleri, yap\u0131lacak i\u015flemler ve onlar\u0131n s\u00fcresi, kullan\u0131lacak malzemeler, i\u015f\u00e7ilik maliyeti gibi kalemleri g\u00f6z \u00f6n\u00fcnde bulundurarak fiyat belirlenir. Bu sebeple -belli aral\u0131klarda olsa dahi- i\u015fe \u00f6zel fiyatland\u0131rma yap\u0131l\u0131r diyebiliriz.<\/p>\n\n\n\n<p>Beylikd\u00fcz\u00fc nde oturuyorsan\u0131z ve o b\u00f6lgede g\u00f6rev alan en do\u011fru boyac\u0131 ustas\u0131 ile \u00e7al\u0131\u015fmak istiyorsan\u0131z,<a href=\"http:\/\/www.filliustam.com\/\" target=\"_blank\" rel=\"noreferrer noopener nofollow sponsored ugc\">www.boyacihamdiusta.com<\/a>\u00fczerinden arama yapabilirsiniz. B\u00f6ylece \u0130n\u015faat Boyac\u0131s\u0131 Mesleki Yeterlilik Belgesi<\/p>\n\n\n\n<p>olan Filli Ustam\u0131 bulabilirsiniz. Talepleriniz do\u011frultusunda, yapt\u0131\u011f\u0131 her i\u015flemin 2 y\u0131l boyunca Filli Boya garantisi alt\u0131nda oldu\u011fu Beylikd\u00fcz\u00fc boyac\u0131 ustas\u0131 ile \u00e7al\u0131\u015fabilirsiniz.<\/p>\n","protected":false},"excerpt":{"rendered":"<p>Beylikd\u00fcz\u00fc, son y\u0131llarda en \u00e7ok geli\u015fen ve ya\u015fama a\u00e7\u0131s\u0131ndan tercih edilen semtlerden biridir. \u0130n\u015faat konusunda da geli\u015fmi\u015f semtlerden biridir. Bu alanda ihtiyac\u0131n\u0131z olan her \u015feyi kolayl\u0131kla bulabilece\u011finiz gibi Beylikd\u00fcz\u00fc boyac\u0131 ustas\u0131 bulmakta da zorlanmazs\u0131n\u0131z. Beylikd\u00fcz\u00fc Boyac\u0131 Ustas\u0131 Nas\u0131l Bulunur? Beylikd\u00fcz\u00fc nde var olan in\u015faat i\u015fleri yapan firmalar ile ileti\u015fime ge\u00e7ebilirsiniz. \u0130htiyac\u0131n\u0131z olan hizmetleri detayl\u0131 \u015fekilde [&hellip;]<\/p>\n","protected":false},"author":1,"featured_media":0,"parent":0,"menu_order":0,"comment_status":"closed","ping_status":"closed","template":"","meta":{"om_disable_all_campaigns":false,"_monsterinsights_skip_tracking":false,"_monsterinsights_sitenote_active":false,"_monsterinsights_sitenote_note":"","_monsterinsights_sitenote_category":0,"ngg_post_thumbnail":0,"footnotes":""},"class_list":["post-2353","page","type-page","status-publish","hentry"],"aioseo_notices":[],"_links":{"self":[{"href":"https:\/\/www.boyacihamdiusta.com\/index.php\/wp-json\/wp\/v2\/pages\/2353"}],"collection":[{"href":"https:\/\/www.boyacihamdiusta.com\/index.php\/wp-json\/wp\/v2\/pages"}],"about":[{"href":"https:\/\/www.boyacihamdiusta.com\/index.php\/wp-json\/wp\/v2\/types\/page"}],"author":[{"embeddable":true,"href":"https:\/\/www.boyacihamdiusta.com\/index.php\/wp-json\/wp\/v2\/users\/1"}],"replies":[{"embeddable":true,"href":"https:\/\/www.boyacihamdiusta.com\/index.php\/wp-json\/wp\/v2\/comments?post=2353"}],"version-history":[{"count":2,"href":"https:\/\/www.boyacihamdiusta.com\/index.php\/wp-json\/wp\/v2\/pages\/2353\/revisions"}],"predecessor-version":[{"id":2355,"href":"https:\/\/www.boyacihamdiusta.com\/index.php\/wp-json\/wp\/v2\/pages\/2353\/revisions\/2355"}],"wp:attachment":[{"href":"https:\/\/www.boyacihamdiusta.com\/index.php\/wp-json\/wp\/v2\/media?parent=2353"}],"curies":[{"name":"wp","href":"https:\/\/api.w.org\/{rel}","templated":true}]}}