{"id":2358,"date":"2023-02-02T02:30:10","date_gmt":"2023-02-01T23:30:10","guid":{"rendered":"http:\/\/www.boyacihamdiusta.com\/?page_id=2358"},"modified":"2023-02-02T02:30:12","modified_gmt":"2023-02-01T23:30:12","slug":"sisli-boyaci","status":"publish","type":"page","link":"https:\/\/www.boyacihamdiusta.com\/index.php\/sisli-boyaci\/","title":{"rendered":"\u015e\u0130\u015eL\u0130 BOYACI"},"content":{"rendered":"\n<p><strong><br>\u015ei\u015fli Boya ustas\u0131&nbsp;<\/strong><\/p>\n\n\n\n<p><strong>\u015ei\u015fli&nbsp;<\/strong><strong>Boyac\u0131 Ustas\u0131&nbsp;<\/strong><\/p>\n\n\n\n<p><strong>\u015ei\u015fli&nbsp;<\/strong><strong>Boyaci&nbsp;<\/strong><\/p>\n\n\n\n<p><strong>\u015ei\u015fli&nbsp;<\/strong><strong>Ev Boyama&nbsp;<\/strong><\/p>\n\n\n\n<p><strong>\u015ei\u015fli&nbsp;<\/strong><strong>Badana Ustas\u0131&nbsp;<\/strong><\/p>\n\n\n\n<p><strong>\u015ei\u015fli&nbsp;<\/strong><strong>Boya Badana&nbsp;&nbsp;<\/strong><\/p>\n\n\n\n<p><strong>\u015ei\u015fli&nbsp;<\/strong><strong>#<\/strong><strong>\u015ei\u015fli<\/strong><strong>Boyac\u0131<\/strong><\/p>\n\n\n\n<p><strong>&nbsp;ve Ekibi olarak her zaman hizmetinizdeyiz. Y\u0131llar\u0131n verdi\u011fi ustal\u0131k ve deneyimle beraber boya ve badana hizmet sekt\u00f6r\u00fcnde faaliyet g\u00f6stermekte olan profesyonel ekiplerimizle birlikte \u0130stanbul da her semtte hizmet veren, deneyim ve ustal\u0131kla birlikte ve her halde uygun fiyat garantisiyle, hizmet sundu\u011fumuz boya badana, kartonpiyer, al\u00e7\u0131 s\u0131va, mantolama, \u0131s\u0131 yal\u0131t\u0131m gibi dekorasyon i\u015flerinizde de\u011ferli m\u00fc\u015fterilerimizin daima yan\u0131nday\u0131z.<\/strong><\/p>\n","protected":false},"excerpt":{"rendered":"<p>\u015ei\u015fli Boya ustas\u0131&nbsp; \u015ei\u015fli&nbsp;Boyac\u0131 Ustas\u0131&nbsp; \u015ei\u015fli&nbsp;Boyaci&nbsp; \u015ei\u015fli&nbsp;Ev Boyama&nbsp; \u015ei\u015fli&nbsp;Badana Ustas\u0131&nbsp; \u015ei\u015fli&nbsp;Boya Badana&nbsp;&nbsp; \u015ei\u015fli&nbsp;#\u015ei\u015fliBoyac\u0131 &nbsp;ve Ekibi olarak her zaman hizmetinizdeyiz. Y\u0131llar\u0131n verdi\u011fi ustal\u0131k ve deneyimle beraber boya ve badana hizmet sekt\u00f6r\u00fcnde faaliyet g\u00f6stermekte olan profesyonel ekiplerimizle birlikte \u0130stanbul da her semtte hizmet veren, deneyim ve ustal\u0131kla birlikte ve her halde uygun fiyat garantisiyle, hizmet sundu\u011fumuz boya [&hellip;]<\/p>\n","protected":false},"author":1,"featured_media":0,"parent":0,"menu_order":0,"comment_status":"closed","ping_status":"closed","template":"","meta":{"om_disable_all_campaigns":false,"_monsterinsights_skip_tracking":false,"_monsterinsights_sitenote_active":false,"_monsterinsights_sitenote_note":"","_monsterinsights_sitenote_category":0,"ngg_post_thumbnail":0,"footnotes":""},"class_list":["post-2358","page","type-page","status-publish","hentry"],"aioseo_notices":[],"_links":{"self":[{"href":"https:\/\/www.boyacihamdiusta.com\/index.php\/wp-json\/wp\/v2\/pages\/2358"}],"collection":[{"href":"https:\/\/www.boyacihamdiusta.com\/index.php\/wp-json\/wp\/v2\/pages"}],"about":[{"href":"https:\/\/www.boyacihamdiusta.com\/index.php\/wp-json\/wp\/v2\/types\/page"}],"author":[{"embeddable":true,"href":"https:\/\/www.boyacihamdiusta.com\/index.php\/wp-json\/wp\/v2\/users\/1"}],"replies":[{"embeddable":true,"href":"https:\/\/www.boyacihamdiusta.com\/index.php\/wp-json\/wp\/v2\/comments?post=2358"}],"version-history":[{"count":1,"href":"https:\/\/www.boyacihamdiusta.com\/index.php\/wp-json\/wp\/v2\/pages\/2358\/revisions"}],"predecessor-version":[{"id":2359,"href":"https:\/\/www.boyacihamdiusta.com\/index.php\/wp-json\/wp\/v2\/pages\/2358\/revisions\/2359"}],"wp:attachment":[{"href":"https:\/\/www.boyacihamdiusta.com\/index.php\/wp-json\/wp\/v2\/media?parent=2358"}],"curies":[{"name":"wp","href":"https:\/\/api.w.org\/{rel}","templated":true}]}}