{"id":2367,"date":"2023-02-03T01:12:08","date_gmt":"2023-02-02T22:12:08","guid":{"rendered":"http:\/\/www.boyacihamdiusta.com\/?page_id=2367"},"modified":"2023-02-03T01:12:11","modified_gmt":"2023-02-02T22:12:11","slug":"sekerpinar-boyaci-2","status":"publish","type":"page","link":"https:\/\/www.boyacihamdiusta.com\/index.php\/sekerpinar-boyaci-2\/","title":{"rendered":"\u015eEKERP\u0130NAR BOYAC\u0130"},"content":{"rendered":"\n<p><strong>\u015eekerp\u0131nar Boya ustas\u0131&nbsp;<\/strong><\/p>\n\n\n\n<p><strong>\u015eekerp\u0131nar&nbsp;<\/strong><strong>Boyac\u0131 Ustas\u0131&nbsp;<\/strong><\/p>\n\n\n\n<p><strong>\u015eekerp\u0131nar&nbsp;<\/strong><strong>Boyaci&nbsp;<\/strong><\/p>\n\n\n\n<p><strong>\u015eekerp\u0131nar&nbsp;<\/strong><strong>Ev Boyama&nbsp;<\/strong><\/p>\n\n\n\n<p><strong>\u015eekerp\u0131nar&nbsp;<\/strong><strong>Badana Ustas\u0131&nbsp;<\/strong><\/p>\n\n\n\n<p><strong>\u015eekerp\u0131nar&nbsp;<\/strong><strong>Boya Badana&nbsp;&nbsp;<\/strong><\/p>\n\n\n\n<p><strong>\u015eekerp\u0131nar&nbsp;<\/strong><strong>#<\/strong><strong>\u015eekerp\u0131narb<\/strong><strong>oyac\u0131<\/strong><\/p>\n\n\n\n<p><strong>\u00a0ve Ekibi olarak her zaman hizmetinizdeyiz. Y\u0131llar\u0131n verdi\u011fi ustal\u0131k ve deneyimle beraber boya ve badana hizmet sekt\u00f6r\u00fcnde faaliyet g\u00f6stermekte olan profesyonel ekiplerimizle birlikte \u0130stanbul da her semtte hizmet veren, deneyim ve ustal\u0131kla birlikte ve her halde uygun fiyat garantisiyle, hizmet sundu\u011fumuz boya badana, kartonpiyer, al\u00e7\u0131 s\u0131va, mantolama, \u0131s\u0131 yal\u0131t\u0131m gibi dekorasyon i\u015flerinizde de\u011ferli m\u00fc\u015fterilerimizin daima yan\u0131nday\u0131z.<\/strong><\/p>\n\n\n\n<p><a href=\"http:\/\/www.boyacihamdiusta.com\/#\"><\/a><\/p>\n\n\n\n<h2 class=\"wp-block-heading\">Tadilat ve Boyama Hizmeti<\/h2>\n\n\n\n<h2 class=\"wp-block-heading\">Boyac\u0131 Hamdi Usta ve Ekibi<\/h2>\n\n\n\n<p>Evlerinde yenilik ve De\u011fi\u015fiklik istiyorsan\u0131z hemen ileti\u015fime ge\u00e7in.<\/p>\n\n\n\n<h2 class=\"wp-block-heading\">Ev ve \u0130\u015fyeri Boyama Hizmeti<\/h2>\n\n\n\n<h2 class=\"wp-block-heading\">1 veya 2 g\u00fcnde i\u015f teslimi<\/h2>\n\n\n\n<p>Boyac\u0131 Hamdi Usta ve ekibi sayesinde evlerinde ve i\u015ferinizde h\u0131zl\u0131 boyama..<\/p>\n\n\n\n<h2 class=\"wp-block-heading\">\u00dccretsiz Ke\u015fif Hizmeti<\/h2>\n\n\n\n<h2 class=\"wp-block-heading\">H\u0131zl\u0131 ve G\u00fcvenilir Ke\u015fif<\/h2>\n\n\n\n<p>Profesyonel ekibimiz ile k\u0131sa s\u00fcrede fiyatland\u0131rma yap\u0131yoruz.<\/p>\n\n\n\n<h2 class=\"wp-block-heading\">Tadilat ve Boyama Hizmeti<\/h2>\n\n\n\n<h2 class=\"wp-block-heading\">Boyac\u0131 Hamdi Usta ve Ekibi<\/h2>\n\n\n\n<p>Evlerinde yenilik ve De\u011fi\u015fiklik istiyorsan\u0131z hemen ileti\u015fime ge\u00e7in.<\/p>\n\n\n\n<h2 class=\"wp-block-heading\">Ev ve \u0130\u015fyeri Boyama Hizmeti<\/h2>\n\n\n\n<h2 class=\"wp-block-heading\">1 veya 2 g\u00fcnde i\u015f teslimi<\/h2>\n\n\n\n<p>Boyac\u0131 Hamdi Usta ve ekibi sayesinde evlerinde ve i\u015ferinizde h\u0131zl\u0131 boyama..<\/p>\n\n\n\n<h2 class=\"wp-block-heading\">\u00dccretsiz Ke\u015fif Hizmeti<\/h2>\n\n\n\n<h2 class=\"wp-block-heading\">H\u0131zl\u0131 ve G\u00fcvenilir Ke\u015fif<\/h2>\n\n\n\n<p>Profesyonel ekibimiz ile k\u0131sa s\u00fcrede fiyatland\u0131rma yap\u0131yoruz.<\/p>\n\n\n\n<h2 class=\"wp-block-heading\">Tadilat ve Boyama Hizmeti<\/h2>\n\n\n\n<h2 class=\"wp-block-heading\">Boyac\u0131 Hamdi Usta ve Ekibi<\/h2>\n\n\n\n<p>Evlerinde yenilik ve De\u011fi\u015fiklik istiyorsan\u0131z hemen ileti\u015fime ge\u00e7in.<\/p>\n\n\n\n<h1 class=\"wp-block-heading\">\u0130stanbul Boyac\u0131 Ustas\u0131<\/h1>\n\n\n\n<p><strong>\u0130stanbul boyac\u0131 usta<\/strong>&nbsp;olara de\u011ferli m\u00fc\u015fterilerimiz i\u00e7in boya \u00f6ncesi haz\u0131rl\u0131k s\u00fcrecini titizlik ile ger\u00e7ekle\u015ftiriyoruz. T\u00fcm ekipmanlar\u0131m\u0131z\u0131 ve profesyonel boyac\u0131 ustalar\u0131m\u0131z\u0131n say\u0131s\u0131n\u0131 evinizin b\u00fcy\u00fckl\u00fc\u011f\u00fcne g\u00f6re belirlemekteyiz. Ayn\u0131 zamanda ah\u015fap \u00fczerine vernik yapmak veya vernik sonras\u0131nda yap\u0131lmas\u0131 gereken i\u015flemleri ger\u00e7ekle\u015ftirecek profesyonel i\u015f\u00e7ilerimiz ile kusursuz bir i\u015f \u00e7\u0131kar\u0131yoruz. Firma olarak \u00f6nceli\u011fimiz siz de\u011ferli m\u00fc\u015fterilerimizin zevkine uygun ve istenilenden daha kaliteli bir i\u015f \u00e7\u0131kartmakt\u0131r. Elbette boyama s\u00fcreci sizler i\u00e7in zor bir s\u00fcre\u00e7 olabilir. Ancak bu konuda alan\u0131nda tecr\u00fcbeli&nbsp;<strong>\u0130stanbul boyac\u0131 usta<\/strong>\u2019lar\u0131 &nbsp;tercih etmeniz s\u00fcreci kusursuz bir \u015fekilde ge\u00e7irmenize b\u00fcy\u00fck katk\u0131 sa\u011flayacakt\u0131r. \u00d6zellikle evini satmak isteyen m\u00fc\u015fterilerimiz duvarlar\u0131n\u0131 yenileyerek sat\u0131\u015f\u0131 h\u0131zland\u0131r\u0131yor. Boyac\u0131 ustalar\u0131m\u0131z hem evin i\u00e7erisini hem de evin d\u0131\u015f cephesini istedi\u011finiz renk tonlar\u0131nda boyamaktad\u0131r. \u0130nce i\u015f\u00e7ilik ile hizmet veren<a href=\"http:\/\/www.boyacihamdiusta.com\/\"><strong>&nbsp;\u0130stanbul boyac\u0131 ustas\u0131&nbsp;<\/strong><\/a>personelimiz istedi\u011finiz g\u00f6r\u00fcn\u00fcm\u00fc %100 elde etmektedir. E\u011fer evinizi boyatmaya karar verdiyseniz kaliteli boya ve badana yapan bir firma tercih etmelisiniz. Ge\u00e7mi\u015fte ba\u015far\u0131l\u0131 i\u015fler yapm\u0131\u015f olmas\u0131 ve referans vermesi sizin i\u00e7in avantaj sa\u011flayabilir. Ayr\u0131ca boya konusunda m\u00fc\u015fterilerin fikirleri olduk\u00e7a \u00f6nemlidir.<strong>&nbsp;\u0130stanbul boyac\u0131 usta<\/strong>\u2019lar\u0131 tamamiyle m\u00fc\u015fterilerimizin istedi\u011fi \u015fekilde hizmet vermekteyiz. Di\u011fer bir taraftan badana ve boya yapmadan \u00f6nce alt zemini p\u00fcr\u00fczs\u00fcz bir hale getiriyoruz. Bunun i\u00e7in de z\u0131mpara kullanarak duvar\u0131n\u0131z\u0131 p\u00fcr\u00fczs\u00fcz hale getiriyoruz. Ard\u0131ndan tercih etti\u011finiz boyay\u0131 birka\u00e7 kez duvara uyguluyoruz. B\u00f6ylece tercih etti\u011finiz ton belirginle\u015fmi\u015f oluyor. Boyama a\u015famas\u0131nda profesyonel personellerimiz ile ekip \u00e7al\u0131\u015fmas\u0131 i\u00e7erisinde hizmet veriyoruz. Firma olarak evinizi nas\u0131l temiz teslim ald\u0131ysak tekrar temiz b\u0131rakmaya \u00f6zen g\u00f6steriyoruz. B\u00f6ylece temizlik ile u\u011fra\u015fmadan direk yeni evinize kavu\u015fuyorsunuz. K\u0131sa s\u00fcrede evinizi teslim ederek ard\u0131m\u0131zda mutlu m\u00fc\u015fteriler b\u0131rak\u0131yoruz.<\/p>\n\n\n\n<h5 class=\"wp-block-heading\">Kaliteli \u0130\u015f\u00e7ilik<\/h5>\n\n\n\n<p>Kaliteli Malzeme ve Kaliteli \u0130\u015f\u00e7ili\u011fin etkile\u015fmesi \u0130le kusursuz kaliteli hizmet<a href=\"http:\/\/www.boyacihamdiusta.com\/index.php\/home\/\"><\/a><\/p>\n\n\n\n<h5 class=\"wp-block-heading\">H\u0131zl\u0131 \u0130\u015f Teslimat\u0131<\/h5>\n\n\n\n<p>Verilen s\u00fcrede i\u015f teslimatlar\u0131n\u0131 ger\u00e7ekle\u015ftirerek i\u015fyeri ve evlerinizde tad\u0131lat\u0131 h\u0131zl\u0131 bir \u015fekilde bitiriyoruz..<a href=\"http:\/\/www.boyacihamdiusta.com\/index.php\/home\/\"><\/a><\/p>\n\n\n\n<h5 class=\"wp-block-heading\">\u00dccretsiz Ke\u015fif<\/h5>\n\n\n\n<p>\u00dccretsiz Ke\u015fif Hizmetimiz Sayesinde Yerinde Tespit \u0130le En Do\u011fru F\u0130yatland\u0131rma ve malzeme ihtiyac\u0131n\u0131 tespit ediyoruz.<a href=\"http:\/\/www.boyacihamdiusta.com\/index.php\/home\/\"><\/a><\/p>\n\n\n\n<h2 class=\"wp-block-heading\">Boyac\u0131 Hamdi Usta ve Profesyonel Ekip<\/h2>\n\n\n\n<ul class=\"wp-block-list\">\n<li><\/li>\n\n\n\n<li><\/li>\n\n\n\n<li><\/li>\n<\/ul>\n\n\n\n<p>Hamdi Usta ve Ekibi en iyi boyac\u0131 ve tadilat ustas\u0131 hizmetini sunuyor<\/p>\n\n\n\n<h5 class=\"wp-block-heading\">Ya\u011fl\u0131 Boyama Hizmeti<\/h5>\n\n\n\n<p>\u0130\u00e7 ve d\u0131\u015f mekanlardaki demir do\u011framalar, konstr\u00fcksiyonlar, parmakl\u0131klar, ve oda kap\u0131lar\u0131n\u0131n temiz bir \u015fekilde boyama hizmeti.<a href=\"http:\/\/www.boyacihamdiusta.com\/index.php\/home\/\"><\/a><\/p>\n\n\n\n<h5 class=\"wp-block-heading\">\u0130\u00e7 Cephe Boyama Hizmeti<\/h5>\n\n\n\n<p>Su bazl\u0131: Plastik boyalar, akrilik boyalar, silikon esasl\u0131 boyalar, sentetik bazl\u0131 boyalar: saten ve mat boyalar ile daire boyac\u0131 hizmeti.<a href=\"http:\/\/www.boyacihamdiusta.com\/index.php\/home\/\"><\/a><\/p>\n\n\n\n<h5 class=\"wp-block-heading\">Daire Boyama Hizmeti<\/h5>\n\n\n\n<p>E\u015fyal\u0131 veya e\u015fyas\u0131z dairenizi y\u00fcksek kaliteli boyalar ile boyac\u0131 hamdi usta ve ekibi kusursuz boyay\u0131p dairelerinizi en temiz \u015fekilde teslim eder.<a href=\"http:\/\/www.boyacihamdiusta.com\/index.php\/home\/\"><\/a><\/p>\n\n\n\n<h2 class=\"wp-block-heading\">Boyac\u0131 Ustas\u0131&#8217; n\u0131n G\u00f6revleri Nelerdir?<\/h2>\n\n\n\n<p>Firmam\u0131z boya ile birlikte bir\u00e7ok alanda hizmet vermektedir. Ancak hizmeti vermeden \u00f6nce gerekli ekipmanlar\u0131, ara\u00e7-gere\u00e7leri, i\u015f\u00e7i g\u00fcvenli\u011fini, \u00e7evre koruma ve d\u00fczenlemesini g\u00f6z \u00f6n\u00fcne alarak hizmet vermekteyiz. Kuruldu\u011fumuz tarihten itibaren boyama sekt\u00f6r\u00fcnde profesyonel ustalar\u0131m\u0131z ile harika i\u015fler ba\u015fard\u0131k. Ayn\u0131 zamanda uzman boyac\u0131 ustalar\u0131m\u0131z boyama s\u00fcrecini a\u015fama a\u015fama yapmaktad\u0131r. Bu a\u015famalar;<\/p>\n\n\n\n<ul class=\"wp-block-list\">\n<li>Boya \u00f6ncesi gerekli haz\u0131rl\u0131klar\u0131 yapmak,<\/li>\n\n\n\n<li>Boyama i\u00e7in gerekli organizasyonu yapmak,<\/li>\n\n\n\n<li>Y\u00fczey kontrol\u00fcn\u00fc yaparak gerekli \u00f6nemleri almak,<\/li>\n\n\n\n<li>Y\u00fczey i\u00e7in altyap\u0131 haz\u0131rlamak,<\/li>\n\n\n\n<li>Y\u00fczey temizli\u011fi yapmak,<\/li>\n\n\n\n<li>Boya i\u00e7in haz\u0131rl\u0131k yapmak,<\/li>\n\n\n\n<li>T\u00fcm ekipmanlar\u0131 haz\u0131rlamak,<\/li>\n\n\n\n<li>Boya \u00f6ncesi astarlama yapmak,<\/li>\n\n\n\n<li>Astarlama sonras\u0131 macunlama yapmak,<\/li>\n\n\n\n<li>Boyay\u0131 uygulad\u0131ktan sonra vernik uygulamak,<\/li>\n\n\n\n<li>Vernik sonras\u0131 gerekli a\u015famalar\u0131 yapmak,<\/li>\n\n\n\n<li>Boyal\u0131 ve vernikli y\u00fczeyi kontrol etmek,<\/li>\n\n\n\n<li>Yerlere damlayan veya d\u00f6k\u00fclen boyalar\u0131 temizlemek,<\/li>\n\n\n\n<li>Cama bula\u015fan boyalar\u0131 temizlemek,<\/li>\n\n\n\n<li>Prizleri s\u00f6kme, takma i\u015flemini yapmak,<\/li>\n<\/ul>\n\n\n\n<p>K\u0131sacas\u0131 profesyonel&nbsp;<strong>boyac\u0131 ustas\u0131<\/strong>&nbsp;ile istedi\u011finiz renklerde ve desenlerde y\u00fcksek kalitede, %100 memnun kalaca\u011f\u0131n\u0131z bir \u015fekilde hizmet vermekteyiz. Siz de\u011ferli m\u00fc\u015fterilerimize 7\/24 badana ve boyama i\u00e7in hizmet vermekteyiz. Ayn\u0131 zamanda konu ile ilgili sormak istedi\u011finiz sorular\u0131n\u0131z i\u00e7in bizi arayabilirsiniz. K\u0131sa bir bilgilendirme ard\u0131ndan istedi\u011finiz g\u00fcn ve saat i\u00e7erisinde boyac\u0131 ustalar\u0131m\u0131z gelmektedir.<\/p>\n\n\n\n<h2 class=\"wp-block-heading\">Neden Biz<\/h2>\n\n\n\n<ul class=\"wp-block-list\">\n<li><\/li>\n\n\n\n<li><\/li>\n\n\n\n<li><\/li>\n<\/ul>\n\n\n\n<p><strong>Neden Biz?<\/strong><\/p>\n\n\n\n<p>\u00d6nceli\u011fimiz m\u00fc\u015fteri memnuniyetini sa\u011flamakt\u0131r. Boyama i\u015flemi ustal\u0131k gerektirdi\u011fi i\u00e7in alan\u0131nda uzman bir firma olarak siz de\u011ferli m\u00fc\u015fterilerimize %100 kaliteli bir hizmet vermekteyiz. Ekipmanlar\u0131m\u0131z\u0131n tamam\u0131n\u0131 kaliteli ara\u00e7-gere\u00e7lerden olu\u015fmaktay\u0131z. Ayn\u0131 zamanda boyalar\u0131m\u0131z silinebilir ve leke tutmaz t\u00fcrdendir. G\u00fcn\u00fcm\u00fczde bizi tercih eden m\u00fc\u015fteriler patlam\u0131\u015f m\u0131s\u0131r tavan modeli yerine daha modern bir g\u00f6r\u00fcn\u00fcme d\u00f6n\u00fc\u015fmesini istiyor. Bu do\u011frultuda evinizi tamamlayacak bir tavan modeli tercih ediyoruz. Boyama s\u00fcrecinde ustalar\u0131m\u0131z boya renginize uygun kap\u0131 ve camlar\u0131n\u0131z\u0131 da boyamaktad\u0131r. Ayr\u0131ca boyama a\u015famas\u0131nda herhangi bir delik veya \u00e7atlak var ise onar\u0131m\u0131n\u0131 boyac\u0131 ustalar\u0131m\u0131z yapmaktad\u0131r. S\u00fcreci sizin i\u00e7in planl\u0131 bir \u015fekilde ger\u00e7ekle\u015ftiriyoruz. Y\u00fcksek kalitede, g\u00fcvenilir bir \u015fekilde sizlere hizmet vermekten memnuniyet duyuyoruz.<\/p>\n","protected":false},"excerpt":{"rendered":"<p>\u015eekerp\u0131nar Boya ustas\u0131&nbsp; \u015eekerp\u0131nar&nbsp;Boyac\u0131 Ustas\u0131&nbsp; \u015eekerp\u0131nar&nbsp;Boyaci&nbsp; \u015eekerp\u0131nar&nbsp;Ev Boyama&nbsp; \u015eekerp\u0131nar&nbsp;Badana Ustas\u0131&nbsp; \u015eekerp\u0131nar&nbsp;Boya Badana&nbsp;&nbsp; \u015eekerp\u0131nar&nbsp;#\u015eekerp\u0131narboyac\u0131 \u00a0ve Ekibi olarak her zaman hizmetinizdeyiz. Y\u0131llar\u0131n verdi\u011fi ustal\u0131k ve deneyimle beraber boya ve badana hizmet sekt\u00f6r\u00fcnde faaliyet g\u00f6stermekte olan profesyonel ekiplerimizle birlikte \u0130stanbul da her semtte hizmet veren, deneyim ve ustal\u0131kla birlikte ve her halde uygun fiyat garantisiyle, hizmet sundu\u011fumuz boya [&hellip;]<\/p>\n","protected":false},"author":1,"featured_media":0,"parent":0,"menu_order":0,"comment_status":"closed","ping_status":"closed","template":"","meta":{"om_disable_all_campaigns":false,"_monsterinsights_skip_tracking":false,"_monsterinsights_sitenote_active":false,"_monsterinsights_sitenote_note":"","_monsterinsights_sitenote_category":0,"ngg_post_thumbnail":0,"footnotes":""},"class_list":["post-2367","page","type-page","status-publish","hentry"],"aioseo_notices":[],"_links":{"self":[{"href":"https:\/\/www.boyacihamdiusta.com\/index.php\/wp-json\/wp\/v2\/pages\/2367"}],"collection":[{"href":"https:\/\/www.boyacihamdiusta.com\/index.php\/wp-json\/wp\/v2\/pages"}],"about":[{"href":"https:\/\/www.boyacihamdiusta.com\/index.php\/wp-json\/wp\/v2\/types\/page"}],"author":[{"embeddable":true,"href":"https:\/\/www.boyacihamdiusta.com\/index.php\/wp-json\/wp\/v2\/users\/1"}],"replies":[{"embeddable":true,"href":"https:\/\/www.boyacihamdiusta.com\/index.php\/wp-json\/wp\/v2\/comments?post=2367"}],"version-history":[{"count":1,"href":"https:\/\/www.boyacihamdiusta.com\/index.php\/wp-json\/wp\/v2\/pages\/2367\/revisions"}],"predecessor-version":[{"id":2368,"href":"https:\/\/www.boyacihamdiusta.com\/index.php\/wp-json\/wp\/v2\/pages\/2367\/revisions\/2368"}],"wp:attachment":[{"href":"https:\/\/www.boyacihamdiusta.com\/index.php\/wp-json\/wp\/v2\/media?parent=2367"}],"curies":[{"name":"wp","href":"https:\/\/api.w.org\/{rel}","templated":true}]}}