{"id":2369,"date":"2023-02-03T01:26:12","date_gmt":"2023-02-02T22:26:12","guid":{"rendered":"http:\/\/www.boyacihamdiusta.com\/?page_id=2369"},"modified":"2023-02-07T22:20:58","modified_gmt":"2023-02-07T19:20:58","slug":"kurtkoy-boyaci-2","status":"publish","type":"page","link":"https:\/\/www.boyacihamdiusta.com\/index.php\/kurtkoy-boyaci-2\/","title":{"rendered":"KURTK\u00d6Y BOYAC\u0130"},"content":{"rendered":"\n<h2 class=\"wp-block-heading\">KURTK\u00d6Y BOYACI USTASI<\/h2>\n\n\n\n<p>Kurtk\u00f6y Boya ustas\u0131 Kurtk\u00f6y&nbsp;Boyac\u0131 Ustas\u0131 Kurtk\u00f6y&nbsp;Boyaci Kurtk\u00f6y&nbsp;Ev Boyama Kurtk\u00f6y&nbsp;Badana Ustas\u0131 Kurtk\u00f6y Boya Badana Kurtk\u00f6y&nbsp;Mahallesi Boyaci Ustasi Kurtk\u00f6y&nbsp;Boyac\u0131 Boya Badana Ustas\u0131 Kurtk\u00f6y Boyac\u0131s\u0131 Pendik Kurtk\u00f6y&nbsp;Boyac\u0131 Ustas\u0131 Kurtk\u00f6y&nbsp;#Kurtk\u00f6yBoyac\u0131<\/p>\n\n\n\n<p><strong>Kurtk\u00f6y Boyac\u0131 ustalar\u0131 olarak y\u0131llard\u0131r boya, al\u00e7\u0131, duvar ka\u011f\u0131d\u0131, al\u00e7\u0131pan uygulama i\u015flerinde uzmanla\u015fan boyac\u0131 usta ekiplerimiz h\u0131zl\u0131 ve kaliteli hizmet sunmakta siz de\u011ferli m\u00fc\u015fterilerimize hizmet vermekteyiz. Ev ve \u0130\u015fyeri boya ve badana hizmeti konusunda siz de\u011ferli m\u00fc\u015fterilerimizin beklentilerini en iyi \u015fekilde kar\u015f\u0131layabilmekteyiz. Kurtk\u00f6y boyac\u0131 ustas\u0131 &nbsp;ar\u0131yorsan\u0131z&nbsp; tamda do\u011fru adrestesiniz, Bizlerle \u0130leti\u015fime ge\u00e7mek i\u00e7in ileti\u015fim&nbsp; k\u0131smanda \u0130ster telefon ile \u0130ster whatsapp \u00fczerinden ula\u015fabilirsiniz. Boya badana i\u015fleriniz i\u00e7in acil usta ihtiyac\u0131n\u0131z varsa hemen aray\u0131n ayn\u0131 g\u00fcn hem ke\u015fif hem de boya uygulama hizmeti verebiliriz ustalar\u0131m\u0131z her biri en az 15 y\u0131ll\u0131k i\u015f deneyimi vard\u0131r.<\/strong><\/p>\n\n\n\n<p><a href=\"https:\/\/boyaciboran.com\/Servisler\/kurtkoy-boyaci-boya-badana-ustasi#\"><\/a><\/p>\n\n\n\n<p>Profesyonel Boyama Servisi<\/p>\n\n\n\n<p>M\u00fclk\u00fcn\u00fcz\u00fc koruman\u0131n harika yolu<br>05445127436<\/p>\n\n\n\n<div class=\"wp-block-cover is-light\"><span aria-hidden=\"true\" class=\"wp-block-cover__background has-background-dim\"><\/span><img decoding=\"async\" class=\"wp-block-cover__image-background\" alt=\"\" src=\"https:\/\/boyaciboran.com\/storage\/assets\/images\/logo.png\" data-object-fit=\"cover\"\/><div class=\"wp-block-cover__inner-container is-layout-flow wp-block-cover-is-layout-flow\">\n<p class=\"has-text-align-center has-large-font-size\">www.boyacihamdiusta.com<\/p>\n<\/div><\/div>\n\n\n\n<figure class=\"wp-block-image is-resized\"><img loading=\"lazy\" decoding=\"async\" src=\"https:\/\/boyaciboran.com\/storage\/assets\/images\/kslogo.png\" alt=\"\" width=\"54\" height=\"20\"\/><figcaption class=\"wp-element-caption\">Kurtk\u00f6y boyac\u0131 <\/figcaption><\/figure>\n\n\n\n<figure class=\"wp-block-image\"><a href=\"https:\/\/boyaciboran.com\/Servisler\/kurtkoy-boyaci-boya-badana-ustasi\"><img decoding=\"async\" src=\"https:\/\/boyaciboran.com\/assets\/images\/social_ic1.png\" alt=\"\"\/><\/a><\/figure>\n\n\n\n<figure class=\"wp-block-image\"><a href=\"https:\/\/www.facebook.com\/Boyac%C4%B1-Boran-Usta-101868441938649\"><img decoding=\"async\" src=\"https:\/\/boyaciboran.com\/assets\/images\/social_ic2.png\" alt=\"\"\/><\/a><\/figure>\n\n\n\n<figure class=\"wp-block-image\"><a href=\"https:\/\/www.youtube.com\/channel\/UCXNbb3V9qQBkPyxDSEGJrTA\/\"><img decoding=\"async\" src=\"https:\/\/boyaciboran.com\/assets\/images\/social_ic4.png\" alt=\"\"\/><\/a><\/figure>\n\n\n\n<figure class=\"wp-block-image is-resized\"><a href=\"https:\/\/wa.me\/905330301246?text=Merhaba%20boyama%20konusunda%20bilgi%20almak%20istiyorum.\"><img loading=\"lazy\" decoding=\"async\" src=\"https:\/\/boyaciboran.com\/assets\/images\/social_ic5.png\" alt=\"\" width=\"27\" height=\"30\"\/><\/a><figcaption class=\"wp-element-caption\">www.boyacihamdiusta.com<\/figcaption><\/figure>\n\n\n\n<p><a href=\"https:\/\/boyaciboran.com\/Servisler\/kurtkoy-boyaci-boya-badana-ustasi#\"><\/a><\/p>\n\n\n\n<figure class=\"wp-block-image size-large\"><img loading=\"lazy\" decoding=\"async\" width=\"576\" height=\"1024\" src=\"http:\/\/www.boyacihamdiusta.com\/wp-content\/uploads\/2020\/11\/Suadiye-Boyaci-Ustasi-576x1024.jpg\" alt=\"\" class=\"wp-image-2219\" srcset=\"https:\/\/www.boyacihamdiusta.com\/wp-content\/uploads\/2020\/11\/Suadiye-Boyaci-Ustasi-576x1024.jpg 576w, https:\/\/www.boyacihamdiusta.com\/wp-content\/uploads\/2020\/11\/Suadiye-Boyaci-Ustasi-169x300.jpg 169w, https:\/\/www.boyacihamdiusta.com\/wp-content\/uploads\/2020\/11\/Suadiye-Boyaci-Ustasi-768x1365.jpg 768w, https:\/\/www.boyacihamdiusta.com\/wp-content\/uploads\/2020\/11\/Suadiye-Boyaci-Ustasi-864x1536.jpg 864w, https:\/\/www.boyacihamdiusta.com\/wp-content\/uploads\/2020\/11\/Suadiye-Boyaci-Ustasi.jpg 900w\" sizes=\"(max-width: 576px) 100vw, 576px\" \/><figcaption class=\"wp-element-caption\">Kurtk\u00f6y boyaci ustasi<\/figcaption><\/figure>\n","protected":false},"excerpt":{"rendered":"<p>KURTK\u00d6Y BOYACI USTASI Kurtk\u00f6y Boya ustas\u0131 Kurtk\u00f6y&nbsp;Boyac\u0131 Ustas\u0131 Kurtk\u00f6y&nbsp;Boyaci Kurtk\u00f6y&nbsp;Ev Boyama Kurtk\u00f6y&nbsp;Badana Ustas\u0131 Kurtk\u00f6y Boya Badana Kurtk\u00f6y&nbsp;Mahallesi Boyaci Ustasi Kurtk\u00f6y&nbsp;Boyac\u0131 Boya Badana Ustas\u0131 Kurtk\u00f6y Boyac\u0131s\u0131 Pendik Kurtk\u00f6y&nbsp;Boyac\u0131 Ustas\u0131 Kurtk\u00f6y&nbsp;#Kurtk\u00f6yBoyac\u0131 Kurtk\u00f6y Boyac\u0131 ustalar\u0131 olarak y\u0131llard\u0131r boya, al\u00e7\u0131, duvar ka\u011f\u0131d\u0131, al\u00e7\u0131pan uygulama i\u015flerinde uzmanla\u015fan boyac\u0131 usta ekiplerimiz h\u0131zl\u0131 ve kaliteli hizmet sunmakta siz de\u011ferli m\u00fc\u015fterilerimize hizmet vermekteyiz. [&hellip;]<\/p>\n","protected":false},"author":1,"featured_media":0,"parent":0,"menu_order":0,"comment_status":"closed","ping_status":"closed","template":"","meta":{"om_disable_all_campaigns":false,"_monsterinsights_skip_tracking":false,"_monsterinsights_sitenote_active":false,"_monsterinsights_sitenote_note":"","_monsterinsights_sitenote_category":0,"ngg_post_thumbnail":0,"footnotes":""},"class_list":["post-2369","page","type-page","status-publish","hentry"],"aioseo_notices":[],"_links":{"self":[{"href":"https:\/\/www.boyacihamdiusta.com\/index.php\/wp-json\/wp\/v2\/pages\/2369"}],"collection":[{"href":"https:\/\/www.boyacihamdiusta.com\/index.php\/wp-json\/wp\/v2\/pages"}],"about":[{"href":"https:\/\/www.boyacihamdiusta.com\/index.php\/wp-json\/wp\/v2\/types\/page"}],"author":[{"embeddable":true,"href":"https:\/\/www.boyacihamdiusta.com\/index.php\/wp-json\/wp\/v2\/users\/1"}],"replies":[{"embeddable":true,"href":"https:\/\/www.boyacihamdiusta.com\/index.php\/wp-json\/wp\/v2\/comments?post=2369"}],"version-history":[{"count":2,"href":"https:\/\/www.boyacihamdiusta.com\/index.php\/wp-json\/wp\/v2\/pages\/2369\/revisions"}],"predecessor-version":[{"id":2376,"href":"https:\/\/www.boyacihamdiusta.com\/index.php\/wp-json\/wp\/v2\/pages\/2369\/revisions\/2376"}],"wp:attachment":[{"href":"https:\/\/www.boyacihamdiusta.com\/index.php\/wp-json\/wp\/v2\/media?parent=2369"}],"curies":[{"name":"wp","href":"https:\/\/api.w.org\/{rel}","templated":true}]}}