{"id":2390,"date":"2023-08-30T20:19:16","date_gmt":"2023-08-30T17:19:16","guid":{"rendered":"https:\/\/www.boyacihamdiusta.com\/?page_id=2390"},"modified":"2023-08-30T20:19:17","modified_gmt":"2023-08-30T17:19:17","slug":"cayirova-boyaci-2","status":"publish","type":"page","link":"https:\/\/www.boyacihamdiusta.com\/index.php\/cayirova-boyaci-2\/","title":{"rendered":"\u00c7ay\u0131rova boyaci"},"content":{"rendered":"\n<h1 class=\"wp-block-heading\">\u00c7ay\u0131rova Boyac\u0131 Ustas\u0131<\/h1>\n\n\n\n<p><\/p>\n\n\n\n<p>\u00c7ay\u0131rova&#8217;da boyac\u0131 ustas\u0131 ihtiya\u00e7lar\u0131n\u0131z\u0131 kar\u015f\u0131layacak iyi bir ustadan \u00c7ay\u0131rova boyac\u0131 ustas\u0131 fiyatlar\u0131 alabilir, boyac\u0131 ustas\u0131 usta talep edebilirsiniz.<\/p>\n\n\n\n<hr class=\"wp-block-separator has-alpha-channel-opacity\"\/>\n\n\n\n<p><strong>\u0130leti\u015fim:<\/strong>\u00a00544 512 74 36<\/p>\n\n\n\n<hr class=\"wp-block-separator has-alpha-channel-opacity\"\/>\n\n\n\n<p>Boyac\u0131 ustas\u0131 olarak \u00c7ay\u0131rova&#8217;n\u0131n her yerine gelerek evinizi boyayabiliriz.<\/p>\n\n\n\n<p>Tecr\u00fcbeli &#8220;\u00c7ay\u0131rova&#8217;da boyac\u0131 ustas\u0131&#8221; usta ekibi, \u00e7al\u0131\u015fma arkada\u015flar\u0131 boyac\u0131 ustas\u0131 konusunda memnuniyetiniz i\u00e7in \u00e7al\u0131\u015fmaktad\u0131r.<\/p>\n\n\n\n<p>Boyac\u0131 ustas\u0131, i\u00e7 cephe, d\u0131\u015f cephe boya \u00f6rnekleri \u00c7ay\u0131rova boyac\u0131 ustas\u0131 maliyeti sorular\u0131n\u0131n yan\u0131t\u0131n\u0131 ustalar\u0131m\u0131za ula\u015farak \u00f6\u011frenebilirsiniz.<\/p>\n\n\n\n<ul class=\"wp-block-list\">\n<li>\u00c7ay\u0131rova boyac\u0131 ustas\u0131 Polisan<\/li>\n\n\n\n<li>Marshall \u00c7ay\u0131rova boyac\u0131 ustas\u0131<\/li>\n\n\n\n<li>\u00c7ay\u0131rova boyac\u0131 ustas\u0131 Dyo<\/li>\n\n\n\n<li>Jotun \u00c7ay\u0131rova boyac\u0131 ustas\u0131<\/li>\n\n\n\n<li>\u00c7ay\u0131rova boyac\u0131 ustas\u0131 Cadance<\/li>\n\n\n\n<li>Filli Boya \u00c7ay\u0131rova boyac\u0131 ustas\u0131<\/li>\n\n\n\n<li>\u00c7ay\u0131rova boyac\u0131 ustas\u0131 Fawori<\/li>\n<\/ul>\n\n\n\n<p>\u00c7ay\u0131rova&#8217;da ya\u015fayan bir \u00e7ok m\u00fc\u015fterimiz: &#8220;tadilat, dekorasyon yapt\u0131raca\u011f\u0131m ama boyac\u0131 ustas\u0131, firmalar\u0131, boyac\u0131 ar\u0131yorum bulam\u0131yorum.&#8221; \u015feklinde sitem ediyor. Oysa ki ucuz\u00a0<strong>\u00c7ay\u0131rova boyac\u0131 ustas\u0131<\/strong>\u00a0bir google aramas\u0131 kadar yak\u0131n\u0131nda.\u00c7ay\u0131rova boyac\u0131 ustas\u0131 ekipleri&#8221;, firmalar\u0131, ustalar\u0131 profesyonel boyac\u0131 ustas\u0131 hizmetleri.<\/p>\n\n\n\n<p>\u00c7ay\u0131rova boyac\u0131 ustas\u0131 i\u015f\u00e7ilik fiyatlar\u0131, komple ev boyama fiyat listesi gibi bilgileri ustalar\u0131m\u0131zdan alabilirsiniz.<\/p>\n\n\n\n<p>\u00c7ay\u0131rova&#8217;da boyac\u0131 ustas\u0131 hizmeti alabilece\u011finiz di\u011fer k\u00fc\u00e7\u00fck mahalleler<\/p>\n","protected":false},"excerpt":{"rendered":"<p>\u00c7ay\u0131rova Boyac\u0131 Ustas\u0131 \u00c7ay\u0131rova&#8217;da boyac\u0131 ustas\u0131 ihtiya\u00e7lar\u0131n\u0131z\u0131 kar\u015f\u0131layacak iyi bir ustadan \u00c7ay\u0131rova boyac\u0131 ustas\u0131 fiyatlar\u0131 alabilir, boyac\u0131 ustas\u0131 usta talep edebilirsiniz. \u0130leti\u015fim:\u00a00544 512 74 36 Boyac\u0131 ustas\u0131 olarak \u00c7ay\u0131rova&#8217;n\u0131n her yerine gelerek evinizi boyayabiliriz. Tecr\u00fcbeli &#8220;\u00c7ay\u0131rova&#8217;da boyac\u0131 ustas\u0131&#8221; usta ekibi, \u00e7al\u0131\u015fma arkada\u015flar\u0131 boyac\u0131 ustas\u0131 konusunda memnuniyetiniz i\u00e7in \u00e7al\u0131\u015fmaktad\u0131r. Boyac\u0131 ustas\u0131, i\u00e7 cephe, d\u0131\u015f cephe boya [&hellip;]<\/p>\n","protected":false},"author":1,"featured_media":0,"parent":0,"menu_order":0,"comment_status":"closed","ping_status":"closed","template":"","meta":{"om_disable_all_campaigns":false,"_monsterinsights_skip_tracking":false,"_monsterinsights_sitenote_active":false,"_monsterinsights_sitenote_note":"","_monsterinsights_sitenote_category":0,"ngg_post_thumbnail":0,"footnotes":""},"class_list":["post-2390","page","type-page","status-publish","hentry"],"aioseo_notices":[],"_links":{"self":[{"href":"https:\/\/www.boyacihamdiusta.com\/index.php\/wp-json\/wp\/v2\/pages\/2390"}],"collection":[{"href":"https:\/\/www.boyacihamdiusta.com\/index.php\/wp-json\/wp\/v2\/pages"}],"about":[{"href":"https:\/\/www.boyacihamdiusta.com\/index.php\/wp-json\/wp\/v2\/types\/page"}],"author":[{"embeddable":true,"href":"https:\/\/www.boyacihamdiusta.com\/index.php\/wp-json\/wp\/v2\/users\/1"}],"replies":[{"embeddable":true,"href":"https:\/\/www.boyacihamdiusta.com\/index.php\/wp-json\/wp\/v2\/comments?post=2390"}],"version-history":[{"count":1,"href":"https:\/\/www.boyacihamdiusta.com\/index.php\/wp-json\/wp\/v2\/pages\/2390\/revisions"}],"predecessor-version":[{"id":2391,"href":"https:\/\/www.boyacihamdiusta.com\/index.php\/wp-json\/wp\/v2\/pages\/2390\/revisions\/2391"}],"wp:attachment":[{"href":"https:\/\/www.boyacihamdiusta.com\/index.php\/wp-json\/wp\/v2\/media?parent=2390"}],"curies":[{"name":"wp","href":"https:\/\/api.w.org\/{rel}","templated":true}]}}