{"id":8,"date":"2018-07-08T03:10:34","date_gmt":"2018-07-08T03:10:34","guid":{"rendered":"http:\/\/tf.themedraft.com\/wp\/xzopro\/?page_id=8"},"modified":"2025-07-29T18:04:01","modified_gmt":"2025-07-29T15:04:01","slug":"home","status":"publish","type":"page","link":"https:\/\/www.boyacihamdiusta.com\/","title":{"rendered":"Home"},"content":{"rendered":"<p>[vc_row full_width=&#8221;stretch_row_content_no_spaces&#8221;][vc_column]\n\n\n        <script>\n\t        jQuery(window).load(function(){\n                var homeslider = jQuery(\"#slider-wrapper\");\n\n\t            homeslider.owlCarousel({\n\t                items: 1,\n\t                loop: true,\n\t                autoplay: true,\n\t                autoplayTimeout: 4000,\n\t                nav: true,\n\t                smartSpeed:1000,\n                            animateIn: \"fadeIn\",\n                            animateOut: \"fadeOut\",\n\t                dots: true,\n\t                mouseDrag: false,\n\t                navText: [\"<i class='fa fa-angle-left'><\/i>\", \"<i class='fa fa-angle-right'><\/i>\"],\n\t            });\n\t            homeslider.on(\"translate.owl.carousel\", function(){\n                    var layer = jQuery(\"[data-animation]\");\n                    layer.each(function() {\n                        var anim_name = jQuery(this).data(\"animation\");\n                        jQuery(this).removeClass(\"animated \" + anim_name).css(\"opacity\", \"0\");\n                    });\n                });\n\n                jQuery(\"[data-delay]\").each(function () {\n                    var anim_del = jQuery(this).data(\"delay\");\n                    jQuery(this).css(\"animation-delay\", anim_del);\n                });\n\n                jQuery(\"[data-duration]\").each(function () {\n                    var anim_dur = jQuery(this).data(\"duration\");\n                    jQuery(this).css(\"animation-duration\", anim_dur);\n                });\n\n                homeslider.on(\"translated.owl.carousel\", function () {\n                    var layer = homeslider.find(\".owl-item.active\").find(\"[data-animation]\");\n                    layer.each(function () {\n                        var anim_name = jQuery(this).data(\"animation\");\n                        jQuery(this).addClass(\"animated \" + anim_name).css(\"opacity\", \"1\");\n                    });\n                });            \n\t        })\n\t    <\/script>\n\t    \n        <div class=\"slider-main-wrapper \">\n            <div id=\"slider-wrapper\" class=\"slider-wrapper owl-carousel\">    \n                <div class=\"single-slide-item\" style=\"background-image: url(https:\/\/www.boyacihamdiusta.com\/wp-content\/uploads\/2020\/11\/interior-has-armchair-empty-white-wall-background-3d-rendering-scaled.jpg)\"><div class=\"slider-overlay\" style=\"background: rgba(0,0,0,0.01); opacity: \"><\/div>    \n                    <div class=\"slide-content-wrapper \">\n                        <div class=\"container\">\n                            <div class=\"row\">\n                                <div class=\"col-xl-8 col-lg-9 offset-xl-0 offset-lg-0 col-md-10 col-11\">\n                                        <h2 class=\"slide-title\" data-animation=\"fadeInUp\" data-duration=\".4s\">\u00dccretsiz Ke\u015fif Hizmeti<\/h2>\n                                        <h2 class=\"bold-title\" data-animation=\"fadeInUp\" data-duration=\".4s\" data-delay=\".3s\">H\u0131zl\u0131 ve G\u00fcvenilir Ke\u015fif<\/h2><div data-animation=\"fadeInUp\" data-duration=\".4s\" data-delay=\".6s\"><p>Profesyonel ekibimiz ile k\u0131sa s\u00fcrede fiyatland\u0131rma yap\u0131yoruz.<\/p>\n<\/div>\n                                <\/div>\n                            <\/div>\n                        <\/div>\n                    <\/div>\n                <\/div>\n                \n                <div class=\"single-slide-item\" style=\"background-image: url(https:\/\/www.boyacihamdiusta.com\/wp-content\/uploads\/2018\/07\/mdern1.jpg)\"><div class=\"slider-overlay\" style=\"background: rgba(0,0,0,0.01); opacity: 0\"><\/div>    \n                    <div class=\"slide-content-wrapper \">\n                        <div class=\"container\">\n                            <div class=\"row\">\n                                <div class=\"col-xl-8 col-lg-9 offset-xl-0 offset-lg-0 col-md-10 col-11\">\n                                        <h2 class=\"slide-title\" data-animation=\"fadeInUp\" data-duration=\".4s\">Tadilat ve Boyama Hizmeti<\/h2>\n                                        <h2 class=\"bold-title\" data-animation=\"fadeInUp\" data-duration=\".4s\" data-delay=\".3s\">Boyac\u0131 Hamdi Usta ve Ekibi<\/h2><div data-animation=\"fadeInUp\" data-duration=\".4s\" data-delay=\".6s\"><p>Evlerinde yenilik ve De\u011fi\u015fiklik istiyorsan\u0131z hemen ileti\u015fime ge\u00e7in.<\/p>\n<\/div>\n                                <\/div>\n                            <\/div>\n                        <\/div>\n                    <\/div>\n                <\/div>\n                \n                <div class=\"single-slide-item\" style=\"background-image: url(https:\/\/www.boyacihamdiusta.com\/wp-content\/uploads\/2018\/07\/mdern2.jpg)\"><div class=\"slider-overlay\" style=\"background: rgba(0,0,0,0.01); opacity: 0\"><\/div>    \n                    <div class=\"slide-content-wrapper \">\n                        <div class=\"container\">\n                            <div class=\"row\">\n                                <div class=\"col-xl-8 col-lg-9 offset-xl-0 offset-lg-0 col-md-10 col-11\">\n                                        <h2 class=\"slide-title\" data-animation=\"fadeInUp\" data-duration=\".4s\">Ev ve \u0130\u015fyeri Boyama Hizmeti<\/h2>\n                                        <h2 class=\"bold-title\" data-animation=\"fadeInUp\" data-duration=\".4s\" data-delay=\".3s\">1 veya 2 g\u00fcnde i\u015f teslimi<\/h2><div data-animation=\"fadeInUp\" data-duration=\".4s\" data-delay=\".6s\"><p>Boyac\u0131 Hamdi Usta ve ekibi sayesinde evlerinde ve i\u015ferinizde h\u0131zl\u0131 boyama..<\/p>\n<\/div>\n                                <\/div>\n                            <\/div>\n                        <\/div>\n                    <\/div>\n                <\/div>\n                \n            <\/div>\n        <\/div> [\/vc_column][\/vc_row][vc_row css=&#8221;.vc_custom_1534588396610{padding-top: 90px !important;}&#8221;][vc_column][vc_custom_heading text=&#8221;Boyac\u0131 Hamdi Usta | \u0130stanbul Boyac\u0131 Ustas\u0131&#8221; font_container=&#8221;tag:h1|text_align:center|color:%231e73be&#8221; use_theme_fonts=&#8221;yes&#8221;][vc_column_text]<\/p>\n<p data-start=\"124\" data-end=\"599\"><strong data-start=\"124\" data-end=\"145\">Boyac\u0131 Hamdi Usta<\/strong> olarak, y\u0131llar\u0131n deneyimi ve profesyonelli\u011fi ile \u0130stanbul&#8217;un her semtinde ve <strong data-start=\"223\" data-end=\"240\">Kocaeli \u0130zmit<\/strong> gibi \u00e7evre illerde <strong data-start=\"260\" data-end=\"268\">boya<\/strong>, <strong data-start=\"270\" data-end=\"281\">tadilat<\/strong> ve <strong data-start=\"285\" data-end=\"299\">dekorasyon<\/strong> hizmetleri sunuyoruz. M\u00fc\u015fterilerimize estetik ve uzun \u00f6m\u00fcrl\u00fc mekanlar yaratma konusunda uzmanla\u015fm\u0131\u015f bir ekibe sahibiz. \u0130\u00e7 ve d\u0131\u015f mekanlarda ger\u00e7ekle\u015ftirdi\u011fimiz <strong data-start=\"460\" data-end=\"475\">boya badana<\/strong>, <strong data-start=\"477\" data-end=\"490\">al\u00e7\u0131 s\u0131va<\/strong>, <strong data-start=\"492\" data-end=\"515\">kartonpiyer montaj\u0131<\/strong>, <strong data-start=\"517\" data-end=\"530\">mantolama<\/strong> ve <strong data-start=\"534\" data-end=\"550\">\u0131s\u0131 yal\u0131t\u0131m\u0131<\/strong> gibi hizmetlerle ya\u015fam alanlar\u0131n\u0131z\u0131 yeniliyoruz.<\/p>\n<p data-start=\"601\" data-end=\"942\"><strong data-start=\"601\" data-end=\"622\">Boyac\u0131 Hamdi Usta<\/strong> olarak, m\u00fc\u015fteri memnuniyetini her zaman \u00f6n planda tutuyoruz. Her projeye kendi i\u015fimiz gibi yakla\u015farak, kaliteli malzemeler ve detayl\u0131 i\u015f\u00e7ilikle projelerinizi zaman\u0131nda teslim ediyoruz. \u0130ster evinizi, ister i\u015f yerinizi ya da ticari alan\u0131n\u0131z\u0131 yenilemek isteyin, ekibimiz her t\u00fcrl\u00fc ihtiyac\u0131n\u0131za uygun \u00e7\u00f6z\u00fcmler sunmaktad\u0131r.<\/p>\n<p>[\/vc_column_text][vc_row_inner css=&#8221;.vc_custom_1529159823291{padding-bottom: 70px !important;}&#8221;][vc_column_inner width=&#8221;1\/3&#8243;]\n        <div class=\"single-about-box-wrap \">\n            <div class=\"about-box-content\">\n                <div class=\"about-box-top-icon\">\n                    <i class=\"flaticon-xzopro-placeholder\"><\/i>\n                <\/div>\n                <h5>Hizmet B\u00f6lgelerimiz<\/h5>\n                <p>\u0130stanbul&#039;un Avrupa ve Anadolu Yakas\u0131&#039;nda, Kocaeli \u0130zmit&#039;te ve \u00e7evresindeki b\u00f6lgelerde boya, tadilat ve dekorasyon hizmetleri sunuyoruz. Kad\u0131k\u00f6y, \u00dcsk\u00fcdar, Ata\u015fehir, Bak\u0131rk\u00f6y gibi bir\u00e7ok semtte kaliteli hizmet veriyoruz.<\/p>\n                <a href=\"https:\/\/www.boyacihamdiusta.com\/index.php\/digital-solution-provider-2\/\" class=\"about-box-link\">\n                    <i class=\"fa fa-angle-right\"><\/i>\n                <\/a>   \n            <\/div>\n        <\/div>\n    [\/vc_column_inner][vc_column_inner width=&#8221;1\/3&#8243;]\n        <div class=\"single-about-box-wrap \">\n            <div class=\"about-box-content\">\n                <div class=\"about-box-top-icon\">\n                    <i class=\"flaticon-sam-browser\"><\/i>\n                <\/div>\n                <h5>Hizmetlerimiz<\/h5>\n                <p>Boyac\u0131 Hamdi Usta olarak, boyal\u0131, \u015f\u0131k ve estetik mekanlar yarat\u0131yoruz. \u0130\u00e7 ve d\u0131\u015f mekan boyama, al\u00e7\u0131 s\u0131va, kartonpiyer montaj\u0131, mantolama ve \u0131s\u0131 yal\u0131t\u0131m\u0131 gibi i\u015flemleri profesyonelce yap\u0131yoruz.<\/p>\n                <a href=\"https:\/\/www.boyacihamdiusta.com\/index.php\/digital-solution-provider-2\/\" class=\"about-box-link\">\n                    <i class=\"fa fa-angle-right\"><\/i>\n                <\/a>   \n            <\/div>\n        <\/div>\n    [\/vc_column_inner][vc_column_inner width=&#8221;1\/3&#8243;]\n        <div class=\"single-about-box-wrap \">\n            <div class=\"about-box-content\">\n                <div class=\"about-box-top-icon\">\n                    <i class=\"flaticon-xzopro-help\"><\/i>\n                <\/div>\n                <h5>Neden Biz?<\/h5>\n                <p>Y\u0131llar\u0131n verdi\u011fi deneyim ve profesyonel ekibimizle zaman\u0131nda teslimat, kaliteli malzeme kullan\u0131m\u0131 ve ekonomik \u00e7\u00f6z\u00fcmler ile hizmet sunuyoruz. Boyac\u0131 Hamdi Usta olarak m\u00fc\u015fteri memnuniyetini her zaman \u00f6n planda tutuyoruz.<\/p>\n                <a href=\"https:\/\/www.boyacihamdiusta.com\/index.php\/digital-solution-provider-2\/\" class=\"about-box-link\">\n                    <i class=\"fa fa-angle-right\"><\/i>\n                <\/a>   \n            <\/div>\n        <\/div>\n    [\/vc_column_inner][\/vc_row_inner][\/vc_column][\/vc_row][vc_row css=&#8221;.vc_custom_1529464930805{padding-top: 92px !important;}&#8221;][vc_column][vc_custom_heading text=&#8221;\u0130stanbul Avrupa ve Anadolu Yakas\u0131 Profesyonel Boyac\u0131 Hizmeti&#8221; font_container=&#8221;tag:h2|text_align:left|color:%231e73be&#8221; use_theme_fonts=&#8221;yes&#8221;][vc_column_text]<\/p>\n<h3 data-section-id=\"1g0tj48\" data-start=\"155\" data-end=\"233\"><strong data-start=\"159\" data-end=\"233\">Boyac\u0131 Hamdi Usta | Profesyonel Boya, Tadilat ve Dekorasyon Hizmetleri<\/strong><\/h3>\n<p data-start=\"235\" data-end=\"787\"><strong data-start=\"235\" data-end=\"256\">Boyac\u0131 Hamdi Usta<\/strong> olarak, <strong data-start=\"265\" data-end=\"305\">\u0130stanbul\u2019un Avrupa ve Anadolu Yakas\u0131<\/strong>&#8216;nda, <strong data-start=\"311\" data-end=\"328\">Kocaeli \u0130zmit<\/strong> gibi \u00e7evre illerde y\u0131llar\u0131n verdi\u011fi tecr\u00fcbe ile kaliteli <strong data-start=\"386\" data-end=\"394\">boya<\/strong>, <strong data-start=\"396\" data-end=\"407\">tadilat<\/strong> ve <strong data-start=\"411\" data-end=\"425\">dekorasyon<\/strong> hizmetleri sunuyoruz. <strong data-start=\"448\" data-end=\"463\">Boya badana<\/strong>, <strong data-start=\"465\" data-end=\"488\">kartonpiyer montaj\u0131<\/strong>, <strong data-start=\"490\" data-end=\"503\">al\u00e7\u0131 s\u0131va<\/strong>, <strong data-start=\"505\" data-end=\"518\">mantolama<\/strong>, <strong data-start=\"520\" data-end=\"536\">\u0131s\u0131 yal\u0131t\u0131m\u0131<\/strong> ve <strong data-start=\"540\" data-end=\"566\">anahtar teslim tadilat<\/strong> gibi i\u015flemleri uzman ekibimizle h\u0131zl\u0131 ve profesyonel bir \u015fekilde ger\u00e7ekle\u015ftiriyoruz. M\u00fc\u015fterilerimize <strong data-start=\"668\" data-end=\"711\">estetik, \u015f\u0131k ve konforlu ya\u015fam alanlar\u0131<\/strong> yaratma konusunda her zaman g\u00fcvenilir bir \u00e7\u00f6z\u00fcm orta\u011f\u0131 olmay\u0131 hedefliyoruz.<\/p>\n<h3 data-section-id=\"76scyg\" data-start=\"789\" data-end=\"824\"><strong data-start=\"793\" data-end=\"824\">\u0130\u00e7 ve D\u0131\u015f Mekan Boya Badana<\/strong><\/h3>\n<p data-start=\"826\" data-end=\"1156\">Evlerinizin, ofislerinizin veya i\u015f yerlerinizin i\u00e7 ve d\u0131\u015f mekanlar\u0131n\u0131 <strong data-start=\"896\" data-end=\"917\">Boyac\u0131 Hamdi Usta<\/strong> fark\u0131yla yeniliyoruz. <strong data-start=\"940\" data-end=\"955\">Boya badana<\/strong> hizmetimizle mekanlar\u0131n\u0131za modern ve estetik bir dokunu\u015f kat\u0131yoruz. Y\u00fcksek kaliteli boyalarla yap\u0131lan uygulamalar, uzun s\u00fcre dayan\u0131kl\u0131l\u0131\u011f\u0131n\u0131 korur ve mek\u00e2n\u0131n\u0131za zarif bir hava katman\u0131za yard\u0131mc\u0131 olur.<\/p>\n<h3 data-section-id=\"jb1f9u\" data-start=\"1158\" data-end=\"1211\"><strong data-start=\"1162\" data-end=\"1211\">Kartonpiyer Montaj\u0131 ve Al\u00e7\u0131 S\u0131va Uygulamalar\u0131<\/strong><\/h3>\n<p data-start=\"1213\" data-end=\"1564\"><strong data-start=\"1213\" data-end=\"1234\">Boyac\u0131 Hamdi Usta<\/strong> olarak, i\u00e7 mekanlar\u0131n\u0131za zarif bir atmosfer kazand\u0131rmak i\u00e7in <strong data-start=\"1296\" data-end=\"1319\">kartonpiyer montaj\u0131<\/strong> ve <strong data-start=\"1323\" data-end=\"1336\">al\u00e7\u0131 s\u0131va<\/strong> uygulamalar\u0131 yap\u0131yoruz. Bu uygulamalarla duvarlar\u0131n\u0131za p\u00fcr\u00fczs\u00fcz bir y\u00fczey kazand\u0131rarak, mekan\u0131n\u0131za \u015f\u0131kl\u0131k kat\u0131yoruz. Estetik ve fonksiyonellik a\u00e7\u0131s\u0131ndan \u00fcst\u00fcn sonu\u00e7lar elde etmek i\u00e7in her zaman kaliteli malzemeler kullan\u0131yoruz.<\/p>\n<h3 data-section-id=\"1l9j2of\" data-start=\"1566\" data-end=\"1610\"><strong data-start=\"1570\" data-end=\"1610\">Mantolama ve Is\u0131 Yal\u0131t\u0131m\u0131 Hizmetleri<\/strong><\/h3>\n<p data-start=\"1612\" data-end=\"1943\">D\u0131\u015f cephelerinizi sadece estetik a\u00e7\u0131dan g\u00fczelle\u015ftirmekle kalm\u0131yoruz, ayn\u0131 zamanda <strong data-start=\"1694\" data-end=\"1707\">mantolama<\/strong> ve <strong data-start=\"1711\" data-end=\"1727\">\u0131s\u0131 yal\u0131t\u0131m\u0131<\/strong> uygulamalar\u0131 ile binalar\u0131n\u0131z\u0131n enerji verimlili\u011fini art\u0131r\u0131yoruz. Bu sayede k\u0131\u015f\u0131n s\u0131cak, yaz\u0131n ise serin bir ortamda ya\u015famay\u0131 m\u00fcmk\u00fcn k\u0131l\u0131yoruz. Hem \u00e7evreye duyarl\u0131 hem de enerji tasarrufu sa\u011flayan \u00e7\u00f6z\u00fcmler sunuyoruz.<\/p>\n<h3 data-section-id=\"1om7h6h\" data-start=\"1945\" data-end=\"1986\"><strong data-start=\"1949\" data-end=\"1986\">Anahtar Teslim Tadilat Hizmetleri<\/strong><\/h3>\n<p data-start=\"1988\" data-end=\"2350\"><strong data-start=\"1988\" data-end=\"2009\">Boyac\u0131 Hamdi Usta<\/strong> olarak, <strong data-start=\"2018\" data-end=\"2044\">anahtar teslim tadilat<\/strong> hizmetlerimizle, i\u00e7 ve d\u0131\u015f mekanlar\u0131n\u0131zdaki t\u00fcm yenileme ve onar\u0131m i\u015flerinizi h\u0131zl\u0131 ve profesyonel bir \u015fekilde yap\u0131yoruz. Elektrik, tesisat, al\u00e7\u0131, s\u0131va ve di\u011fer t\u00fcm tadilat i\u015flerinizde, tek bir \u00e7at\u0131 alt\u0131nda t\u00fcm ihtiya\u00e7lar\u0131n\u0131za \u00e7\u00f6z\u00fcm \u00fcretiyoruz. Y\u00fcksek kaliteli i\u015f\u00e7ilikle mekanlar\u0131n\u0131z\u0131 tamamen yeniliyoruz.<\/p>\n<p>[\/vc_column_text][\/vc_column][\/vc_row][vc_row full_width=&#8221;stretch_row_content&#8221; css=&#8221;.vc_custom_1534850320163{padding-top: 92px !important;padding-bottom: 100px !important;background-color: #f7f7f7 !important;}&#8221;][vc_column]\n        <div class=\"section-title-wrapper \" style=\"color: #505050\">\n            <div class=\"row text-center\">\n                <div class=\"col-xl-6 offset-xl-3 col-lg-8 offset-lg-2 col-md-10 offset-md-1\">  \n                    <h2 class=\"section-title\" style=\"color:#0a6db7\">Neden Boyac\u0131 Hamdi Usta?<\/h2>\n                    <ul class=\"title-shape no-list-style text-center\">\n                        <li style=\"background: #0a6db7\"><\/li>\n                        <li style=\"background: #0a6db7\"><\/li>\n                        <li style=\"background: #0a6db7\"><\/li>\n                    <\/ul>\n                    \n                <\/div>\n            <\/div>   \n        <\/div>\n    [vc_column_text]<\/p>\n<p data-start=\"99\" data-end=\"489\"><strong data-start=\"99\" data-end=\"120\">Boyac\u0131 Hamdi Usta<\/strong> olarak, y\u0131llar\u0131n verdi\u011fi deneyimle \u0130stanbul\u2019un her b\u00f6lgesinde kaliteli <strong data-start=\"192\" data-end=\"200\">boya<\/strong>, <strong data-start=\"202\" data-end=\"213\">tadilat<\/strong> ve <strong data-start=\"217\" data-end=\"231\">dekorasyon<\/strong> hizmeti sunuyoruz. \u0130ster evinizde, ister ofisinizde, <strong data-start=\"285\" data-end=\"304\">i\u00e7 mekan boyama<\/strong>, <strong data-start=\"306\" data-end=\"328\">d\u0131\u015f cephe tadilat\u0131<\/strong>, <strong data-start=\"330\" data-end=\"353\">kartonpiyer montaj\u0131<\/strong>, <strong data-start=\"355\" data-end=\"368\">al\u00e7\u0131 s\u0131va<\/strong> ve <strong data-start=\"372\" data-end=\"385\">mantolama<\/strong> gibi t\u00fcm dekorasyon ihtiya\u00e7lar\u0131n\u0131z\u0131 profesyonelce kar\u015f\u0131l\u0131yoruz. \u0130\u015fte bizi tercih etmeniz i\u00e7in nedenler:<\/p>\n<p data-start=\"491\" data-end=\"871\">\u0130lk olarak, <strong data-start=\"503\" data-end=\"524\">Boyac\u0131 Hamdi Usta<\/strong> olarak alan\u0131nda uzman ve deneyimli bir ekiple \u00e7al\u0131\u015f\u0131yoruz. Y\u0131llar\u0131n verdi\u011fi tecr\u00fcbe sayesinde her t\u00fcr <strong data-start=\"627\" data-end=\"652\">boya ve tadilat i\u015fini<\/strong> y\u00fcksek kaliteyle yap\u0131yoruz. <strong data-start=\"681\" data-end=\"693\">\u0130stanbul<\/strong> ve <strong data-start=\"697\" data-end=\"714\">Kocaeli \u0130zmit<\/strong>\u2019te hizmet verdi\u011fimiz her projede, <strong data-start=\"749\" data-end=\"772\">m\u00fc\u015fteri memnuniyeti<\/strong> bizim \u00f6nceli\u011fimizdir. Projelerinizi en k\u0131sa s\u00fcrede ve eksiksiz olarak tamamlamak i\u00e7in \u00e7al\u0131\u015f\u0131yoruz.<\/p>\n<p data-start=\"873\" data-end=\"1149\">Kullan\u0131c\u0131 dostu ve y\u00fcksek kaliteli malzemeler kullanarak mekanlar\u0131n\u0131zda uzun s\u00fcre dayan\u0131kl\u0131 ve \u015f\u0131k sonu\u00e7lar elde ediyoruz. <strong data-start=\"996\" data-end=\"1011\">Boya badana<\/strong>, <strong data-start=\"1013\" data-end=\"1026\">mantolama<\/strong>, <strong data-start=\"1028\" data-end=\"1051\">kartonpiyer montaj\u0131<\/strong> gibi i\u015flemleri <strong data-start=\"1067\" data-end=\"1099\">y\u00fcksek kaliteli malzemelerle<\/strong> yaparak mek\u00e2n\u0131n\u0131za estetik bir dokunu\u015f kat\u0131yoruz.<\/p>\n<p data-start=\"1151\" data-end=\"1435\">Zaman\u0131nda teslimat ve uygun fiyat politikas\u0131 ile her b\u00fct\u00e7eye hitap ediyoruz. <strong data-start=\"1228\" data-end=\"1249\">Boyac\u0131 Hamdi Usta<\/strong> olarak, <strong data-start=\"1258\" data-end=\"1284\">\u0130stanbul\u2019un her il\u00e7esi<\/strong> ve \u00e7evresindeki b\u00f6lgelere, her projeyi b\u00fct\u00e7enize uygun \u015fekilde sunuyoruz. Sizin i\u00e7in do\u011fru fiyatlarla kaliteli hizmet sunmak bizim i\u00e7in \u00e7ok \u00f6nemlidir.<\/p>\n<p data-start=\"1437\" data-end=\"1663\">\u0130htiyac\u0131n\u0131z olan her t\u00fcrl\u00fc tadilat ve dekorasyon hizmeti i\u00e7in, <strong data-start=\"1500\" data-end=\"1521\">Boyac\u0131 Hamdi Usta<\/strong> ekibi olarak yan\u0131n\u0131zday\u0131z. \u0130stanbul\u2019un her semtinde <strong data-start=\"1574\" data-end=\"1615\">boyal\u0131, \u015f\u0131k ve estetik ya\u015fam alanlar\u0131<\/strong> yaratmak i\u00e7in bizimle ileti\u015fime ge\u00e7ebilirsiniz.<\/p>\n<p>[\/vc_column_text][\/vc_column][\/vc_row][vc_row full_width=&#8221;stretch_row&#8221; css=&#8221;.vc_custom_1534853220712{padding-top: 60px !important;padding-bottom: 65px !important;background-color: #f7f7f7 !important;}&#8221;][vc_column width=&#8221;1\/4&#8243;]\n\t\t<div class=\"counter-box-table \">\n            <div class=\"counter-box-cell\">    \n                <div class=\"single-counter-box\">\n                    <div class=\"count-content\">\n                        <div class=\"count-icon\">\n                            <i class=\"flaticon-new-contract\"><\/i>\n                        <\/div>\n                        <div class=\"count-number\">845<\/div><span><\/span>\n                        <div class=\"count-text\">Boyama i\u015flemi<\/div>\n                    <\/div>\n                <\/div>            \n            <\/div>\n\t\t<\/div>\n    [\/vc_column][vc_column width=&#8221;1\/4&#8243;]\n\t\t<div class=\"counter-box-table \">\n            <div class=\"counter-box-cell\">    \n                <div class=\"single-counter-box\">\n                    <div class=\"count-content\">\n                        <div class=\"count-icon\">\n                            <i class=\"flaticon-new-team\"><\/i>\n                        <\/div>\n                        <div class=\"count-number\">26<\/div><span><\/span>\n                        <div class=\"count-text\">Profesyonel Usta<\/div>\n                    <\/div>\n                <\/div>            \n            <\/div>\n\t\t<\/div>\n    [\/vc_column][vc_column width=&#8221;1\/4&#8243;]\n\t\t<div class=\"counter-box-table \">\n            <div class=\"counter-box-cell\">    \n                <div class=\"single-counter-box\">\n                    <div class=\"count-content\">\n                        <div class=\"count-icon\">\n                            <i class=\"flaticon-new-boy-smiling\"><\/i>\n                        <\/div>\n                        <div class=\"count-number\">170<\/div><span><\/span>\n                        <div class=\"count-text\">Mutlu M\u00fc\u015fteri<\/div>\n                    <\/div>\n                <\/div>            \n            <\/div>\n\t\t<\/div>\n    [\/vc_column][vc_column width=&#8221;1\/4&#8243;]\n\t\t<div class=\"counter-box-table \">\n            <div class=\"counter-box-cell\">    \n                <div class=\"single-counter-box\">\n                    <div class=\"count-content\">\n                        <div class=\"count-icon\">\n                            <i class=\"flaticon-new-coffee-cup\"><\/i>\n                        <\/div>\n                        <div class=\"count-number\">451<\/div><span><\/span>\n                        <div class=\"count-text\">i\u015fyeri ve ofis boyama<\/div>\n                    <\/div>\n                <\/div>            \n            <\/div>\n\t\t<\/div>\n    [\/vc_column][\/vc_row]<\/p>\n","protected":false},"excerpt":{"rendered":"<p>[vc_row full_width=&#8221;stretch_row_content_no_spaces&#8221;][vc_column][\/vc_column][\/vc_row][vc_row css=&#8221;.vc_custom_1534588396610{padding-top: 90px !important;}&#8221;][vc_column][vc_custom_heading text=&#8221;Boyac\u0131 Hamdi Usta | \u0130stanbul Boyac\u0131 Ustas\u0131&#8221; font_container=&#8221;tag:h1|text_align:center|color:%231e73be&#8221; use_theme_fonts=&#8221;yes&#8221;][vc_column_text] Boyac\u0131 Hamdi Usta olarak, y\u0131llar\u0131n deneyimi ve profesyonelli\u011fi ile \u0130stanbul&#8217;un her semtinde ve Kocaeli \u0130zmit gibi \u00e7evre illerde boya, tadilat ve dekorasyon hizmetleri sunuyoruz. M\u00fc\u015fterilerimize estetik ve uzun \u00f6m\u00fcrl\u00fc mekanlar yaratma konusunda uzmanla\u015fm\u0131\u015f bir ekibe sahibiz. \u0130\u00e7 ve d\u0131\u015f mekanlarda ger\u00e7ekle\u015ftirdi\u011fimiz [&hellip;]<\/p>\n","protected":false},"author":1,"featured_media":0,"parent":0,"menu_order":0,"comment_status":"closed","ping_status":"closed","template":"","meta":{"om_disable_all_campaigns":false,"_monsterinsights_skip_tracking":false,"_monsterinsights_sitenote_active":false,"_monsterinsights_sitenote_note":"","_monsterinsights_sitenote_category":0,"ngg_post_thumbnail":0,"footnotes":""},"class_list":["post-8","page","type-page","status-publish","hentry"],"aioseo_notices":[],"_links":{"self":[{"href":"https:\/\/www.boyacihamdiusta.com\/index.php\/wp-json\/wp\/v2\/pages\/8"}],"collection":[{"href":"https:\/\/www.boyacihamdiusta.com\/index.php\/wp-json\/wp\/v2\/pages"}],"about":[{"href":"https:\/\/www.boyacihamdiusta.com\/index.php\/wp-json\/wp\/v2\/types\/page"}],"author":[{"embeddable":true,"href":"https:\/\/www.boyacihamdiusta.com\/index.php\/wp-json\/wp\/v2\/users\/1"}],"replies":[{"embeddable":true,"href":"https:\/\/www.boyacihamdiusta.com\/index.php\/wp-json\/wp\/v2\/comments?post=8"}],"version-history":[{"count":32,"href":"https:\/\/www.boyacihamdiusta.com\/index.php\/wp-json\/wp\/v2\/pages\/8\/revisions"}],"predecessor-version":[{"id":2941,"href":"https:\/\/www.boyacihamdiusta.com\/index.php\/wp-json\/wp\/v2\/pages\/8\/revisions\/2941"}],"wp:attachment":[{"href":"https:\/\/www.boyacihamdiusta.com\/index.php\/wp-json\/wp\/v2\/media?parent=8"}],"curies":[{"name":"wp","href":"https:\/\/api.w.org\/{rel}","templated":true}]}}